{"id":13804,"date":"2025-04-20T11:06:50","date_gmt":"2025-04-20T15:06:50","guid":{"rendered":"https:\/\/mawuartgallery.com\/?post_type=product&#038;p=13804"},"modified":"2026-02-02T10:45:07","modified_gmt":"2026-02-02T14:45:07","slug":"mindscape-the-battle-within","status":"publish","type":"product","link":"https:\/\/mawuartgallery.com\/fr\/produit\/mindscape-the-battle-within\/","title":{"rendered":"PAYSAGE MENTAL : La bataille int\u00e9rieure"},"content":{"rendered":"<p class=\"\" data-start=\"155\" data-end=\"577\"><em data-start=\"155\" data-end=\"185\">PAYSAGE MENTAL : La bataille int\u00e9rieure<\/em> explore le terrain invisible mais tumultueux de l'esprit humain. Dans cette \u0153uvre introspective, Olaonipekun visualise les conflits psychologiques et \u00e9motionnels qui fa\u00e7onnent notre monde int\u00e9rieur. Des formes fragment\u00e9es, des textures contrast\u00e9es et un symbolisme stratifi\u00e9 r\u00e9v\u00e8lent un paysage o\u00f9 la lumi\u00e8re et l'obscurit\u00e9 coexistent, o\u00f9 la clart\u00e9 lutte contre la confusion et o\u00f9 la s\u00e9r\u00e9nit\u00e9 est continuellement remise en question par le chaos.<\/p>\n<p>&nbsp;<\/p>\n<p class=\"\" data-start=\"579\" data-end=\"952\">L'\u0153uvre devient le miroir de l'\u00e2me, vive, brute et sans filtre. \u00c0 travers son style expressif caract\u00e9ristique, Olaonipekun invite les spectateurs \u00e0 affronter leurs propres conflits int\u00e9rieurs et \u00e0 accepter la complexit\u00e9 de l'existence. <em data-start=\"794\" data-end=\"813\">La bataille int\u00e9rieure<\/em> ne traite pas seulement de la douleur ou de la r\u00e9sistance, mais aussi de la r\u00e9silience, de l'acceptation et du cheminement continu vers l'\u00e9quilibre mental et \u00e9motionnel.<\/p>","protected":false},"excerpt":{"rendered":"<h6><strong>Artiste : <\/strong><strong><span style=\"color: #0000ff;\"><a style=\"color: #0000ff;\" href=\"https:\/\/mawuartgallery.com\/fr\/portfolio-item\/olaonipekun-samuel-onafuye\/\">OLAONIPEKUN SAMUEL ONAFUYE<\/a><\/span><\/strong><\/h6>\n<p>Acrylique sur toile<br \/>\n(35 x 23 in. \/ 88 x 58 cm)<br \/>\nCr\u00e9\u00e9e en 2024<\/p>\n<p>&nbsp;<\/p>\n<h6>\ud83d\udd04Dans cette ench\u00e8re invers\u00e9e, le prix baisse quotidiennement\ud83d\udcc9. SOYEZ LE 1er ou la 1re \u00e0 atteindre le myst\u00e9rieux prix minimum de l'artiste\ud83c\udfafet l'\u0153uvre\ud83d\uddbc\ufe0f est \u00e0 vous! Ench\u00e9rissez avec audace!<\/h6>\n<p>&nbsp;<\/p>\n<p><strong>LIVRAISON GRATUITE POUR TOUTES LES COMMANDES<\/strong><\/p>","protected":false},"featured_media":13807,"comment_status":"open","ping_status":"closed","template":"","meta":{"nf_dc_page":""},"product_brand":[],"product_cat":[112,43],"product_tag":[32,34,42],"class_list":{"0":"post-13804","1":"product","2":"type-product","3":"status-publish","4":"has-post-thumbnail","6":"product_cat-acrylic","7":"product_cat-paintings","8":"product_tag-art","9":"product_tag-color","10":"product_tag-painting","11":"product_shipping_class-mailing-tube","13":"first","14":"instock","15":"sold-individually","16":"shipping-taxable","17":"purchasable","18":"product-type-auction"},"_links":{"self":[{"href":"https:\/\/mawuartgallery.com\/fr\/wp-json\/wp\/v2\/product\/13804","targetHints":{"allow":["GET"]}}],"collection":[{"href":"https:\/\/mawuartgallery.com\/fr\/wp-json\/wp\/v2\/product"}],"about":[{"href":"https:\/\/mawuartgallery.com\/fr\/wp-json\/wp\/v2\/types\/product"}],"replies":[{"embeddable":true,"href":"https:\/\/mawuartgallery.com\/fr\/wp-json\/wp\/v2\/comments?post=13804"}],"version-history":[{"count":1,"href":"https:\/\/mawuartgallery.com\/fr\/wp-json\/wp\/v2\/product\/13804\/revisions"}],"predecessor-version":[{"id":17543,"href":"https:\/\/mawuartgallery.com\/fr\/wp-json\/wp\/v2\/product\/13804\/revisions\/17543"}],"wp:featuredmedia":[{"embeddable":true,"href":"https:\/\/mawuartgallery.com\/fr\/wp-json\/wp\/v2\/media\/13807"}],"wp:attachment":[{"href":"https:\/\/mawuartgallery.com\/fr\/wp-json\/wp\/v2\/media?parent=13804"}],"wp:term":[{"taxonomy":"product_brand","embeddable":true,"href":"https:\/\/mawuartgallery.com\/fr\/wp-json\/wp\/v2\/product_brand?post=13804"},{"taxonomy":"product_cat","embeddable":true,"href":"https:\/\/mawuartgallery.com\/fr\/wp-json\/wp\/v2\/product_cat?post=13804"},{"taxonomy":"product_tag","embeddable":true,"href":"https:\/\/mawuartgallery.com\/fr\/wp-json\/wp\/v2\/product_tag?post=13804"}],"curies":[{"name":"wp","href":"https:\/\/api.w.org\/{rel}","templated":true}]}}