{"id":13799,"date":"2025-04-20T10:43:19","date_gmt":"2025-04-20T14:43:19","guid":{"rendered":"https:\/\/mawuartgallery.com\/?post_type=product&#038;p=13799"},"modified":"2026-02-02T10:53:07","modified_gmt":"2026-02-02T14:53:07","slug":"danfo-chronicles-golden-hour-commute","status":"publish","type":"product","link":"https:\/\/mawuartgallery.com\/fr\/produit\/danfo-chronicles-golden-hour-commute\/","title":{"rendered":"Chroniques Danfo : L'heure de pointe dor\u00e9e"},"content":{"rendered":"<p><em data-start=\"133\" data-end=\"154\">L'heure de pointe dor\u00e9e<\/em> fait partie de la s\u00e9rie \u00e9vocatrice <em data-start=\"190\" data-end=\"208\">Chroniques Danfo,<\/em> un journal visuel qui explore le rythme effervescent de Lagos \u00e0 travers ses bus jaunes embl\u00e9matiques. Sur fond d'immeubles imposants baign\u00e9s d'une lumi\u00e8re chaude et r\u00e9fl\u00e9chissante, cette \u0153uvre capture la tension entre pr\u00e9cipitation et pause, isolement et exp\u00e9rience partag\u00e9e.<\/p>\n<p>&nbsp;<\/p>\n<p>\u00c0 coups de pinceau expressifs combin\u00e9s \u00e0 des couches de couleurs impressionnistes, Olaonipekun transforme un moment urbain banal en un r\u00e9cit cin\u00e9matographique qui c\u00e9l\u00e8bre la po\u00e9sie du mouvement, la r\u00e9silience de ses habitants et l'\u00e2me textur\u00e9e d'une ville en perp\u00e9tuel mouvement.<\/p>","protected":false},"excerpt":{"rendered":"<h6><strong>Artiste : <\/strong><strong><span style=\"color: #0000ff;\"><a style=\"color: #0000ff;\" href=\"https:\/\/mawuartgallery.com\/fr\/portfolio-item\/olaonipekun-samuel-onafuye\/\">OLAONIPEKUN SAMUEL ONAFUYE<\/a><\/span><\/strong><\/h6>\n<p>Acrylique sur toile<br \/>\n(35 x 23 in. \/ 88 x 58 cm)<br \/>\nCr\u00e9\u00e9e en 2024<\/p>\n<p>&nbsp;<\/p>\n<h6>\ud83d\udd04Dans cette ench\u00e8re invers\u00e9e, le prix baisse quotidiennement\ud83d\udcc9. SOYEZ LE 1er ou la 1re \u00e0 atteindre le myst\u00e9rieux prix minimum de l'artiste\ud83c\udfafet l'\u0153uvre\ud83d\uddbc\ufe0f est \u00e0 vous! Ench\u00e9rissez avec audace!<\/h6>\n<p>&nbsp;<\/p>\n<p><strong>LIVRAISON GRATUITE POUR TOUTES LES COMMANDES<\/strong><\/p>","protected":false},"featured_media":13802,"comment_status":"open","ping_status":"closed","template":"","meta":{"nf_dc_page":""},"product_brand":[],"product_cat":[112,43],"product_tag":[32,34,42],"class_list":{"0":"post-13799","1":"product","2":"type-product","3":"status-publish","4":"has-post-thumbnail","6":"product_cat-acrylic","7":"product_cat-paintings","8":"product_tag-art","9":"product_tag-color","10":"product_tag-painting","11":"product_shipping_class-mailing-tube","13":"first","14":"instock","15":"sold-individually","16":"shipping-taxable","17":"purchasable","18":"product-type-auction"},"_links":{"self":[{"href":"https:\/\/mawuartgallery.com\/fr\/wp-json\/wp\/v2\/product\/13799","targetHints":{"allow":["GET"]}}],"collection":[{"href":"https:\/\/mawuartgallery.com\/fr\/wp-json\/wp\/v2\/product"}],"about":[{"href":"https:\/\/mawuartgallery.com\/fr\/wp-json\/wp\/v2\/types\/product"}],"replies":[{"embeddable":true,"href":"https:\/\/mawuartgallery.com\/fr\/wp-json\/wp\/v2\/comments?post=13799"}],"version-history":[{"count":1,"href":"https:\/\/mawuartgallery.com\/fr\/wp-json\/wp\/v2\/product\/13799\/revisions"}],"predecessor-version":[{"id":17547,"href":"https:\/\/mawuartgallery.com\/fr\/wp-json\/wp\/v2\/product\/13799\/revisions\/17547"}],"wp:featuredmedia":[{"embeddable":true,"href":"https:\/\/mawuartgallery.com\/fr\/wp-json\/wp\/v2\/media\/13802"}],"wp:attachment":[{"href":"https:\/\/mawuartgallery.com\/fr\/wp-json\/wp\/v2\/media?parent=13799"}],"wp:term":[{"taxonomy":"product_brand","embeddable":true,"href":"https:\/\/mawuartgallery.com\/fr\/wp-json\/wp\/v2\/product_brand?post=13799"},{"taxonomy":"product_cat","embeddable":true,"href":"https:\/\/mawuartgallery.com\/fr\/wp-json\/wp\/v2\/product_cat?post=13799"},{"taxonomy":"product_tag","embeddable":true,"href":"https:\/\/mawuartgallery.com\/fr\/wp-json\/wp\/v2\/product_tag?post=13799"}],"curies":[{"name":"wp","href":"https:\/\/api.w.org\/{rel}","templated":true}]}}