{"id":13793,"date":"2025-04-20T12:10:34","date_gmt":"2025-04-20T16:10:34","guid":{"rendered":"https:\/\/mawuartgallery.com\/?post_type=product&#038;p=13793"},"modified":"2026-02-02T10:57:30","modified_gmt":"2026-02-02T14:57:30","slug":"blooming-identity","status":"publish","type":"product","link":"https:\/\/mawuartgallery.com\/fr\/produit\/blooming-identity\/","title":{"rendered":"Identit\u00e9 florissante"},"content":{"rendered":"<p>Cette \u0153uvre m\u00eale la vitalit\u00e9 organique des fleurs \u00e0 l'essence d'un profil humain, symbolisant l'harmonie entre la nature et l'identit\u00e9. Les chaussures en cuir us\u00e9es en dessous repr\u00e9sentent un voyage, une histoire faite de pas franchis, d'exp\u00e9riences accumul\u00e9es et de l'\u00e9closion de quelque chose de nouveau et de beau malgr\u00e9 les d\u00e9fis de la vie.<\/p>\n<p>&nbsp;<\/p>\n<p>L'\u0153uvre s'inspire du concept yoruba d' <em data-start=\"554\" data-end=\"559\">Ori<\/em>, qui d\u00e9signe le lien entre le destin et le moi int\u00e9rieur. Chaque fleur, chaque coup de pinceau et chaque couleur \u00e9voquent la r\u00e9silience, l'individualit\u00e9 et le processus qui m\u00e8ne \u00e0 l'\u00e9panouissement de sa vocation unique.<\/p>","protected":false},"excerpt":{"rendered":"<h6><strong>Artiste : <\/strong><strong><span style=\"color: #0000ff;\"><a style=\"color: #0000ff;\" href=\"https:\/\/mawuartgallery.com\/fr\/portfolio-item\/olaonipekun-samuel-onafuye\/\">OLAONIPEKUN SAMUEL ONAFUYE<\/a><\/span><\/strong><\/h6>\n<p>Acrylique sur toile<br \/>\n(59 x 47 in. \/ 149 x 119 cm)<br \/>\nCr\u00e9\u00e9e en 2024<\/p>\n<p>&nbsp;<\/p>\n<h6>\ud83d\udd04Dans cette ench\u00e8re invers\u00e9e, le prix baisse quotidiennement\ud83d\udcc9. SOYEZ LE 1er ou la 1re \u00e0 atteindre le myst\u00e9rieux prix minimum de l'artiste\ud83c\udfafet l'\u0153uvre\ud83d\uddbc\ufe0f est \u00e0 vous! Ench\u00e9rissez avec audace!<\/h6>\n<p>&nbsp;<\/p>\n<p><strong>LIVRAISON GRATUITE POUR TOUTES LES COMMANDES<\/strong><\/p>","protected":false},"featured_media":13797,"comment_status":"open","ping_status":"closed","template":"","meta":{"nf_dc_page":""},"product_brand":[],"product_cat":[112,43],"product_tag":[32,34,42],"class_list":{"0":"post-13793","1":"product","2":"type-product","3":"status-publish","4":"has-post-thumbnail","6":"product_cat-acrylic","7":"product_cat-paintings","8":"product_tag-art","9":"product_tag-color","10":"product_tag-painting","11":"product_shipping_class-mailing-tube","13":"first","14":"instock","15":"sold-individually","16":"shipping-taxable","17":"purchasable","18":"product-type-auction"},"_links":{"self":[{"href":"https:\/\/mawuartgallery.com\/fr\/wp-json\/wp\/v2\/product\/13793","targetHints":{"allow":["GET"]}}],"collection":[{"href":"https:\/\/mawuartgallery.com\/fr\/wp-json\/wp\/v2\/product"}],"about":[{"href":"https:\/\/mawuartgallery.com\/fr\/wp-json\/wp\/v2\/types\/product"}],"replies":[{"embeddable":true,"href":"https:\/\/mawuartgallery.com\/fr\/wp-json\/wp\/v2\/comments?post=13793"}],"version-history":[{"count":1,"href":"https:\/\/mawuartgallery.com\/fr\/wp-json\/wp\/v2\/product\/13793\/revisions"}],"predecessor-version":[{"id":17548,"href":"https:\/\/mawuartgallery.com\/fr\/wp-json\/wp\/v2\/product\/13793\/revisions\/17548"}],"wp:featuredmedia":[{"embeddable":true,"href":"https:\/\/mawuartgallery.com\/fr\/wp-json\/wp\/v2\/media\/13797"}],"wp:attachment":[{"href":"https:\/\/mawuartgallery.com\/fr\/wp-json\/wp\/v2\/media?parent=13793"}],"wp:term":[{"taxonomy":"product_brand","embeddable":true,"href":"https:\/\/mawuartgallery.com\/fr\/wp-json\/wp\/v2\/product_brand?post=13793"},{"taxonomy":"product_cat","embeddable":true,"href":"https:\/\/mawuartgallery.com\/fr\/wp-json\/wp\/v2\/product_cat?post=13793"},{"taxonomy":"product_tag","embeddable":true,"href":"https:\/\/mawuartgallery.com\/fr\/wp-json\/wp\/v2\/product_tag?post=13793"}],"curies":[{"name":"wp","href":"https:\/\/api.w.org\/{rel}","templated":true}]}}