{"id":13716,"date":"2025-02-27T15:27:05","date_gmt":"2025-02-27T19:27:05","guid":{"rendered":"https:\/\/mawuartgallery.com\/?post_type=product&#038;p=13716"},"modified":"2026-04-22T08:59:43","modified_gmt":"2026-04-22T12:59:43","slug":"checkered-stage-and-the-maiden-in-distress","status":"publish","type":"product","link":"https:\/\/mawuartgallery.com\/fr\/produit\/checkered-stage-and-the-maiden-in-distress\/","title":{"rendered":"Sc\u00e8ne en damier et jeune fille en d\u00e9tresse"},"content":{"rendered":"<p>Cette \u0153uvre fait partie de la <em data-start=\"26\" data-end=\"43\">s\u00e9rie Derri\u00e8re le voile,<\/em> qui sert d'analogie au paradoxe du Nig\u00e9ria : une nation richement b\u00e9nie, mais accabl\u00e9e par ses difficult\u00e9s sur la sc\u00e8ne internationale. Elle explore \u00e9galement la r\u00e9silience, le courage et la d\u00e9termination in\u00e9branlable qui d\u00e9finissent l'esprit nig\u00e9rian, qui prosp\u00e8re malgr\u00e9 le poids de la stigmatisation internationale.<\/p>","protected":false},"excerpt":{"rendered":"<h6><strong>Artiste : <span style=\"color: #0000ff;\"><a style=\"color: #0000ff;\" href=\"https:\/\/mawuartgallery.com\/fr\/portfolio-item\/peter-eneji\/\">PETER ENEJI<\/a><\/span><\/strong><\/h6>\n<p>Huile sur toile<br \/>\n(121 x 99 cm \/ 48 x 39 po)<br \/>\nCr\u00e9\u00e9e en 2023<\/p>\n<p>&nbsp;<\/p>\n<p><em>Cet article est soigneusement enroul\u00e9 et exp\u00e9di\u00e9 dans un tube d'exp\u00e9dition afin de garantir une livraison en toute s\u00e9curit\u00e9.<\/em><\/p>\n<p>&nbsp;<\/p>\n<p><strong><em>Pour nous assurer que l'\u0153uvre r\u00e9pond \u00e0 vos attentes, nous serions ravis de vous en fournir une vid\u00e9o en haute d\u00e9finition accompagn\u00e9e des commentaires de l'artiste, avant que vous ne proc\u00e9diez \u00e0 l'achat. Pour ce faire, il vous suffit de communiquer avec nous par courriel \u00e0 <a rel=\"noopener\">mawuartgallery@gmail.com<\/a> D\u00e8s r\u00e9ception de votre demande, nous vous ferons parvenir une ou plusieurs vid\u00e9os\/photos selon votre choix.\u00a0<\/em><\/strong><\/p>\n<p>&nbsp;<\/p>\n<p><strong>LIVRAISON GRATUITE POUR TOUTES LES COMMANDES<\/strong><\/p>","protected":false},"featured_media":13719,"comment_status":"open","ping_status":"closed","template":"","meta":{"nf_dc_page":""},"product_brand":[],"product_cat":[70,43],"product_tag":[32,34,42],"class_list":{"0":"post-13716","1":"product","2":"type-product","3":"status-publish","4":"has-post-thumbnail","6":"product_cat-oil-painting","7":"product_cat-paintings","8":"product_tag-art","9":"product_tag-color","10":"product_tag-painting","11":"product_shipping_class-mailing-tube","13":"first","14":"instock","15":"sold-individually","16":"shipping-taxable","17":"purchasable","18":"product-type-simple"},"_links":{"self":[{"href":"https:\/\/mawuartgallery.com\/fr\/wp-json\/wp\/v2\/product\/13716","targetHints":{"allow":["GET"]}}],"collection":[{"href":"https:\/\/mawuartgallery.com\/fr\/wp-json\/wp\/v2\/product"}],"about":[{"href":"https:\/\/mawuartgallery.com\/fr\/wp-json\/wp\/v2\/types\/product"}],"replies":[{"embeddable":true,"href":"https:\/\/mawuartgallery.com\/fr\/wp-json\/wp\/v2\/comments?post=13716"}],"version-history":[{"count":2,"href":"https:\/\/mawuartgallery.com\/fr\/wp-json\/wp\/v2\/product\/13716\/revisions"}],"predecessor-version":[{"id":16536,"href":"https:\/\/mawuartgallery.com\/fr\/wp-json\/wp\/v2\/product\/13716\/revisions\/16536"}],"wp:featuredmedia":[{"embeddable":true,"href":"https:\/\/mawuartgallery.com\/fr\/wp-json\/wp\/v2\/media\/13719"}],"wp:attachment":[{"href":"https:\/\/mawuartgallery.com\/fr\/wp-json\/wp\/v2\/media?parent=13716"}],"wp:term":[{"taxonomy":"product_brand","embeddable":true,"href":"https:\/\/mawuartgallery.com\/fr\/wp-json\/wp\/v2\/product_brand?post=13716"},{"taxonomy":"product_cat","embeddable":true,"href":"https:\/\/mawuartgallery.com\/fr\/wp-json\/wp\/v2\/product_cat?post=13716"},{"taxonomy":"product_tag","embeddable":true,"href":"https:\/\/mawuartgallery.com\/fr\/wp-json\/wp\/v2\/product_tag?post=13716"}],"curies":[{"name":"wp","href":"https:\/\/api.w.org\/{rel}","templated":true}]}}