{"id":13669,"date":"2025-02-17T17:58:02","date_gmt":"2025-02-17T21:58:02","guid":{"rendered":"https:\/\/mawuartgallery.com\/?post_type=product&#038;p=13669"},"modified":"2025-10-16T11:31:27","modified_gmt":"2025-10-16T15:31:27","slug":"city-girl-2","status":"publish","type":"product","link":"https:\/\/mawuartgallery.com\/fr\/produit\/city-girl-2\/","title":{"rendered":"Citadine 2"},"content":{"rendered":"<p>\u00ab Citadine 2 \u00bb est une c\u00e9l\u00e9bration vibrante de la f\u00e9minit\u00e9 africaine moderne, illustrant sa force, sa confiance et son individualit\u00e9. Cette peinture repr\u00e9sente une jeune femme v\u00eatue d'un d\u00e9bardeur et d'un jean d\u00e9chir\u00e9, symboles de r\u00e9silience et d'expression personnelle sans complaisance. Son attitude audacieuse d\u00e9gage une force tranquille qui transcende la tradition tout en s'inscrivant dans le monde contemporain. En elle, nous voyons une fusion de cultures, enracin\u00e9e dans l'h\u00e9ritage africain mais totalement immerg\u00e9e dans le pouls mondial de la vie urbaine.<\/p>","protected":false},"excerpt":{"rendered":"<h6><strong>Artiste : <span style=\"color: #0000ff;\"><a style=\"color: #0000ff;\" href=\"https:\/\/mawuartgallery.com\/fr\/portfolio-item\/winifred-otowa\/\">WINIFRED OTOWA<\/a><\/span><\/strong><\/h6>\n<p>Acrylique sur toile<br \/>\n(91 x 60 cm \/ (36 x 24 po)<br \/>\nCr\u00e9\u00e9e en 2022<\/p>\n<p>&nbsp;<\/p>\n<p><em>Cet article est soigneusement enroul\u00e9 et exp\u00e9di\u00e9 dans un tube d'exp\u00e9dition afin de garantir une livraison en toute s\u00e9curit\u00e9.<\/em><\/p>\n<p>&nbsp;<\/p>\n<p><strong><em>Pour nous assurer que l'\u0153uvre r\u00e9pond \u00e0 vos attentes, nous serions ravis de vous en fournir une vid\u00e9o en haute d\u00e9finition accompagn\u00e9e des commentaires de l'artiste, avant que vous ne proc\u00e9diez \u00e0 l'achat. Pour ce faire, il vous suffit de communiquer avec nous par courriel \u00e0 <a rel=\"noopener\">mawuartgallery@gmail.com<\/a> D\u00e8s r\u00e9ception de votre demande, nous vous ferons parvenir une ou plusieurs vid\u00e9os\/photos selon votre choix.\u00a0<\/em><\/strong><\/p>\n<p>&nbsp;<\/p>\n<p><strong>LIVRAISON GRATUITE POUR TOUTES LES COMMANDES<\/strong><\/p>","protected":false},"featured_media":13672,"comment_status":"open","ping_status":"closed","template":"","meta":{"nf_dc_page":""},"product_brand":[],"product_cat":[112,43],"product_tag":[32,34,42],"class_list":{"0":"post-13669","1":"product","2":"type-product","3":"status-publish","4":"has-post-thumbnail","6":"product_cat-acrylic","7":"product_cat-paintings","8":"product_tag-art","9":"product_tag-color","10":"product_tag-painting","11":"product_shipping_class-mailing-tube","13":"first","14":"instock","15":"sold-individually","16":"shipping-taxable","17":"purchasable","18":"product-type-simple"},"_links":{"self":[{"href":"https:\/\/mawuartgallery.com\/fr\/wp-json\/wp\/v2\/product\/13669","targetHints":{"allow":["GET"]}}],"collection":[{"href":"https:\/\/mawuartgallery.com\/fr\/wp-json\/wp\/v2\/product"}],"about":[{"href":"https:\/\/mawuartgallery.com\/fr\/wp-json\/wp\/v2\/types\/product"}],"replies":[{"embeddable":true,"href":"https:\/\/mawuartgallery.com\/fr\/wp-json\/wp\/v2\/comments?post=13669"}],"version-history":[{"count":2,"href":"https:\/\/mawuartgallery.com\/fr\/wp-json\/wp\/v2\/product\/13669\/revisions"}],"predecessor-version":[{"id":16266,"href":"https:\/\/mawuartgallery.com\/fr\/wp-json\/wp\/v2\/product\/13669\/revisions\/16266"}],"wp:featuredmedia":[{"embeddable":true,"href":"https:\/\/mawuartgallery.com\/fr\/wp-json\/wp\/v2\/media\/13672"}],"wp:attachment":[{"href":"https:\/\/mawuartgallery.com\/fr\/wp-json\/wp\/v2\/media?parent=13669"}],"wp:term":[{"taxonomy":"product_brand","embeddable":true,"href":"https:\/\/mawuartgallery.com\/fr\/wp-json\/wp\/v2\/product_brand?post=13669"},{"taxonomy":"product_cat","embeddable":true,"href":"https:\/\/mawuartgallery.com\/fr\/wp-json\/wp\/v2\/product_cat?post=13669"},{"taxonomy":"product_tag","embeddable":true,"href":"https:\/\/mawuartgallery.com\/fr\/wp-json\/wp\/v2\/product_tag?post=13669"}],"curies":[{"name":"wp","href":"https:\/\/api.w.org\/{rel}","templated":true}]}}