{"id":13641,"date":"2025-02-17T16:10:25","date_gmt":"2025-02-17T20:10:25","guid":{"rendered":"https:\/\/mawuartgallery.com\/?post_type=product&#038;p=13641"},"modified":"2025-10-16T11:27:45","modified_gmt":"2025-10-16T15:27:45","slug":"chop-life","status":"publish","type":"product","link":"https:\/\/mawuartgallery.com\/fr\/produit\/chop-life\/","title":{"rendered":"Profite de la vie"},"content":{"rendered":"<p>La d\u00e9tente et la relaxation sont essentielles au bien-\u00eatre g\u00e9n\u00e9ral. Pour une femme africaine, prendre le temps de se d\u00e9tendre et de profiter de la vie ne devrait pas \u00eatre consid\u00e9r\u00e9 comme extravagant. Malheureusement, cette perspective est souvent n\u00e9glig\u00e9e dans de nombreuses cultures africaines, qui ont tendance \u00e0 sous-estimer les v\u00e9ritables avantages des soins personnels et des loisirs. Il est important de reconna\u00eetre que le repos n'est pas un simple plaisir personnel, mais un \u00e9l\u00e9ment essentiel d'une vie saine et \u00e9quilibr\u00e9e.<\/p>","protected":false},"excerpt":{"rendered":"<h6><strong>Artiste : <span style=\"color: #0000ff;\"><a style=\"color: #0000ff;\" href=\"https:\/\/mawuartgallery.com\/fr\/portfolio-item\/winifred-otowa\/\">WINIFRED OTOWA<\/a><\/span><\/strong><\/h6>\n<p>Graphite, acrylique et huile sur toile<br \/>\n(91 x 91 cm \/ 36 x 36 po)<br \/>\nCr\u00e9\u00e9e en 2023<\/p>\n<p>&nbsp;<\/p>\n<p><em>Cet article est soigneusement enroul\u00e9 et exp\u00e9di\u00e9 dans un tube d'exp\u00e9dition afin de garantir une livraison en toute s\u00e9curit\u00e9.<\/em><\/p>\n<p>&nbsp;<\/p>\n<p><strong><em>Pour nous assurer que l'\u0153uvre r\u00e9pond \u00e0 vos attentes, nous serions ravis de vous en fournir une vid\u00e9o en haute d\u00e9finition accompagn\u00e9e des commentaires de l'artiste, avant que vous ne proc\u00e9diez \u00e0 l'achat. Pour ce faire, il vous suffit de communiquer avec nous par courriel \u00e0 <a rel=\"noopener\">mawuartgallery@gmail.com<\/a> D\u00e8s r\u00e9ception de votre demande, nous vous ferons parvenir une ou plusieurs vid\u00e9os\/photos selon votre choix.\u00a0<\/em><\/strong><\/p>\n<p>&nbsp;<\/p>\n<p><strong>LIVRAISON GRATUITE POUR TOUTES LES COMMANDES<\/strong><\/p>","protected":false},"featured_media":13645,"comment_status":"open","ping_status":"closed","template":"","meta":{"nf_dc_page":""},"product_brand":[],"product_cat":[112,131,70,43],"product_tag":[32,34,42],"class_list":{"0":"post-13641","1":"product","2":"type-product","3":"status-publish","4":"has-post-thumbnail","6":"product_cat-acrylic","7":"product_cat-graphite","8":"product_cat-oil-painting","9":"product_cat-paintings","10":"product_tag-art","11":"product_tag-color","12":"product_tag-painting","13":"product_shipping_class-mailing-tube","15":"first","16":"instock","17":"sold-individually","18":"shipping-taxable","19":"purchasable","20":"product-type-simple"},"_links":{"self":[{"href":"https:\/\/mawuartgallery.com\/fr\/wp-json\/wp\/v2\/product\/13641","targetHints":{"allow":["GET"]}}],"collection":[{"href":"https:\/\/mawuartgallery.com\/fr\/wp-json\/wp\/v2\/product"}],"about":[{"href":"https:\/\/mawuartgallery.com\/fr\/wp-json\/wp\/v2\/types\/product"}],"replies":[{"embeddable":true,"href":"https:\/\/mawuartgallery.com\/fr\/wp-json\/wp\/v2\/comments?post=13641"}],"version-history":[{"count":2,"href":"https:\/\/mawuartgallery.com\/fr\/wp-json\/wp\/v2\/product\/13641\/revisions"}],"predecessor-version":[{"id":16263,"href":"https:\/\/mawuartgallery.com\/fr\/wp-json\/wp\/v2\/product\/13641\/revisions\/16263"}],"wp:featuredmedia":[{"embeddable":true,"href":"https:\/\/mawuartgallery.com\/fr\/wp-json\/wp\/v2\/media\/13645"}],"wp:attachment":[{"href":"https:\/\/mawuartgallery.com\/fr\/wp-json\/wp\/v2\/media?parent=13641"}],"wp:term":[{"taxonomy":"product_brand","embeddable":true,"href":"https:\/\/mawuartgallery.com\/fr\/wp-json\/wp\/v2\/product_brand?post=13641"},{"taxonomy":"product_cat","embeddable":true,"href":"https:\/\/mawuartgallery.com\/fr\/wp-json\/wp\/v2\/product_cat?post=13641"},{"taxonomy":"product_tag","embeddable":true,"href":"https:\/\/mawuartgallery.com\/fr\/wp-json\/wp\/v2\/product_tag?post=13641"}],"curies":[{"name":"wp","href":"https:\/\/api.w.org\/{rel}","templated":true}]}}