{"id":13579,"date":"2025-02-11T16:02:11","date_gmt":"2025-02-11T20:02:11","guid":{"rendered":"https:\/\/mawuartgallery.com\/?post_type=product&#038;p=13579"},"modified":"2025-10-20T09:09:41","modified_gmt":"2025-10-20T13:09:41","slug":"tough-times-never-last-but-tough-people-do","status":"publish","type":"product","link":"https:\/\/mawuartgallery.com\/fr\/produit\/tough-times-never-last-but-tough-people-do\/","title":{"rendered":"Les temps difficiles ne durent jamais, contrairement au gens qui les vivent"},"content":{"rendered":"<p>La vie nous plongent parfois dans des moments sombres. Nous sommes tous confront\u00e9s \u00e0 des d\u00e9fis, qu'il s'agisse de la perte d'un \u00eatre cher, d'une maladie, d'une faillite, d'un mariage bris\u00e9 ou d'autres situations difficiles.<\/p>\n<p>&nbsp;<\/p>\n<p>Il n'est jamais facile de traverser des p\u00e9riodes difficiles et il arrive que l'on se sente compl\u00e8tement seul(e), sans personne vers qui se tourner. Mais dans ces moments-l\u00e0, notre v\u00e9ritable force r\u00e9side dans notre capacit\u00e9 \u00e0 tenir bon, en croyant que les choses vont s'am\u00e9liorer. Nous devons \u00eatre convaincus que la situation ne nous vaincra pas, mais qu'elle nous rendra plus forts et plus r\u00e9sistants.<\/p>\n<p>&nbsp;<\/p>\n<p>Cette croyance fait na\u00eetre en nous l'espoir, qui est une source de force lorsque nous en avons le plus besoin. La v\u00e9ritable force n'est pas une question de taille ou de puissance physique; elle provient de l'esprit et de la raison. Les temps difficiles peuvent nous mettre \u00e0 l'\u00e9preuve, mais ils ne durent pas \u00e9ternellement. Ainsi, les temps difficiles ne durent jamais, contrairement aux gens qui les vivent.<\/p>","protected":false},"excerpt":{"rendered":"<h6><strong>Artiste : <\/strong><span style=\"color: #0000ff;\"><a style=\"color: #0000ff;\" href=\"https:\/\/mawuartgallery.com\/fr\/portfolio-item\/onyekachi-c-opara\/\"><strong>Courage <\/strong><strong>Onyekachi\u00a0<\/strong><strong>Opara\u00a0<\/strong><\/a><\/span><\/h6>\n<p>Acrylique sur toile<br \/>\n(111 x 111 cm  \/ 44 x 44 po)<br \/>\nCr\u00e9\u00e9e en 2023<\/p>\n<p>&nbsp;<\/p>\n<p><em>Cet article est soigneusement enroul\u00e9 et exp\u00e9di\u00e9 dans un tube d'exp\u00e9dition afin de garantir une livraison en toute s\u00e9curit\u00e9.<\/em><\/p>\n<p>&nbsp;<\/p>\n<p><strong><em>Pour nous assurer que l'\u0153uvre r\u00e9pond \u00e0 vos attentes, nous serions ravis de vous en fournir une vid\u00e9o en haute d\u00e9finition accompagn\u00e9e des commentaires de l'artiste, avant que vous ne proc\u00e9diez \u00e0 l'achat. Pour ce faire, il vous suffit de communiquer avec nous par courriel \u00e0 <a rel=\"noopener\">mawuartgallery@gmail.com<\/a> D\u00e8s r\u00e9ception de votre demande, nous vous ferons parvenir une ou plusieurs vid\u00e9os\/photos selon votre choix.\u00a0<\/em><\/strong><\/p>\n<p>&nbsp;<\/p>\n<p><strong>LIVRAISON GRATUITE POUR TOUTES LES COMMANDES<\/strong><\/p>","protected":false},"featured_media":13582,"comment_status":"open","ping_status":"closed","template":"","meta":{"nf_dc_page":""},"product_brand":[],"product_cat":[112,43],"product_tag":[32,34,42],"class_list":{"0":"post-13579","1":"product","2":"type-product","3":"status-publish","4":"has-post-thumbnail","6":"product_cat-acrylic","7":"product_cat-paintings","8":"product_tag-art","9":"product_tag-color","10":"product_tag-painting","11":"product_shipping_class-mailing-tube","13":"first","14":"instock","15":"sold-individually","16":"shipping-taxable","17":"purchasable","18":"product-type-simple"},"_links":{"self":[{"href":"https:\/\/mawuartgallery.com\/fr\/wp-json\/wp\/v2\/product\/13579","targetHints":{"allow":["GET"]}}],"collection":[{"href":"https:\/\/mawuartgallery.com\/fr\/wp-json\/wp\/v2\/product"}],"about":[{"href":"https:\/\/mawuartgallery.com\/fr\/wp-json\/wp\/v2\/types\/product"}],"replies":[{"embeddable":true,"href":"https:\/\/mawuartgallery.com\/fr\/wp-json\/wp\/v2\/comments?post=13579"}],"version-history":[{"count":1,"href":"https:\/\/mawuartgallery.com\/fr\/wp-json\/wp\/v2\/product\/13579\/revisions"}],"predecessor-version":[{"id":16405,"href":"https:\/\/mawuartgallery.com\/fr\/wp-json\/wp\/v2\/product\/13579\/revisions\/16405"}],"wp:featuredmedia":[{"embeddable":true,"href":"https:\/\/mawuartgallery.com\/fr\/wp-json\/wp\/v2\/media\/13582"}],"wp:attachment":[{"href":"https:\/\/mawuartgallery.com\/fr\/wp-json\/wp\/v2\/media?parent=13579"}],"wp:term":[{"taxonomy":"product_brand","embeddable":true,"href":"https:\/\/mawuartgallery.com\/fr\/wp-json\/wp\/v2\/product_brand?post=13579"},{"taxonomy":"product_cat","embeddable":true,"href":"https:\/\/mawuartgallery.com\/fr\/wp-json\/wp\/v2\/product_cat?post=13579"},{"taxonomy":"product_tag","embeddable":true,"href":"https:\/\/mawuartgallery.com\/fr\/wp-json\/wp\/v2\/product_tag?post=13579"}],"curies":[{"name":"wp","href":"https:\/\/api.w.org\/{rel}","templated":true}]}}