{"id":13564,"date":"2025-02-11T14:20:35","date_gmt":"2025-02-11T18:20:35","guid":{"rendered":"https:\/\/mawuartgallery.com\/?post_type=product&#038;p=13564"},"modified":"2025-10-20T09:15:09","modified_gmt":"2025-10-20T13:15:09","slug":"road-less-travelled","status":"publish","type":"product","link":"https:\/\/mawuartgallery.com\/fr\/produit\/road-less-travelled\/","title":{"rendered":"Le chemin le moins emprunt\u00e9"},"content":{"rendered":"<p>\u00ab Le principal obstacle sur le chemin de la r\u00e9ussite est la croyance que les grandes r\u00e9alisations sont hors de port\u00e9e. Cette croyance d\u00e9coule d'un grand nombre de forces suppressives qui orientent notre pens\u00e9e vers des niveaux m\u00e9diocres.<\/p>\n<p>&nbsp;<\/p>\n<p>Les gens choisissent toujours la voie la plus populaire. Ne pas prendre de risques est le plus grand risque de la vie. \u00bb<\/p>\n<p>&nbsp;<\/p>\n<p><em>David J. Schwartz<\/em><\/p>","protected":false},"excerpt":{"rendered":"<h6><strong>Artiste : <\/strong><span style=\"color: #0000ff;\"><a style=\"color: #0000ff;\" href=\"https:\/\/mawuartgallery.com\/fr\/portfolio-item\/onyekachi-c-opara\/\"><strong>Courage <\/strong><strong>Onyekachi\u00a0<\/strong><strong>Opara\u00a0<\/strong><\/a><\/span><\/h6>\n<p>Acrylique et huile sur toile<br \/>\n(119 x 88 cm \/ 47 x 35 po)<br \/>\nCr\u00e9\u00e9e en 2024<\/p>\n<p>&nbsp;<\/p>\n<p><em>Cet article est soigneusement enroul\u00e9 et exp\u00e9di\u00e9 dans un tube d'exp\u00e9dition afin de garantir une livraison en toute s\u00e9curit\u00e9.<\/em><\/p>\n<p>&nbsp;<\/p>\n<p><strong><em>Pour nous assurer que l'\u0153uvre r\u00e9pond \u00e0 vos attentes, nous serions ravis de vous en fournir une vid\u00e9o en haute d\u00e9finition accompagn\u00e9e des commentaires de l'artiste, avant que vous ne proc\u00e9diez \u00e0 l'achat. Pour ce faire, il vous suffit de communiquer avec nous par courriel \u00e0 <a rel=\"noopener\">mawuartgallery@gmail.com<\/a> D\u00e8s r\u00e9ception de votre demande, nous vous ferons parvenir une ou plusieurs vid\u00e9os\/photos selon votre choix.\u00a0<\/em><\/strong><\/p>\n<p>&nbsp;<\/p>\n<p><strong>LIVRAISON GRATUITE POUR TOUTES LES COMMANDES<\/strong><\/p>","protected":false},"featured_media":13567,"comment_status":"open","ping_status":"closed","template":"","meta":{"nf_dc_page":""},"product_brand":[],"product_cat":[112,113,70,43],"product_tag":[32,34,42],"class_list":{"0":"post-13564","1":"product","2":"type-product","3":"status-publish","4":"has-post-thumbnail","6":"product_cat-acrylic","7":"product_cat-mixed-media","8":"product_cat-oil-painting","9":"product_cat-paintings","10":"product_tag-art","11":"product_tag-color","12":"product_tag-painting","13":"product_shipping_class-mailing-tube","15":"first","16":"instock","17":"sold-individually","18":"shipping-taxable","19":"purchasable","20":"product-type-simple"},"_links":{"self":[{"href":"https:\/\/mawuartgallery.com\/fr\/wp-json\/wp\/v2\/product\/13564","targetHints":{"allow":["GET"]}}],"collection":[{"href":"https:\/\/mawuartgallery.com\/fr\/wp-json\/wp\/v2\/product"}],"about":[{"href":"https:\/\/mawuartgallery.com\/fr\/wp-json\/wp\/v2\/types\/product"}],"replies":[{"embeddable":true,"href":"https:\/\/mawuartgallery.com\/fr\/wp-json\/wp\/v2\/comments?post=13564"}],"version-history":[{"count":2,"href":"https:\/\/mawuartgallery.com\/fr\/wp-json\/wp\/v2\/product\/13564\/revisions"}],"predecessor-version":[{"id":16407,"href":"https:\/\/mawuartgallery.com\/fr\/wp-json\/wp\/v2\/product\/13564\/revisions\/16407"}],"wp:featuredmedia":[{"embeddable":true,"href":"https:\/\/mawuartgallery.com\/fr\/wp-json\/wp\/v2\/media\/13567"}],"wp:attachment":[{"href":"https:\/\/mawuartgallery.com\/fr\/wp-json\/wp\/v2\/media?parent=13564"}],"wp:term":[{"taxonomy":"product_brand","embeddable":true,"href":"https:\/\/mawuartgallery.com\/fr\/wp-json\/wp\/v2\/product_brand?post=13564"},{"taxonomy":"product_cat","embeddable":true,"href":"https:\/\/mawuartgallery.com\/fr\/wp-json\/wp\/v2\/product_cat?post=13564"},{"taxonomy":"product_tag","embeddable":true,"href":"https:\/\/mawuartgallery.com\/fr\/wp-json\/wp\/v2\/product_tag?post=13564"}],"curies":[{"name":"wp","href":"https:\/\/api.w.org\/{rel}","templated":true}]}}