{"id":13489,"date":"2025-02-05T12:55:29","date_gmt":"2025-02-05T16:55:29","guid":{"rendered":"https:\/\/mawuartgallery.com\/?post_type=product&#038;p=13489"},"modified":"2026-01-27T16:21:20","modified_gmt":"2026-01-27T20:21:20","slug":"the-island-of-ambivalence","status":"publish","type":"product","link":"https:\/\/mawuartgallery.com\/fr\/produit\/the-island-of-ambivalence\/","title":{"rendered":"L'\u00cele de l'ambivalence"},"content":{"rendered":"<p class=\"translation-block\">L'<em>\u00cele de l'ambivalence<\/em> repr\u00e9sente la dualit\u00e9 de nos personnalit\u00e9s et la fa\u00e7on dont elles sont toujours interconnect\u00e9es. Harmoniser ces deux aspects est l'aventure de la vie. Il est naturel d'\u00e9prouver des \u00e9motions contradictoires \u00e0 l'\u00e9gard de quelqu'un ou de quelque chose.<\/p>\n<p>&nbsp;<\/p>\n<p>Les \u00e9motions positives et n\u00e9gatives peuvent constituer un d\u00e9fi, mais il est important de se rappeler qu'il s'agit d'une partie normale de l'exp\u00e9rience humaine. En travaillant sur ces \u00e9motions, nous pouvons atteindre un sentiment de paix et de clart\u00e9.<\/p>","protected":false},"excerpt":{"rendered":"<h6><strong>Artiste : <span style=\"color: #0000ff;\"><a style=\"color: #0000ff;\" href=\"https:\/\/mawuartgallery.com\/fr\/portfolio-item\/bella-mfon\/\">BELLA MFON<\/a><\/span><\/strong><\/h6>\n<p>Texture et acrylique sur toile<br \/>\n(90 x 90 cm \/ 36 x 36 po)<br \/>\nCr\u00e9\u00e9e en 2024<\/p>\n<p>&nbsp;<\/p>\n<h6>\ud83d\udd04Dans cette ench\u00e8re invers\u00e9e, le prix baisse quotidiennement\ud83d\udcc9. SOYEZ LE 1er ou la 1re \u00e0 atteindre le myst\u00e9rieux prix minimum de l'artiste\ud83c\udfafet l'\u0153uvre\ud83d\uddbc\ufe0f est \u00e0 vous! Ench\u00e9rissez avec audace!<\/h6>\n<p>&nbsp;<\/p>\n<p><strong>LIVRAISON GRATUITE POUR TOUTES LES COMMANDES<\/strong><\/p>","protected":false},"featured_media":13491,"comment_status":"open","ping_status":"closed","template":"","meta":{"nf_dc_page":""},"product_brand":[],"product_cat":[112,113,43],"product_tag":[32,34,42],"class_list":{"0":"post-13489","1":"product","2":"type-product","3":"status-publish","4":"has-post-thumbnail","6":"product_cat-acrylic","7":"product_cat-mixed-media","8":"product_cat-paintings","9":"product_tag-art","10":"product_tag-color","11":"product_tag-painting","12":"product_shipping_class-mailing-tube","14":"first","15":"instock","16":"sold-individually","17":"shipping-taxable","18":"purchasable","19":"product-type-auction"},"_links":{"self":[{"href":"https:\/\/mawuartgallery.com\/fr\/wp-json\/wp\/v2\/product\/13489","targetHints":{"allow":["GET"]}}],"collection":[{"href":"https:\/\/mawuartgallery.com\/fr\/wp-json\/wp\/v2\/product"}],"about":[{"href":"https:\/\/mawuartgallery.com\/fr\/wp-json\/wp\/v2\/types\/product"}],"replies":[{"embeddable":true,"href":"https:\/\/mawuartgallery.com\/fr\/wp-json\/wp\/v2\/comments?post=13489"}],"version-history":[{"count":1,"href":"https:\/\/mawuartgallery.com\/fr\/wp-json\/wp\/v2\/product\/13489\/revisions"}],"predecessor-version":[{"id":17510,"href":"https:\/\/mawuartgallery.com\/fr\/wp-json\/wp\/v2\/product\/13489\/revisions\/17510"}],"wp:featuredmedia":[{"embeddable":true,"href":"https:\/\/mawuartgallery.com\/fr\/wp-json\/wp\/v2\/media\/13491"}],"wp:attachment":[{"href":"https:\/\/mawuartgallery.com\/fr\/wp-json\/wp\/v2\/media?parent=13489"}],"wp:term":[{"taxonomy":"product_brand","embeddable":true,"href":"https:\/\/mawuartgallery.com\/fr\/wp-json\/wp\/v2\/product_brand?post=13489"},{"taxonomy":"product_cat","embeddable":true,"href":"https:\/\/mawuartgallery.com\/fr\/wp-json\/wp\/v2\/product_cat?post=13489"},{"taxonomy":"product_tag","embeddable":true,"href":"https:\/\/mawuartgallery.com\/fr\/wp-json\/wp\/v2\/product_tag?post=13489"}],"curies":[{"name":"wp","href":"https:\/\/api.w.org\/{rel}","templated":true}]}}