{"id":13473,"date":"2025-02-04T10:46:50","date_gmt":"2025-02-04T14:46:50","guid":{"rendered":"https:\/\/mawuartgallery.com\/?post_type=product&#038;p=13473"},"modified":"2025-12-30T10:32:01","modified_gmt":"2025-12-30T14:32:01","slug":"intrepidity","status":"publish","type":"product","link":"https:\/\/mawuartgallery.com\/fr\/produit\/intrepidity\/","title":{"rendered":"Intr\u00e9pidit\u00e9"},"content":{"rendered":"<p class=\"translation-block\"><em>Intr\u00e9pidit\u00e9<\/em> est une d\u00e9claration audacieuse de r\u00e9silience et de courage face au chaos. Les tons tourbillonnants de bleu profond et de noir \u00e9voquent les turbulences des incertitudes de la vie, tandis que les accents dor\u00e9s frappants traversent la temp\u00eate, symbolisant la force, l'espoir et un esprit in\u00e9branlable. Les riches textures ajoutent de la profondeur, imitant la nature brute et non filtr\u00e9e de la pers\u00e9v\u00e9rance - imparfaite, mais puissante.<\/p>\n<p>&nbsp;<\/p>\n<p>Telle une force qui refuse d'\u00eatre ma\u00eetris\u00e9e, cette \u0153uvre incarne l'essence d'une d\u00e9termination sans peur, incitant le spectateur \u00e0 entreprendre son voyage avec courage.<\/p>","protected":false},"excerpt":{"rendered":"<h6><strong>Artiste : <span style=\"color: #0000ff;\"><a style=\"color: #0000ff;\" href=\"https:\/\/mawuartgallery.com\/fr\/portfolio-item\/bella-mfon\/\">BELLA MFON<\/a><\/span><\/strong><\/h6>\n<p>Texture et acrylique sur toile<br \/>\n(90 x 60 cm \/ 36 x 24 po)<br \/>\nCr\u00e9\u00e9e en 2024<\/p>\n<p>&nbsp;<\/p>\n<p><em>Cet article est soigneusement enroul\u00e9 et exp\u00e9di\u00e9 dans un tube d'exp\u00e9dition afin de garantir une livraison en toute s\u00e9curit\u00e9.<\/em><\/p>\n<p>&nbsp;<\/p>\n<p><strong><em>Pour nous assurer que l'\u0153uvre r\u00e9pond \u00e0 vos attentes, nous serions ravis de vous en fournir une vid\u00e9o en haute d\u00e9finition accompagn\u00e9e des commentaires de l'artiste, avant que vous ne proc\u00e9diez \u00e0 l'achat. Pour ce faire, il vous suffit de communiquer avec nous par courriel \u00e0 <a rel=\"noopener\">mawuartgallery@gmail.com<\/a> D\u00e8s r\u00e9ception de votre demande, nous vous ferons parvenir une ou plusieurs vid\u00e9os\/photos selon votre choix.\u00a0<\/em><\/strong><\/p>\n<p>&nbsp;<\/p>\n<p><strong>LIVRAISON GRATUITE POUR TOUTES LES COMMANDES<\/strong><\/p>","protected":false},"featured_media":13477,"comment_status":"open","ping_status":"closed","template":"","meta":{"nf_dc_page":""},"product_brand":[],"product_cat":[112,113,43],"product_tag":[32,34,42],"class_list":{"0":"post-13473","1":"product","2":"type-product","3":"status-publish","4":"has-post-thumbnail","6":"product_cat-acrylic","7":"product_cat-mixed-media","8":"product_cat-paintings","9":"product_tag-art","10":"product_tag-color","11":"product_tag-painting","12":"product_shipping_class-mailing-tube","14":"first","15":"outofstock","16":"sold-individually","17":"shipping-taxable","18":"product-type-simple"},"_links":{"self":[{"href":"https:\/\/mawuartgallery.com\/fr\/wp-json\/wp\/v2\/product\/13473","targetHints":{"allow":["GET"]}}],"collection":[{"href":"https:\/\/mawuartgallery.com\/fr\/wp-json\/wp\/v2\/product"}],"about":[{"href":"https:\/\/mawuartgallery.com\/fr\/wp-json\/wp\/v2\/types\/product"}],"replies":[{"embeddable":true,"href":"https:\/\/mawuartgallery.com\/fr\/wp-json\/wp\/v2\/comments?post=13473"}],"version-history":[{"count":2,"href":"https:\/\/mawuartgallery.com\/fr\/wp-json\/wp\/v2\/product\/13473\/revisions"}],"predecessor-version":[{"id":16144,"href":"https:\/\/mawuartgallery.com\/fr\/wp-json\/wp\/v2\/product\/13473\/revisions\/16144"}],"wp:featuredmedia":[{"embeddable":true,"href":"https:\/\/mawuartgallery.com\/fr\/wp-json\/wp\/v2\/media\/13477"}],"wp:attachment":[{"href":"https:\/\/mawuartgallery.com\/fr\/wp-json\/wp\/v2\/media?parent=13473"}],"wp:term":[{"taxonomy":"product_brand","embeddable":true,"href":"https:\/\/mawuartgallery.com\/fr\/wp-json\/wp\/v2\/product_brand?post=13473"},{"taxonomy":"product_cat","embeddable":true,"href":"https:\/\/mawuartgallery.com\/fr\/wp-json\/wp\/v2\/product_cat?post=13473"},{"taxonomy":"product_tag","embeddable":true,"href":"https:\/\/mawuartgallery.com\/fr\/wp-json\/wp\/v2\/product_tag?post=13473"}],"curies":[{"name":"wp","href":"https:\/\/api.w.org\/{rel}","templated":true}]}}