{"id":13465,"date":"2025-02-03T18:07:36","date_gmt":"2025-02-03T22:07:36","guid":{"rendered":"https:\/\/mawuartgallery.com\/?post_type=product&#038;p=13465"},"modified":"2025-12-30T10:30:50","modified_gmt":"2025-12-30T14:30:50","slug":"reverie","status":"publish","type":"product","link":"https:\/\/mawuartgallery.com\/fr\/produit\/reverie\/","title":{"rendered":"R\u00eaverie"},"content":{"rendered":"<p class=\"translation-block\"><em>R\u00eaverie<\/em> explore la double nature de nos vies. Nous pouvons sembler brillants et dynamiques \u00e0 l'ext\u00e9rieur, mais nous nous sentons parfois un peu vides \u00e0 l'int\u00e9rieur. Le silence peut \u00eatre r\u00e9confortant, mais il a aussi ses ombres.<\/p>\n<p>&nbsp;<\/p>\n<p>Rappelez-vous que, m\u00eame dans les moments difficiles, vous n'\u00eates pas seul(e). Il est tout \u00e0 fait normal de tendre la main, de faire conna\u00eetre ses sentiments et de se concentrer sur la gu\u00e9rison. Prenez soin des blessures cach\u00e9es; vous pourriez \u00eatre surpris de la force que vous trouvez en \u00e9tant vuln\u00e9rable.<\/p>","protected":false},"excerpt":{"rendered":"<h6><strong>Artiste : <span style=\"color: #0000ff;\"><a style=\"color: #0000ff;\" href=\"https:\/\/mawuartgallery.com\/fr\/portfolio-item\/bella-mfon\/\">BELLA MFON<\/a><\/span><\/strong><\/h6>\n<p>Texture et acrylique sur toile<br \/>\n(90 x 90 cm \/ 36 x 36 po)<br \/>\nCr\u00e9\u00e9e en 2024<\/p>\n<p>&nbsp;<\/p>\n<h6>\ud83d\udd04Dans cette ench\u00e8re invers\u00e9e, le prix baisse quotidiennement\ud83d\udcc9. SOYEZ LE 1er ou la 1re \u00e0 atteindre le myst\u00e9rieux prix minimum de l'artiste\ud83c\udfafet l'\u0153uvre\ud83d\uddbc\ufe0f est \u00e0 vous! Ench\u00e9rissez avec audace!<\/h6>\n<p>&nbsp;<\/p>\n<p><strong>LIVRAISON GRATUITE POUR TOUTES LES COMMANDES<\/strong><\/p>","protected":false},"featured_media":13467,"comment_status":"open","ping_status":"closed","template":"","meta":{"nf_dc_page":""},"product_brand":[],"product_cat":[112,113,43],"product_tag":[32,34,42],"class_list":{"0":"post-13465","1":"product","2":"type-product","3":"status-publish","4":"has-post-thumbnail","6":"product_cat-acrylic","7":"product_cat-mixed-media","8":"product_cat-paintings","9":"product_tag-art","10":"product_tag-color","11":"product_tag-painting","12":"product_shipping_class-mailing-tube","14":"first","15":"outofstock","16":"sold-individually","17":"shipping-taxable","18":"product-type-simple"},"_links":{"self":[{"href":"https:\/\/mawuartgallery.com\/fr\/wp-json\/wp\/v2\/product\/13465","targetHints":{"allow":["GET"]}}],"collection":[{"href":"https:\/\/mawuartgallery.com\/fr\/wp-json\/wp\/v2\/product"}],"about":[{"href":"https:\/\/mawuartgallery.com\/fr\/wp-json\/wp\/v2\/types\/product"}],"replies":[{"embeddable":true,"href":"https:\/\/mawuartgallery.com\/fr\/wp-json\/wp\/v2\/comments?post=13465"}],"version-history":[{"count":2,"href":"https:\/\/mawuartgallery.com\/fr\/wp-json\/wp\/v2\/product\/13465\/revisions"}],"predecessor-version":[{"id":17223,"href":"https:\/\/mawuartgallery.com\/fr\/wp-json\/wp\/v2\/product\/13465\/revisions\/17223"}],"wp:featuredmedia":[{"embeddable":true,"href":"https:\/\/mawuartgallery.com\/fr\/wp-json\/wp\/v2\/media\/13467"}],"wp:attachment":[{"href":"https:\/\/mawuartgallery.com\/fr\/wp-json\/wp\/v2\/media?parent=13465"}],"wp:term":[{"taxonomy":"product_brand","embeddable":true,"href":"https:\/\/mawuartgallery.com\/fr\/wp-json\/wp\/v2\/product_brand?post=13465"},{"taxonomy":"product_cat","embeddable":true,"href":"https:\/\/mawuartgallery.com\/fr\/wp-json\/wp\/v2\/product_cat?post=13465"},{"taxonomy":"product_tag","embeddable":true,"href":"https:\/\/mawuartgallery.com\/fr\/wp-json\/wp\/v2\/product_tag?post=13465"}],"curies":[{"name":"wp","href":"https:\/\/api.w.org\/{rel}","templated":true}]}}