{"id":13392,"date":"2025-01-29T15:38:40","date_gmt":"2025-01-29T19:38:40","guid":{"rendered":"https:\/\/mawuartgallery.com\/?post_type=product&#038;p=13392"},"modified":"2026-01-27T16:19:01","modified_gmt":"2026-01-27T20:19:01","slug":"a-hard-day","status":"publish","type":"product","link":"https:\/\/mawuartgallery.com\/fr\/produit\/a-hard-day\/","title":{"rendered":"Dure journ\u00e9e"},"content":{"rendered":"<p style=\"text-align: left;\">\u00ab Dure journ\u00e9e \u00bb incarne la r\u00e9silience et la d\u00e9termination de marchands africains, qui, avec une force in\u00e9branlable, poussent et tra\u00eenent leurs chariots charg\u00e9s de marchandises. Pr\u00eats \u00e0 affronter l\u2019effervescence du march\u00e9 local en C\u00f4te d'Ivoire, leur \u00e9nergie collective transcende la simple lutte quotidienne.<\/p>\n<p>&nbsp;<\/p>\n<p>Cette peinture rend hommage \u00e0 ceux qui, dans l'ombre, \u0153uvrent sans rel\u00e2che pour nourrir et soutenir leur communaut\u00e9. Elle incarne la force in\u00e9branlable, la pers\u00e9v\u00e9rance silencieuse et l\u2019espoir qui \u00e9claire chaque jour leurs efforts. Ces travailleurs, h\u00e9ros souvent m\u00e9connus, sont les b\u00e2tisseurs des \u00e9conomies locales, porteurs d\u2019une r\u00e9silience infinie et d\u2019un r\u00eave commun : celui d\u2019un avenir plus lumineux. \u00c0 travers chaque trait, cette \u0153uvre c\u00e9l\u00e8bre leur d\u00e9vouement et leur engagement, illuminant la beaut\u00e9 de leur sacrifice quotidien pour un monde meilleur.<\/p>","protected":false},"excerpt":{"rendered":"<h6><strong>Artiste : <\/strong><a href=\"https:\/\/mawuartgallery.com\/fr\/portfolio-item\/achille-kwagn\/\"><strong><span style=\"color: #0000ff;\">ACHILLES KWAGN<\/span><\/strong><\/a><\/h6>\n<p>Huile sur toile<br \/>\n(90 x 60 cm \/ 36 x 24 po)<br \/>\nCr\u00e9\u00e9e en 2019<\/p>\n<p>&nbsp;<\/p>\n<h6>\ud83d\udd04Dans cette ench\u00e8re invers\u00e9e, le prix baisse quotidiennement\ud83d\udcc9. SOYEZ LE 1er ou la 1re \u00e0 atteindre le myst\u00e9rieux prix minimum de l'artiste\ud83c\udfafet l'\u0153uvre\ud83d\uddbc\ufe0f est \u00e0 vous! Ench\u00e9rissez avec audace!<\/h6>\n<p>&nbsp;<\/p>\n<p><strong>LIVRAISON GRATUITE POUR TOUTES LES COMMANDES<\/strong><\/p>","protected":false},"featured_media":13393,"comment_status":"open","ping_status":"closed","template":"","meta":{"nf_dc_page":""},"product_brand":[],"product_cat":[37,70,43],"product_tag":[32,34,127,42],"class_list":{"0":"post-13392","1":"product","2":"type-product","3":"status-publish","4":"has-post-thumbnail","6":"product_cat-drawings","7":"product_cat-oil-painting","8":"product_cat-paintings","9":"product_tag-art","10":"product_tag-color","11":"product_tag-oil-painting","12":"product_tag-painting","13":"product_shipping_class-mailing-tube","15":"first","16":"instock","17":"sold-individually","18":"shipping-taxable","19":"purchasable","20":"product-type-auction"},"_links":{"self":[{"href":"https:\/\/mawuartgallery.com\/fr\/wp-json\/wp\/v2\/product\/13392","targetHints":{"allow":["GET"]}}],"collection":[{"href":"https:\/\/mawuartgallery.com\/fr\/wp-json\/wp\/v2\/product"}],"about":[{"href":"https:\/\/mawuartgallery.com\/fr\/wp-json\/wp\/v2\/types\/product"}],"replies":[{"embeddable":true,"href":"https:\/\/mawuartgallery.com\/fr\/wp-json\/wp\/v2\/comments?post=13392"}],"version-history":[{"count":1,"href":"https:\/\/mawuartgallery.com\/fr\/wp-json\/wp\/v2\/product\/13392\/revisions"}],"predecessor-version":[{"id":17509,"href":"https:\/\/mawuartgallery.com\/fr\/wp-json\/wp\/v2\/product\/13392\/revisions\/17509"}],"wp:featuredmedia":[{"embeddable":true,"href":"https:\/\/mawuartgallery.com\/fr\/wp-json\/wp\/v2\/media\/13393"}],"wp:attachment":[{"href":"https:\/\/mawuartgallery.com\/fr\/wp-json\/wp\/v2\/media?parent=13392"}],"wp:term":[{"taxonomy":"product_brand","embeddable":true,"href":"https:\/\/mawuartgallery.com\/fr\/wp-json\/wp\/v2\/product_brand?post=13392"},{"taxonomy":"product_cat","embeddable":true,"href":"https:\/\/mawuartgallery.com\/fr\/wp-json\/wp\/v2\/product_cat?post=13392"},{"taxonomy":"product_tag","embeddable":true,"href":"https:\/\/mawuartgallery.com\/fr\/wp-json\/wp\/v2\/product_tag?post=13392"}],"curies":[{"name":"wp","href":"https:\/\/api.w.org\/{rel}","templated":true}]}}