{"id":13382,"date":"2025-01-29T14:47:15","date_gmt":"2025-01-29T18:47:15","guid":{"rendered":"https:\/\/mawuartgallery.com\/?post_type=product&#038;p=13382"},"modified":"2026-01-27T16:09:50","modified_gmt":"2026-01-27T20:09:50","slug":"contrast","status":"publish","type":"product","link":"https:\/\/mawuartgallery.com\/fr\/produit\/contrast\/","title":{"rendered":"Contraste"},"content":{"rendered":"<p>\u00ab Contraste \u00bb saisit avec puissance le choc entre deux mondes \u00e9conomiques parall\u00e8les, chacun vivant selon ses propres lois. D'un c\u00f4t\u00e9, des bateaux industriels gigantesques d\u00e9versent un flot incessant de marchandises sur les c\u00f4tes de la C\u00f4te d'Ivoire, incarnant la force brute d'une \u00e9conomie mondialis\u00e9e. De l'autre, des marchands locaux, porteurs d\u2019une tradition ancestrale, naviguent avec leurs pirogues, soigneusement charg\u00e9es de produits plus modestes, mais d'une valeur et d\u2019une histoire qui leur sont propres.<\/p>\n<p>&nbsp;<\/p>\n<p>Ce contraste poignant entre l'immensit\u00e9 des navires et la fragilit\u00e9 des embarcations r\u00e9v\u00e8le la lutte silencieuse mais d\u00e9termin\u00e9e de ceux qui, \u00e0 travers la r\u00e9silience et la pers\u00e9v\u00e9rance, s'efforcent de prosp\u00e9rer dans un monde o\u00f9 les g\u00e9ants \u00e9crasent souvent les petites \u00e2mes.<\/p>","protected":false},"excerpt":{"rendered":"<h6><strong>Artiste : <\/strong><a href=\"https:\/\/mawuartgallery.com\/fr\/portfolio-item\/achille-kwagn\/\"><strong><span style=\"color: #0000ff;\">ACHILLES KWAGN<\/span><\/strong><\/a><\/h6>\n<p>Huile sur toile<br \/>\n(122 x 56 cm \/ 48 x 22 po)<br \/>\nCr\u00e9\u00e9e en 2024<\/p>\n<p>&nbsp;<\/p>\n<h6>\ud83d\udd04Dans cette ench\u00e8re invers\u00e9e, le prix baisse quotidiennement\ud83d\udcc9. SOYEZ LE 1er ou la 1re \u00e0 atteindre le myst\u00e9rieux prix minimum de l'artiste\ud83c\udfafet l'\u0153uvre\ud83d\uddbc\ufe0f est \u00e0 vous! Ench\u00e9rissez avec audace!<\/h6>\n<p>&nbsp;<\/p>\n<p><strong>LIVRAISON GRATUITE POUR TOUTES LES COMMANDES<\/strong><\/p>","protected":false},"featured_media":13386,"comment_status":"open","ping_status":"closed","template":"","meta":{"nf_dc_page":""},"product_brand":[],"product_cat":[37,70,43],"product_tag":[32,34,127,42],"class_list":{"0":"post-13382","1":"product","2":"type-product","3":"status-publish","4":"has-post-thumbnail","6":"product_cat-drawings","7":"product_cat-oil-painting","8":"product_cat-paintings","9":"product_tag-art","10":"product_tag-color","11":"product_tag-oil-painting","12":"product_tag-painting","13":"product_shipping_class-mailing-tube","15":"first","16":"instock","17":"sold-individually","18":"shipping-taxable","19":"purchasable","20":"product-type-auction"},"_links":{"self":[{"href":"https:\/\/mawuartgallery.com\/fr\/wp-json\/wp\/v2\/product\/13382","targetHints":{"allow":["GET"]}}],"collection":[{"href":"https:\/\/mawuartgallery.com\/fr\/wp-json\/wp\/v2\/product"}],"about":[{"href":"https:\/\/mawuartgallery.com\/fr\/wp-json\/wp\/v2\/types\/product"}],"replies":[{"embeddable":true,"href":"https:\/\/mawuartgallery.com\/fr\/wp-json\/wp\/v2\/comments?post=13382"}],"version-history":[{"count":1,"href":"https:\/\/mawuartgallery.com\/fr\/wp-json\/wp\/v2\/product\/13382\/revisions"}],"predecessor-version":[{"id":17505,"href":"https:\/\/mawuartgallery.com\/fr\/wp-json\/wp\/v2\/product\/13382\/revisions\/17505"}],"wp:featuredmedia":[{"embeddable":true,"href":"https:\/\/mawuartgallery.com\/fr\/wp-json\/wp\/v2\/media\/13386"}],"wp:attachment":[{"href":"https:\/\/mawuartgallery.com\/fr\/wp-json\/wp\/v2\/media?parent=13382"}],"wp:term":[{"taxonomy":"product_brand","embeddable":true,"href":"https:\/\/mawuartgallery.com\/fr\/wp-json\/wp\/v2\/product_brand?post=13382"},{"taxonomy":"product_cat","embeddable":true,"href":"https:\/\/mawuartgallery.com\/fr\/wp-json\/wp\/v2\/product_cat?post=13382"},{"taxonomy":"product_tag","embeddable":true,"href":"https:\/\/mawuartgallery.com\/fr\/wp-json\/wp\/v2\/product_tag?post=13382"}],"curies":[{"name":"wp","href":"https:\/\/api.w.org\/{rel}","templated":true}]}}