{"id":13376,"date":"2025-01-29T14:23:41","date_gmt":"2025-01-29T18:23:41","guid":{"rendered":"https:\/\/mawuartgallery.com\/?post_type=product&#038;p=13376"},"modified":"2026-01-27T16:08:32","modified_gmt":"2026-01-27T20:08:32","slug":"pinnace","status":"publish","type":"product","link":"https:\/\/mawuartgallery.com\/fr\/produit\/pinnace\/","title":{"rendered":"Pinasse"},"content":{"rendered":"<p>Les pinasses sont des bateaux traditionnels utilis\u00e9s principalement en C\u00f4te d'Ivoire, notamment \u00e0 Abidjan, pour le transport de personnes et de marchandises. Ces embarcations, ing\u00e9nieusement fabriqu\u00e9es en bois, sont particuli\u00e8rement adapt\u00e9es \u00e0 la navigation sur les voies d'eau telles que les lagunes, les rivi\u00e8res et les canaux. \u00c0 Abidjan, elles jouent un r\u00f4le essentiel dans la mobilit\u00e9 urbaine, notamment pour traverser la lagune \u00c9bri\u00e9 et relier les diff\u00e9rents quartiers de la ville, souvent dans des zones o\u00f9 les infrastructures terrestres sont insuffisantes.<\/p>\n<p>&nbsp;<\/p>\n<p>Outre le transport de passagers, les pinasses sont \u00e9galement utilis\u00e9es pour le transport de marchandises, en particulier dans les zones c\u00f4ti\u00e8res. Leur utilisation remonte \u00e0 plusieurs d\u00e9cennies et reste un moyen de transport populaire, malgr\u00e9 la modernisation des infrastructures urbaines. Elles sont couramment employ\u00e9es pour de courts trajets, notamment dans des quartiers comme le Plateau, Treichville et Cocody, o\u00f9 les routes peuvent \u00eatre encombr\u00e9es ou difficiles d'acc\u00e8s.<\/p>\n<p>&nbsp;<\/p>\n<p>Dans cette \u0153uvre, l'artiste a voulu souligner l'importance culturelle des pinasses et montrer leur contribution \u00e0 la soci\u00e9t\u00e9, non seulement en tant que moyen de transport, mais aussi en tant que partie int\u00e9grante du mode de vie de la communaut\u00e9.<\/p>","protected":false},"excerpt":{"rendered":"<h6><strong>Artiste : <\/strong><a href=\"https:\/\/mawuartgallery.com\/fr\/portfolio-item\/achille-kwagn\/\"><strong><span style=\"color: #0000ff;\">ACHILLES KWAGN<\/span><\/strong><\/a><\/h6>\n<p>Huile sur toile<br \/>\n(90 x 60 cm \/ 36 x 24 po)<br \/>\nCr\u00e9\u00e9e en 2022<\/p>\n<p>&nbsp;<\/p>\n<h6>\ud83d\udd04Dans cette ench\u00e8re invers\u00e9e, le prix baisse quotidiennement\ud83d\udcc9. SOYEZ LE 1er ou la 1re \u00e0 atteindre le myst\u00e9rieux prix minimum de l'artiste\ud83c\udfafet l'\u0153uvre\ud83d\uddbc\ufe0f est \u00e0 vous! Ench\u00e9rissez avec audace!<\/h6>\n<p>&nbsp;<\/p>\n<p><strong>LIVRAISON GRATUITE POUR TOUTES LES COMMANDES<\/strong><\/p>","protected":false},"featured_media":13378,"comment_status":"open","ping_status":"closed","template":"","meta":{"nf_dc_page":""},"product_brand":[],"product_cat":[37,70,43],"product_tag":[32,34,127,42],"class_list":{"0":"post-13376","1":"product","2":"type-product","3":"status-publish","4":"has-post-thumbnail","6":"product_cat-drawings","7":"product_cat-oil-painting","8":"product_cat-paintings","9":"product_tag-art","10":"product_tag-color","11":"product_tag-oil-painting","12":"product_tag-painting","13":"product_shipping_class-mailing-tube","15":"first","16":"instock","17":"sold-individually","18":"shipping-taxable","19":"purchasable","20":"product-type-auction"},"_links":{"self":[{"href":"https:\/\/mawuartgallery.com\/fr\/wp-json\/wp\/v2\/product\/13376","targetHints":{"allow":["GET"]}}],"collection":[{"href":"https:\/\/mawuartgallery.com\/fr\/wp-json\/wp\/v2\/product"}],"about":[{"href":"https:\/\/mawuartgallery.com\/fr\/wp-json\/wp\/v2\/types\/product"}],"replies":[{"embeddable":true,"href":"https:\/\/mawuartgallery.com\/fr\/wp-json\/wp\/v2\/comments?post=13376"}],"version-history":[{"count":1,"href":"https:\/\/mawuartgallery.com\/fr\/wp-json\/wp\/v2\/product\/13376\/revisions"}],"predecessor-version":[{"id":17504,"href":"https:\/\/mawuartgallery.com\/fr\/wp-json\/wp\/v2\/product\/13376\/revisions\/17504"}],"wp:featuredmedia":[{"embeddable":true,"href":"https:\/\/mawuartgallery.com\/fr\/wp-json\/wp\/v2\/media\/13378"}],"wp:attachment":[{"href":"https:\/\/mawuartgallery.com\/fr\/wp-json\/wp\/v2\/media?parent=13376"}],"wp:term":[{"taxonomy":"product_brand","embeddable":true,"href":"https:\/\/mawuartgallery.com\/fr\/wp-json\/wp\/v2\/product_brand?post=13376"},{"taxonomy":"product_cat","embeddable":true,"href":"https:\/\/mawuartgallery.com\/fr\/wp-json\/wp\/v2\/product_cat?post=13376"},{"taxonomy":"product_tag","embeddable":true,"href":"https:\/\/mawuartgallery.com\/fr\/wp-json\/wp\/v2\/product_tag?post=13376"}],"curies":[{"name":"wp","href":"https:\/\/api.w.org\/{rel}","templated":true}]}}