{"id":13369,"date":"2025-01-29T13:20:03","date_gmt":"2025-01-29T17:20:03","guid":{"rendered":"https:\/\/mawuartgallery.com\/?post_type=product&#038;p=13369"},"modified":"2026-01-27T16:14:46","modified_gmt":"2026-01-27T20:14:46","slug":"cattle-market","status":"publish","type":"product","link":"https:\/\/mawuartgallery.com\/fr\/produit\/cattle-market\/","title":{"rendered":"March\u00e9 au b\u00e9tail"},"content":{"rendered":"<p>Cette peinture vibrante saisit l'\u00e9nergie intense et palpitante du march\u00e9 traditionnel du b\u00e9tail en C\u00f4te d'Ivoire, un lieu o\u00f9 les fermiers, avec une attention m\u00e9ticuleuse, pr\u00e9parent leurs animaux pour la vente. Chaque geste, chaque regard t\u00e9moigne du lien profond et respectueux qui unit l\u2019homme \u00e0 la b\u00eate.<\/p>\n<p>&nbsp;<\/p>\n<p>Alors que les fermiers pr\u00e9parent leur b\u00e9tail pour le march\u00e9, cette peinture capte l\u2019essence m\u00eame du lien intemporel entre la nature et les moyens de subsistance. Elle met en lumi\u00e8re l\u2019effort quotidien, la tradition vivante et l\u2019esprit de communaut\u00e9 qui fa\u00e7onnent la vie rurale.<\/p>","protected":false},"excerpt":{"rendered":"<h6><strong>Artiste : <\/strong><a href=\"https:\/\/mawuartgallery.com\/fr\/portfolio-item\/achille-kwagn\/\"><strong><span style=\"color: #0000ff;\">ACHILLES KWAGN<\/span><\/strong><\/a><\/h6>\n<p>Huile sur toile<br \/>\n(152 x 76 cm \/ 60 x 30 po)<br \/>\nCr\u00e9\u00e9e en 2024<\/p>\n<p>&nbsp;<\/p>\n<h6>\ud83d\udd04Dans cette ench\u00e8re invers\u00e9e, le prix baisse quotidiennement\ud83d\udcc9. SOYEZ LE 1er ou la 1re \u00e0 atteindre le myst\u00e9rieux prix minimum de l'artiste\ud83c\udfafet l'\u0153uvre\ud83d\uddbc\ufe0f est \u00e0 vous! Ench\u00e9rissez avec audace!<\/h6>\n<p>&nbsp;<\/p>\n<p><strong>LIVRAISON GRATUITE POUR TOUTES LES COMMANDES<\/strong><\/p>","protected":false},"featured_media":13370,"comment_status":"open","ping_status":"closed","template":"","meta":{"nf_dc_page":""},"product_brand":[],"product_cat":[37,70,43],"product_tag":[32,34,127,42],"class_list":{"0":"post-13369","1":"product","2":"type-product","3":"status-publish","4":"has-post-thumbnail","6":"product_cat-drawings","7":"product_cat-oil-painting","8":"product_cat-paintings","9":"product_tag-art","10":"product_tag-color","11":"product_tag-oil-painting","12":"product_tag-painting","13":"product_shipping_class-mailing-tube","15":"first","16":"instock","17":"sold-individually","18":"shipping-taxable","19":"purchasable","20":"product-type-auction"},"_links":{"self":[{"href":"https:\/\/mawuartgallery.com\/fr\/wp-json\/wp\/v2\/product\/13369","targetHints":{"allow":["GET"]}}],"collection":[{"href":"https:\/\/mawuartgallery.com\/fr\/wp-json\/wp\/v2\/product"}],"about":[{"href":"https:\/\/mawuartgallery.com\/fr\/wp-json\/wp\/v2\/types\/product"}],"replies":[{"embeddable":true,"href":"https:\/\/mawuartgallery.com\/fr\/wp-json\/wp\/v2\/comments?post=13369"}],"version-history":[{"count":1,"href":"https:\/\/mawuartgallery.com\/fr\/wp-json\/wp\/v2\/product\/13369\/revisions"}],"predecessor-version":[{"id":17506,"href":"https:\/\/mawuartgallery.com\/fr\/wp-json\/wp\/v2\/product\/13369\/revisions\/17506"}],"wp:featuredmedia":[{"embeddable":true,"href":"https:\/\/mawuartgallery.com\/fr\/wp-json\/wp\/v2\/media\/13370"}],"wp:attachment":[{"href":"https:\/\/mawuartgallery.com\/fr\/wp-json\/wp\/v2\/media?parent=13369"}],"wp:term":[{"taxonomy":"product_brand","embeddable":true,"href":"https:\/\/mawuartgallery.com\/fr\/wp-json\/wp\/v2\/product_brand?post=13369"},{"taxonomy":"product_cat","embeddable":true,"href":"https:\/\/mawuartgallery.com\/fr\/wp-json\/wp\/v2\/product_cat?post=13369"},{"taxonomy":"product_tag","embeddable":true,"href":"https:\/\/mawuartgallery.com\/fr\/wp-json\/wp\/v2\/product_tag?post=13369"}],"curies":[{"name":"wp","href":"https:\/\/api.w.org\/{rel}","templated":true}]}}