{"id":12834,"date":"2024-11-11T14:57:43","date_gmt":"2024-11-11T18:57:43","guid":{"rendered":"https:\/\/mawuartgallery.com\/?post_type=product&#038;p=12834"},"modified":"2025-10-15T10:37:28","modified_gmt":"2025-10-15T14:37:28","slug":"longing-heart","status":"publish","type":"product","link":"https:\/\/mawuartgallery.com\/fr\/produit\/longing-heart\/","title":{"rendered":"Un c\u0153ur languissant"},"content":{"rendered":"<p>Lorsque nous sommes sur le point de trouver l'amour auquel nous aspirons, mais qu'il nous semble encore hors de port\u00e9e, l'anxi\u00e9t\u00e9 et le doute peuvent prendre le dessus. Ce d\u00e9sir d'amour peut nous conduire \u00e0 nous taire par peur ou nous faire attendre dans l'espoir. C'est un rappel puissant de la lutte humaine entre le maintien du r\u00eave d'amour et la gestion de l'incertitude quant \u00e0 sa venue.<\/p>","protected":false},"excerpt":{"rendered":"<h6><strong>Artiste : <span style=\"color: #0000ff;\"><a style=\"color: #0000ff;\" href=\"https:\/\/mawuartgallery.com\/fr\/portfolio-item\/motunrayo_olagunju\/\">OLAGUNJU MOTUNRAYO<\/a>\u00a0<\/span><\/strong><\/h6>\n<p>Acrylique sur toile<br \/>\n(91 x 91 cm \/ 36 x 36 po)<br \/>\nCr\u00e9\u00e9e en 2024<\/p>\n<p>&nbsp;<\/p>\n<p><em>Cet article est soigneusement enroul\u00e9 et exp\u00e9di\u00e9 dans un tube d'exp\u00e9dition afin de garantir une livraison en toute s\u00e9curit\u00e9.<\/em><\/p>\n<p>&nbsp;<\/p>\n<p><strong><em>Pour nous assurer que l'\u0153uvre r\u00e9pond \u00e0 vos attentes, nous serions ravis de vous en fournir une vid\u00e9o en haute d\u00e9finition accompagn\u00e9e des commentaires de l'artiste, avant que vous ne proc\u00e9diez \u00e0 l'achat. Pour ce faire, il vous suffit de communiquer avec nous par courriel \u00e0 <a rel=\"noopener\">mawuartgallery@gmail.com<\/a> D\u00e8s r\u00e9ception de votre demande, nous vous ferons parvenir une ou plusieurs vid\u00e9os\/photos selon votre choix.\u00a0<\/em><\/strong><\/p>\n<p>&nbsp;<\/p>\n<p><strong>LIVRAISON GRATUITE POUR TOUTES LES COMMANDES<\/strong><\/p>","protected":false},"featured_media":15693,"comment_status":"open","ping_status":"closed","template":"","meta":{"nf_dc_page":""},"product_brand":[],"product_cat":[112],"product_tag":[32,34,42],"class_list":{"0":"post-12834","1":"product","2":"type-product","3":"status-publish","4":"has-post-thumbnail","6":"product_cat-acrylic","7":"product_tag-art","8":"product_tag-color","9":"product_tag-painting","10":"product_shipping_class-mailing-tube","12":"first","13":"instock","14":"sold-individually","15":"shipping-taxable","16":"purchasable","17":"product-type-simple"},"_links":{"self":[{"href":"https:\/\/mawuartgallery.com\/fr\/wp-json\/wp\/v2\/product\/12834","targetHints":{"allow":["GET"]}}],"collection":[{"href":"https:\/\/mawuartgallery.com\/fr\/wp-json\/wp\/v2\/product"}],"about":[{"href":"https:\/\/mawuartgallery.com\/fr\/wp-json\/wp\/v2\/types\/product"}],"replies":[{"embeddable":true,"href":"https:\/\/mawuartgallery.com\/fr\/wp-json\/wp\/v2\/comments?post=12834"}],"version-history":[{"count":2,"href":"https:\/\/mawuartgallery.com\/fr\/wp-json\/wp\/v2\/product\/12834\/revisions"}],"predecessor-version":[{"id":16220,"href":"https:\/\/mawuartgallery.com\/fr\/wp-json\/wp\/v2\/product\/12834\/revisions\/16220"}],"wp:featuredmedia":[{"embeddable":true,"href":"https:\/\/mawuartgallery.com\/fr\/wp-json\/wp\/v2\/media\/15693"}],"wp:attachment":[{"href":"https:\/\/mawuartgallery.com\/fr\/wp-json\/wp\/v2\/media?parent=12834"}],"wp:term":[{"taxonomy":"product_brand","embeddable":true,"href":"https:\/\/mawuartgallery.com\/fr\/wp-json\/wp\/v2\/product_brand?post=12834"},{"taxonomy":"product_cat","embeddable":true,"href":"https:\/\/mawuartgallery.com\/fr\/wp-json\/wp\/v2\/product_cat?post=12834"},{"taxonomy":"product_tag","embeddable":true,"href":"https:\/\/mawuartgallery.com\/fr\/wp-json\/wp\/v2\/product_tag?post=12834"}],"curies":[{"name":"wp","href":"https:\/\/api.w.org\/{rel}","templated":true}]}}