{"id":12818,"date":"2024-11-08T18:12:45","date_gmt":"2024-11-08T22:12:45","guid":{"rendered":"https:\/\/mawuartgallery.com\/?post_type=product&#038;p=12818"},"modified":"2025-10-15T10:38:19","modified_gmt":"2025-10-15T14:38:19","slug":"visions-of-tomorrow","status":"publish","type":"product","link":"https:\/\/mawuartgallery.com\/fr\/produit\/visions-of-tomorrow\/","title":{"rendered":"Visions d'avenir"},"content":{"rendered":"<p>Accrochez-vous \u00e0 vos r\u00eaves avec une d\u00e9termination in\u00e9branlable et une vision claire de l'avenir. Accueillez les exp\u00e9riences qui vous fa\u00e7onnent et croyez en l'avenir radieux qui vous attend. Rappelez-vous que la pers\u00e9v\u00e9rance et la confiance en soi sont vos plus grandes forces. Vos r\u00eaves ont le pouvoir d'inspirer et de cr\u00e9er un h\u00e9ritage durable.<\/p>","protected":false},"excerpt":{"rendered":"<h6><strong>Artiste : <span style=\"color: #0000ff;\"><a style=\"color: #0000ff;\" href=\"https:\/\/mawuartgallery.com\/fr\/portfolio-item\/motunrayo_olagunju\/\">OLAGUNJU MOTUNRAYO<\/a>\u00a0<\/span><\/strong><\/h6>\n<p>M\u00e9dias mixtes sur toile<br \/>\n(60 x 60 cm \/ 24 x 24 po)<br \/>\nCr\u00e9\u00e9e en 2024<\/p>\n<p>&nbsp;<\/p>\n<p><em>Cet article est soigneusement enroul\u00e9 et exp\u00e9di\u00e9 dans un tube d'exp\u00e9dition afin de garantir une livraison en toute s\u00e9curit\u00e9.<\/em><\/p>\n<p>&nbsp;<\/p>\n<p><strong><em>Pour nous assurer que l'\u0153uvre r\u00e9pond \u00e0 vos attentes, nous serions ravis de vous en fournir une vid\u00e9o en haute d\u00e9finition accompagn\u00e9e des commentaires de l'artiste, avant que vous ne proc\u00e9diez \u00e0 l'achat. Pour ce faire, il vous suffit de communiquer avec nous par courriel \u00e0 <a rel=\"noopener\">mawuartgallery@gmail.com<\/a> D\u00e8s r\u00e9ception de votre demande, nous vous ferons parvenir une ou plusieurs vid\u00e9os\/photos selon votre choix.\u00a0<\/em><\/strong><\/p>\n<p>&nbsp;<\/p>\n<p><strong>LIVRAISON GRATUITE POUR TOUTES LES COMMANDES<\/strong><\/p>","protected":false},"featured_media":12820,"comment_status":"open","ping_status":"closed","template":"","meta":{"nf_dc_page":""},"product_brand":[],"product_cat":[112,113],"product_tag":[32,34,42],"class_list":{"0":"post-12818","1":"product","2":"type-product","3":"status-publish","4":"has-post-thumbnail","6":"product_cat-acrylic","7":"product_cat-mixed-media","8":"product_tag-art","9":"product_tag-color","10":"product_tag-painting","11":"product_shipping_class-mailing-tube","13":"first","14":"instock","15":"sold-individually","16":"shipping-taxable","17":"purchasable","18":"product-type-simple"},"_links":{"self":[{"href":"https:\/\/mawuartgallery.com\/fr\/wp-json\/wp\/v2\/product\/12818","targetHints":{"allow":["GET"]}}],"collection":[{"href":"https:\/\/mawuartgallery.com\/fr\/wp-json\/wp\/v2\/product"}],"about":[{"href":"https:\/\/mawuartgallery.com\/fr\/wp-json\/wp\/v2\/types\/product"}],"replies":[{"embeddable":true,"href":"https:\/\/mawuartgallery.com\/fr\/wp-json\/wp\/v2\/comments?post=12818"}],"version-history":[{"count":2,"href":"https:\/\/mawuartgallery.com\/fr\/wp-json\/wp\/v2\/product\/12818\/revisions"}],"predecessor-version":[{"id":16222,"href":"https:\/\/mawuartgallery.com\/fr\/wp-json\/wp\/v2\/product\/12818\/revisions\/16222"}],"wp:featuredmedia":[{"embeddable":true,"href":"https:\/\/mawuartgallery.com\/fr\/wp-json\/wp\/v2\/media\/12820"}],"wp:attachment":[{"href":"https:\/\/mawuartgallery.com\/fr\/wp-json\/wp\/v2\/media?parent=12818"}],"wp:term":[{"taxonomy":"product_brand","embeddable":true,"href":"https:\/\/mawuartgallery.com\/fr\/wp-json\/wp\/v2\/product_brand?post=12818"},{"taxonomy":"product_cat","embeddable":true,"href":"https:\/\/mawuartgallery.com\/fr\/wp-json\/wp\/v2\/product_cat?post=12818"},{"taxonomy":"product_tag","embeddable":true,"href":"https:\/\/mawuartgallery.com\/fr\/wp-json\/wp\/v2\/product_tag?post=12818"}],"curies":[{"name":"wp","href":"https:\/\/api.w.org\/{rel}","templated":true}]}}