{"id":12770,"date":"2024-10-10T11:47:52","date_gmt":"2024-10-10T15:47:52","guid":{"rendered":"https:\/\/mawuartgallery.com\/?post_type=product&#038;p=12770"},"modified":"2026-01-07T10:02:31","modified_gmt":"2026-01-07T14:02:31","slug":"therapy-section","status":"publish","type":"product","link":"https:\/\/mawuartgallery.com\/fr\/produit\/therapy-section\/","title":{"rendered":"Section Th\u00e9rapie"},"content":{"rendered":"<p>Dans mon \u0153uvre \u00ab Section th\u00e9rapie \u00bb, j'explore l'id\u00e9e que chacun poss\u00e8de une personne ou une activit\u00e9 qui l'apaise et l'aide \u00e0 faire face aux d\u00e9fis du quotidien. Pour moi, en tant qu'artiste, ce th\u00e8me rev\u00eat une dimension particuli\u00e8rement personnelle : la cr\u00e9ation artistique est une forme de th\u00e9rapie puissante, quelles que soient les circonstances. Avec la bonne musique dans les oreilles et le processus cr\u00e9atif en cours, je trouve un profond r\u00e9confort. Si certains ressentent un manque de cette source de soutien, c'est souvent parce qu'ils ne l'ont pas encore d\u00e9couverte.<\/p>","protected":false},"excerpt":{"rendered":"<h6><strong>Artiste : <span style=\"color: #0000ff;\"><a style=\"color: #0000ff;\" href=\"https:\/\/mawuartgallery.com\/fr\/portfolio-item\/emmanuel-ugwu\/\">EMMANUEL UGWU<\/a><\/span><\/strong><\/h6>\n<p>Fusain et acrylique sur papier<br \/>\n(111 x 91 cm \/ 44 x 36 po)<br \/>\nCr\u00e9\u00e9e en 2022<\/p>\n<p>&nbsp;<\/p>\n<p><em>Cet article est soigneusement enroul\u00e9 et exp\u00e9di\u00e9 dans un tube d'exp\u00e9dition afin de garantir une livraison en toute s\u00e9curit\u00e9.<\/em><\/p>\n<p>&nbsp;<\/p>\n<p><strong><em>Pour nous assurer que l'\u0153uvre r\u00e9pond \u00e0 vos attentes, nous serions ravis de vous en fournir une vid\u00e9o en haute d\u00e9finition accompagn\u00e9e des commentaires de l'artiste, avant que vous ne proc\u00e9diez \u00e0 l'achat. Pour ce faire, il vous suffit de communiquer avec nous par courriel \u00e0 <a rel=\"noopener\">mawuartgallery@gmail.com<\/a> D\u00e8s r\u00e9ception de votre demande, nous vous ferons parvenir une ou plusieurs vid\u00e9os\/photos selon votre choix.\u00a0<\/em><\/strong><\/p>\n<p>&nbsp;<\/p>\n<p><strong>LIVRAISON GRATUITE POUR TOUTES LES COMMANDES<\/strong><\/p>","protected":false},"featured_media":17351,"comment_status":"open","ping_status":"closed","template":"","meta":{"nf_dc_page":""},"product_brand":[],"product_cat":[112,121,37],"product_tag":[32,34,42],"class_list":{"0":"post-12770","1":"product","2":"type-product","3":"status-publish","4":"has-post-thumbnail","6":"product_cat-acrylic","7":"product_cat-charcoal","8":"product_cat-drawings","9":"product_tag-art","10":"product_tag-color","11":"product_tag-painting","12":"product_shipping_class-mailing-tube","14":"first","15":"instock","16":"sold-individually","17":"shipping-taxable","18":"purchasable","19":"product-type-simple"},"_links":{"self":[{"href":"https:\/\/mawuartgallery.com\/fr\/wp-json\/wp\/v2\/product\/12770","targetHints":{"allow":["GET"]}}],"collection":[{"href":"https:\/\/mawuartgallery.com\/fr\/wp-json\/wp\/v2\/product"}],"about":[{"href":"https:\/\/mawuartgallery.com\/fr\/wp-json\/wp\/v2\/types\/product"}],"replies":[{"embeddable":true,"href":"https:\/\/mawuartgallery.com\/fr\/wp-json\/wp\/v2\/comments?post=12770"}],"version-history":[{"count":2,"href":"https:\/\/mawuartgallery.com\/fr\/wp-json\/wp\/v2\/product\/12770\/revisions"}],"predecessor-version":[{"id":16611,"href":"https:\/\/mawuartgallery.com\/fr\/wp-json\/wp\/v2\/product\/12770\/revisions\/16611"}],"wp:featuredmedia":[{"embeddable":true,"href":"https:\/\/mawuartgallery.com\/fr\/wp-json\/wp\/v2\/media\/17351"}],"wp:attachment":[{"href":"https:\/\/mawuartgallery.com\/fr\/wp-json\/wp\/v2\/media?parent=12770"}],"wp:term":[{"taxonomy":"product_brand","embeddable":true,"href":"https:\/\/mawuartgallery.com\/fr\/wp-json\/wp\/v2\/product_brand?post=12770"},{"taxonomy":"product_cat","embeddable":true,"href":"https:\/\/mawuartgallery.com\/fr\/wp-json\/wp\/v2\/product_cat?post=12770"},{"taxonomy":"product_tag","embeddable":true,"href":"https:\/\/mawuartgallery.com\/fr\/wp-json\/wp\/v2\/product_tag?post=12770"}],"curies":[{"name":"wp","href":"https:\/\/api.w.org\/{rel}","templated":true}]}}