{"id":12755,"date":"2024-10-10T09:56:22","date_gmt":"2024-10-10T13:56:22","guid":{"rendered":"https:\/\/mawuartgallery.com\/?post_type=product&#038;p=12755"},"modified":"2025-11-06T09:18:31","modified_gmt":"2025-11-06T13:18:31","slug":"missing-piece","status":"publish","type":"product","link":"https:\/\/mawuartgallery.com\/fr\/produit\/missing-piece\/","title":{"rendered":"Pi\u00e8ce manquante"},"content":{"rendered":"<p>Dans mon \u0153uvre intitul\u00e9e \u00ab Pi\u00e8ce manquante \u00bb, j'ai employ\u00e9 une technique appel\u00e9e \u00ab micro hachurage \u00bb. L'\u0153uvre repr\u00e9sente un homme solitaire au visage flou, cr\u00e9ant une illusion de mouvement. Sa main gauche, color\u00e9e et tenant une pierre pr\u00e9cieuse, souligne que la richesse de la vie ne r\u00e9side pas dans la multitude d'activit\u00e9s qui nous distraient, nous faisant osciller entre confusion et perte d'identit\u00e9. Au contraire, elle \u00e9merge de la qu\u00eate d'un sens et d'un but \u00e0 travers une seule poursuite. \u00c0 travers des d\u00e9tails complexes et l'utilisation d\u00e9lib\u00e9r\u00e9e d'une figure solitaire, je cherche \u00e0 transmettre l'id\u00e9e qu'une focalisation sur un objectif unique peut conduire \u00e0 une existence plus riche et \u00e9panouissante.<\/p>","protected":false},"excerpt":{"rendered":"<h6><strong>Artiste : <span style=\"color: #0000ff;\"><a style=\"color: #0000ff;\" href=\"https:\/\/mawuartgallery.com\/fr\/portfolio-item\/emmanuel-ugwu\/\">EMMANUEL UGWU<\/a><\/span><\/strong><\/h6>\n<p>Fusain et acrylique sur papier<br \/>\n(101 x 55 cm \/ 40 x 22 po)<br \/>\nCr\u00e9\u00e9e en 2023<\/p>\n<p>&nbsp;<\/p>\n<p><em>Cet article est soigneusement enroul\u00e9 et exp\u00e9di\u00e9 dans un tube d'exp\u00e9dition afin de garantir une livraison en toute s\u00e9curit\u00e9.<\/em><\/p>\n<p>&nbsp;<\/p>\n<p><strong><em>Pour nous assurer que l'\u0153uvre r\u00e9pond \u00e0 vos attentes, nous serions ravis de vous en fournir une vid\u00e9o en haute d\u00e9finition accompagn\u00e9e des commentaires de l'artiste, avant que vous ne proc\u00e9diez \u00e0 l'achat. Pour ce faire, il vous suffit de communiquer avec nous par courriel \u00e0 <a rel=\"noopener\">mawuartgallery@gmail.com<\/a> D\u00e8s r\u00e9ception de votre demande, nous vous ferons parvenir une ou plusieurs vid\u00e9os\/photos selon votre choix.\u00a0<\/em><\/strong><\/p>\n<p>&nbsp;<\/p>\n<p><strong>LIVRAISON GRATUITE POUR TOUTES LES COMMANDES<\/strong><\/p>","protected":false},"featured_media":12757,"comment_status":"open","ping_status":"closed","template":"","meta":{"nf_dc_page":""},"product_brand":[],"product_cat":[112,121,37],"product_tag":[32,34,42],"class_list":{"0":"post-12755","1":"product","2":"type-product","3":"status-publish","4":"has-post-thumbnail","6":"product_cat-acrylic","7":"product_cat-charcoal","8":"product_cat-drawings","9":"product_tag-art","10":"product_tag-color","11":"product_tag-painting","12":"product_shipping_class-mailing-tube","14":"first","15":"instock","16":"sold-individually","17":"shipping-taxable","18":"purchasable","19":"product-type-simple"},"_links":{"self":[{"href":"https:\/\/mawuartgallery.com\/fr\/wp-json\/wp\/v2\/product\/12755","targetHints":{"allow":["GET"]}}],"collection":[{"href":"https:\/\/mawuartgallery.com\/fr\/wp-json\/wp\/v2\/product"}],"about":[{"href":"https:\/\/mawuartgallery.com\/fr\/wp-json\/wp\/v2\/types\/product"}],"replies":[{"embeddable":true,"href":"https:\/\/mawuartgallery.com\/fr\/wp-json\/wp\/v2\/comments?post=12755"}],"version-history":[{"count":2,"href":"https:\/\/mawuartgallery.com\/fr\/wp-json\/wp\/v2\/product\/12755\/revisions"}],"predecessor-version":[{"id":16604,"href":"https:\/\/mawuartgallery.com\/fr\/wp-json\/wp\/v2\/product\/12755\/revisions\/16604"}],"wp:featuredmedia":[{"embeddable":true,"href":"https:\/\/mawuartgallery.com\/fr\/wp-json\/wp\/v2\/media\/12757"}],"wp:attachment":[{"href":"https:\/\/mawuartgallery.com\/fr\/wp-json\/wp\/v2\/media?parent=12755"}],"wp:term":[{"taxonomy":"product_brand","embeddable":true,"href":"https:\/\/mawuartgallery.com\/fr\/wp-json\/wp\/v2\/product_brand?post=12755"},{"taxonomy":"product_cat","embeddable":true,"href":"https:\/\/mawuartgallery.com\/fr\/wp-json\/wp\/v2\/product_cat?post=12755"},{"taxonomy":"product_tag","embeddable":true,"href":"https:\/\/mawuartgallery.com\/fr\/wp-json\/wp\/v2\/product_tag?post=12755"}],"curies":[{"name":"wp","href":"https:\/\/api.w.org\/{rel}","templated":true}]}}