{"id":12665,"date":"2024-09-16T15:34:11","date_gmt":"2024-09-16T19:34:11","guid":{"rendered":"https:\/\/mawuartgallery.com\/?post_type=product&#038;p=12665"},"modified":"2026-02-02T12:35:04","modified_gmt":"2026-02-02T16:35:04","slug":"waiting-at-dusk","status":"publish","type":"product","link":"https:\/\/mawuartgallery.com\/fr\/produit\/waiting-at-dusk\/","title":{"rendered":"L'ATTENTE AU CR\u00c9PUSCULE"},"content":{"rendered":"<p>\u00c0 travers le regard d'une enfant, cette \u0153uvre d\u00e9peint une m\u00e8re immerg\u00e9e dans de profondes r\u00e9flexions, nourrissant l\u2019espoir d\u2019un avenir meilleur pour elle-m\u00eame et ses proches.<\/p>","protected":false},"excerpt":{"rendered":"<h6><strong>Artiste : <\/strong><a href=\"https:\/\/mawuartgallery.com\/fr\/portfolio-item\/jules-disso\/\"><strong><span style=\"color: #0000ff;\">JULES DISSO<\/span><\/strong><\/a><\/h6>\n<p>Stylo et acrylique sur toile<br \/>\n(130 x 120 cm \/ 51 x 47 po)<br \/>\nCr\u00e9\u00e9e en 2023<\/p>\n<p>&nbsp;<\/p>\n<h6>\ud83d\udd04Dans cette ench\u00e8re invers\u00e9e, le prix baisse quotidiennement\ud83d\udcc9. SOYEZ LE 1er ou la 1re \u00e0 atteindre le myst\u00e9rieux prix minimum de l'artiste\ud83c\udfafet l'\u0153uvre\ud83d\uddbc\ufe0f est \u00e0 vous! Ench\u00e9rissez avec audace!<\/h6>\n<p>&nbsp;<\/p>\n<p><strong>LIVRAISON GRATUITE POUR TOUTES LES COMMANDES<\/strong><\/p>","protected":false},"featured_media":12666,"comment_status":"open","ping_status":"closed","template":"","meta":{"nf_dc_page":""},"product_brand":[],"product_cat":[112,114,37],"product_tag":[32,34,42],"class_list":{"0":"post-12665","1":"product","2":"type-product","3":"status-publish","4":"has-post-thumbnail","6":"product_cat-acrylic","7":"product_cat-ballpoint-pen","8":"product_cat-drawings","9":"product_tag-art","10":"product_tag-color","11":"product_tag-painting","12":"product_shipping_class-mailing-tube","14":"first","15":"instock","16":"sold-individually","17":"shipping-taxable","18":"purchasable","19":"product-type-auction"},"_links":{"self":[{"href":"https:\/\/mawuartgallery.com\/fr\/wp-json\/wp\/v2\/product\/12665","targetHints":{"allow":["GET"]}}],"collection":[{"href":"https:\/\/mawuartgallery.com\/fr\/wp-json\/wp\/v2\/product"}],"about":[{"href":"https:\/\/mawuartgallery.com\/fr\/wp-json\/wp\/v2\/types\/product"}],"replies":[{"embeddable":true,"href":"https:\/\/mawuartgallery.com\/fr\/wp-json\/wp\/v2\/comments?post=12665"}],"version-history":[{"count":1,"href":"https:\/\/mawuartgallery.com\/fr\/wp-json\/wp\/v2\/product\/12665\/revisions"}],"predecessor-version":[{"id":17564,"href":"https:\/\/mawuartgallery.com\/fr\/wp-json\/wp\/v2\/product\/12665\/revisions\/17564"}],"wp:featuredmedia":[{"embeddable":true,"href":"https:\/\/mawuartgallery.com\/fr\/wp-json\/wp\/v2\/media\/12666"}],"wp:attachment":[{"href":"https:\/\/mawuartgallery.com\/fr\/wp-json\/wp\/v2\/media?parent=12665"}],"wp:term":[{"taxonomy":"product_brand","embeddable":true,"href":"https:\/\/mawuartgallery.com\/fr\/wp-json\/wp\/v2\/product_brand?post=12665"},{"taxonomy":"product_cat","embeddable":true,"href":"https:\/\/mawuartgallery.com\/fr\/wp-json\/wp\/v2\/product_cat?post=12665"},{"taxonomy":"product_tag","embeddable":true,"href":"https:\/\/mawuartgallery.com\/fr\/wp-json\/wp\/v2\/product_tag?post=12665"}],"curies":[{"name":"wp","href":"https:\/\/api.w.org\/{rel}","templated":true}]}}