{"id":12660,"date":"2024-09-16T14:20:10","date_gmt":"2024-09-16T18:20:10","guid":{"rendered":"https:\/\/mawuartgallery.com\/?post_type=product&#038;p=12660"},"modified":"2026-02-02T12:37:07","modified_gmt":"2026-02-02T16:37:07","slug":"japap-at-the-marsh","status":"publish","type":"product","link":"https:\/\/mawuartgallery.com\/fr\/produit\/japap-at-the-marsh\/","title":{"rendered":"Je Japap au marigot"},"content":{"rendered":"<p>Cette \u0153uvre illustre un moment de la vie quotidienne en mettant en avant les femmes de notre culture (camerounaise) qui se rendent au marigot pour puiser de l'eau. L'\u0153uvre capture l\u2019animation des \u00e9changes et des conversations entre ces femmes. Le terme Japap signifie \u00ab commentaire \u00bb dans notre langue (bamil\u00e9k\u00e9), refl\u00e9tant ainsi l\u2019importance des dialogues dans cette sc\u00e8ne.<\/p>","protected":false},"excerpt":{"rendered":"<h6><strong>Artiste : <\/strong><a href=\"https:\/\/mawuartgallery.com\/fr\/portfolio-item\/jules-disso\/\"><strong><span style=\"color: #0000ff;\">JULES DISSO<\/span><\/strong><\/a><\/h6>\n<p>Stylo et acrylique sur toile<br \/>\n(130 x 120 cm \/ 51 x 47 po)<br \/>\nCr\u00e9\u00e9e en 2023<\/p>\n<p>&nbsp;<\/p>\n<h6>\ud83d\udd04Dans cette ench\u00e8re invers\u00e9e, le prix baisse quotidiennement\ud83d\udcc9. SOYEZ LE 1er ou la 1re \u00e0 atteindre le myst\u00e9rieux prix minimum de l'artiste\ud83c\udfafet l'\u0153uvre\ud83d\uddbc\ufe0f est \u00e0 vous! Ench\u00e9rissez avec audace!<\/h6>\n<p>&nbsp;<\/p>\n<p><strong>LIVRAISON GRATUITE POUR TOUTES LES COMMANDES<\/strong><\/p>","protected":false},"featured_media":12661,"comment_status":"open","ping_status":"closed","template":"","meta":{"nf_dc_page":""},"product_brand":[],"product_cat":[112,114,37],"product_tag":[32,34,42],"class_list":{"0":"post-12660","1":"product","2":"type-product","3":"status-publish","4":"has-post-thumbnail","6":"product_cat-acrylic","7":"product_cat-ballpoint-pen","8":"product_cat-drawings","9":"product_tag-art","10":"product_tag-color","11":"product_tag-painting","12":"product_shipping_class-mailing-tube","14":"first","15":"instock","16":"sold-individually","17":"shipping-taxable","18":"purchasable","19":"product-type-auction"},"_links":{"self":[{"href":"https:\/\/mawuartgallery.com\/fr\/wp-json\/wp\/v2\/product\/12660","targetHints":{"allow":["GET"]}}],"collection":[{"href":"https:\/\/mawuartgallery.com\/fr\/wp-json\/wp\/v2\/product"}],"about":[{"href":"https:\/\/mawuartgallery.com\/fr\/wp-json\/wp\/v2\/types\/product"}],"replies":[{"embeddable":true,"href":"https:\/\/mawuartgallery.com\/fr\/wp-json\/wp\/v2\/comments?post=12660"}],"version-history":[{"count":1,"href":"https:\/\/mawuartgallery.com\/fr\/wp-json\/wp\/v2\/product\/12660\/revisions"}],"predecessor-version":[{"id":17565,"href":"https:\/\/mawuartgallery.com\/fr\/wp-json\/wp\/v2\/product\/12660\/revisions\/17565"}],"wp:featuredmedia":[{"embeddable":true,"href":"https:\/\/mawuartgallery.com\/fr\/wp-json\/wp\/v2\/media\/12661"}],"wp:attachment":[{"href":"https:\/\/mawuartgallery.com\/fr\/wp-json\/wp\/v2\/media?parent=12660"}],"wp:term":[{"taxonomy":"product_brand","embeddable":true,"href":"https:\/\/mawuartgallery.com\/fr\/wp-json\/wp\/v2\/product_brand?post=12660"},{"taxonomy":"product_cat","embeddable":true,"href":"https:\/\/mawuartgallery.com\/fr\/wp-json\/wp\/v2\/product_cat?post=12660"},{"taxonomy":"product_tag","embeddable":true,"href":"https:\/\/mawuartgallery.com\/fr\/wp-json\/wp\/v2\/product_tag?post=12660"}],"curies":[{"name":"wp","href":"https:\/\/api.w.org\/{rel}","templated":true}]}}