{"id":12428,"date":"2024-08-23T14:54:04","date_gmt":"2024-08-23T14:54:04","guid":{"rendered":"https:\/\/mawuartgallery.com\/?post_type=product&#038;p=12428"},"modified":"2025-10-14T13:58:50","modified_gmt":"2025-10-14T17:58:50","slug":"manipura-chakra","status":"publish","type":"product","link":"https:\/\/mawuartgallery.com\/fr\/produit\/manipura-chakra\/","title":{"rendered":"Chakra Manipura"},"content":{"rendered":"<p>Cette peinture incarne l'\u00e9nergie vive et la lumi\u00e8re \u00e9clatante du troisi\u00e8me chakra, celui du pouvoir personnel, de l'estime de soi et de la transformation int\u00e9rieure. L\u2019utilisation de l\u2019or et des ornements d\u00e9licats symbolise la richesse et l\u2019abondance accessibles gr\u00e2ce \u00e0 l\u2019\u00e9quilibre de ce chakra. \u00c0 travers ce tableau, se manifestent la puissance, la force vitale, et l'\u00e9clat du soleil, \u00e9l\u00e9ments essentiels pour nourrir et \u00e9lever l\u2019esprit.<\/p>\n<p>&nbsp;<\/p>\n<p>L'image de la jeune fille entour\u00e9e du chakra Manipura peut servir de rappel constant de l'importance de l'autonomisation personnelle et de la confiance en soi. Elle vise \u00e0 inspirer l'observateur \u00e0 rechercher et \u00e0 d\u00e9velopper sa propre puissance int\u00e9rieure.<\/p>","protected":false},"excerpt":{"rendered":"<h6><strong>Artiste : <span style=\"color: #0000ff;\"><a style=\"color: #0000ff;\" href=\"https:\/\/mawuartgallery.com\/fr\/portfolio-item\/dora-alis-mera-velasco\/\" target=\"_blank\" rel=\"noopener\">DORA ALIS MERA VELASCO<\/a><\/span><\/strong><\/h6>\n<p>Huile sur toile<br \/>\n(100 x 100 cm \/ 39 x 39 po)<br \/>\nCr\u00e9\u00e9e en 2022<\/p>\n<p>&nbsp;<\/p>\n<p><em>Cet article est soigneusement enroul\u00e9 et exp\u00e9di\u00e9 dans un tube d'exp\u00e9dition afin de garantir une livraison en toute s\u00e9curit\u00e9.<\/em><\/p>\n<p>&nbsp;<\/p>\n<p><strong><em>Pour nous assurer que l'\u0153uvre r\u00e9pond \u00e0 vos attentes, nous serions ravis de vous en fournir une vid\u00e9o en haute d\u00e9finition accompagn\u00e9e des commentaires de l'artiste, avant que vous ne proc\u00e9diez \u00e0 l'achat. Pour ce faire, il vous suffit de communiquer avec nous par courriel \u00e0 <a rel=\"noopener\">mawuartgallery@gmail.com<\/a> D\u00e8s r\u00e9ception de votre demande, nous vous ferons parvenir une ou plusieurs vid\u00e9os\/photos selon votre choix.\u00a0<\/em><\/strong><\/p>\n<p>&nbsp;<\/p>\n<p><strong>LIVRAISON GRATUITE POUR TOUTES LES COMMANDES<\/strong><\/p>","protected":false},"featured_media":12429,"comment_status":"open","ping_status":"closed","template":"","meta":{"nf_dc_page":""},"product_brand":[],"product_cat":[37,70],"product_tag":[32,34,42],"class_list":{"0":"post-12428","1":"product","2":"type-product","3":"status-publish","4":"has-post-thumbnail","6":"product_cat-drawings","7":"product_cat-oil-painting","8":"product_tag-art","9":"product_tag-color","10":"product_tag-painting","11":"product_shipping_class-mailing-tube","13":"first","14":"instock","15":"sold-individually","16":"shipping-taxable","17":"purchasable","18":"product-type-simple"},"_links":{"self":[{"href":"https:\/\/mawuartgallery.com\/fr\/wp-json\/wp\/v2\/product\/12428","targetHints":{"allow":["GET"]}}],"collection":[{"href":"https:\/\/mawuartgallery.com\/fr\/wp-json\/wp\/v2\/product"}],"about":[{"href":"https:\/\/mawuartgallery.com\/fr\/wp-json\/wp\/v2\/types\/product"}],"replies":[{"embeddable":true,"href":"https:\/\/mawuartgallery.com\/fr\/wp-json\/wp\/v2\/comments?post=12428"}],"version-history":[{"count":2,"href":"https:\/\/mawuartgallery.com\/fr\/wp-json\/wp\/v2\/product\/12428\/revisions"}],"predecessor-version":[{"id":16164,"href":"https:\/\/mawuartgallery.com\/fr\/wp-json\/wp\/v2\/product\/12428\/revisions\/16164"}],"wp:featuredmedia":[{"embeddable":true,"href":"https:\/\/mawuartgallery.com\/fr\/wp-json\/wp\/v2\/media\/12429"}],"wp:attachment":[{"href":"https:\/\/mawuartgallery.com\/fr\/wp-json\/wp\/v2\/media?parent=12428"}],"wp:term":[{"taxonomy":"product_brand","embeddable":true,"href":"https:\/\/mawuartgallery.com\/fr\/wp-json\/wp\/v2\/product_brand?post=12428"},{"taxonomy":"product_cat","embeddable":true,"href":"https:\/\/mawuartgallery.com\/fr\/wp-json\/wp\/v2\/product_cat?post=12428"},{"taxonomy":"product_tag","embeddable":true,"href":"https:\/\/mawuartgallery.com\/fr\/wp-json\/wp\/v2\/product_tag?post=12428"}],"curies":[{"name":"wp","href":"https:\/\/api.w.org\/{rel}","templated":true}]}}