{"id":12423,"date":"2024-08-23T14:35:27","date_gmt":"2024-08-23T14:35:27","guid":{"rendered":"https:\/\/mawuartgallery.com\/?post_type=product&#038;p=12423"},"modified":"2025-10-14T13:55:52","modified_gmt":"2025-10-14T17:55:52","slug":"prosperity-portrait-12","status":"publish","type":"product","link":"https:\/\/mawuartgallery.com\/fr\/produit\/prosperity-portrait-12\/","title":{"rendered":"Portrait de prosp\u00e9rit\u00e9 12"},"content":{"rendered":"<p>Cette \u0153uvre repr\u00e9sente un enfant africain d\u00e9gageant une pr\u00e9sence majestueuse, voire royale, comme en t\u00e9moigne le grand collier d\u2019or qui orne son cou, surmont\u00e9 d\u2019une pierre pr\u00e9cieuse de jad\u00e9ite-albite qui scintille au centre. Ce symbole de richesse, de puret\u00e9, d\u2019\u00e9quilibre et de pouvoir souligne non seulement son statut \u00e9lev\u00e9, mais sugg\u00e8re \u00e9galement la prosp\u00e9rit\u00e9 et l\u2019abondance qui l\u2019entourent.<\/p>\n<p>&nbsp;<\/p>\n<p>Le regard de l'enfant, serein et profond, v\u00e9hicule une sagesse et une force int\u00e9rieure<\/p>\n<p>&nbsp;<\/p>\n<p>Ce portrait incarne une richesse qui va bien au-del\u00e0 des biens mat\u00e9riels; il refl\u00e8te \u00e9galement la profondeur de l\u2019esprit et la richesse culturelle que l\u2019enfant porte en lui, symbolisant ainsi un h\u00e9ritage pr\u00e9cieux et une sagesse vivante.<\/p>","protected":false},"excerpt":{"rendered":"<h6><strong>Artiste : <span style=\"color: #0000ff;\"><a style=\"color: #0000ff;\" href=\"https:\/\/mawuartgallery.com\/fr\/portfolio-item\/dora-alis-mera-velasco\/\" target=\"_blank\" rel=\"noopener\">DORA ALIS MERA VELASCO<\/a><\/span><\/strong><\/h6>\n<p>Pastel \u00e0 l'huile sur carton<br \/>\n(35 x 25 cm \/ 13.7 x 9.8 in.)<br \/>\nCr\u00e9\u00e9e en 2022<\/p>\n<p>&nbsp;<\/p>\n<p><em>Cet article est soigneusement enroul\u00e9 et exp\u00e9di\u00e9 dans un tube d'exp\u00e9dition afin de garantir une livraison en toute s\u00e9curit\u00e9.<\/em><\/p>\n<p>&nbsp;<\/p>\n<p><strong><em>Pour nous assurer que l'\u0153uvre r\u00e9pond \u00e0 vos attentes, nous serions ravis de vous en fournir une vid\u00e9o en haute d\u00e9finition accompagn\u00e9e des commentaires de l'artiste, avant que vous ne proc\u00e9diez \u00e0 l'achat. Pour ce faire, il vous suffit de communiquer avec nous par courriel \u00e0 <a rel=\"noopener\">mawuartgallery@gmail.com<\/a> D\u00e8s r\u00e9ception de votre demande, nous vous ferons parvenir une ou plusieurs vid\u00e9os\/photos selon votre choix.\u00a0<\/em><\/strong><\/p>\n<p>&nbsp;<\/p>\n<p><strong>LIVRAISON GRATUITE POUR TOUTES LES COMMANDES<\/strong><\/p>","protected":false},"featured_media":12425,"comment_status":"open","ping_status":"closed","template":"","meta":{"nf_dc_page":""},"product_brand":[],"product_cat":[37,118],"product_tag":[32,34,42],"class_list":{"0":"post-12423","1":"product","2":"type-product","3":"status-publish","4":"has-post-thumbnail","6":"product_cat-drawings","7":"product_cat-oil-pastel","8":"product_tag-art","9":"product_tag-color","10":"product_tag-painting","11":"product_shipping_class-flat-paper-cardboard","13":"first","14":"instock","15":"sold-individually","16":"shipping-taxable","17":"purchasable","18":"product-type-simple"},"_links":{"self":[{"href":"https:\/\/mawuartgallery.com\/fr\/wp-json\/wp\/v2\/product\/12423","targetHints":{"allow":["GET"]}}],"collection":[{"href":"https:\/\/mawuartgallery.com\/fr\/wp-json\/wp\/v2\/product"}],"about":[{"href":"https:\/\/mawuartgallery.com\/fr\/wp-json\/wp\/v2\/types\/product"}],"replies":[{"embeddable":true,"href":"https:\/\/mawuartgallery.com\/fr\/wp-json\/wp\/v2\/comments?post=12423"}],"version-history":[{"count":2,"href":"https:\/\/mawuartgallery.com\/fr\/wp-json\/wp\/v2\/product\/12423\/revisions"}],"predecessor-version":[{"id":16162,"href":"https:\/\/mawuartgallery.com\/fr\/wp-json\/wp\/v2\/product\/12423\/revisions\/16162"}],"wp:featuredmedia":[{"embeddable":true,"href":"https:\/\/mawuartgallery.com\/fr\/wp-json\/wp\/v2\/media\/12425"}],"wp:attachment":[{"href":"https:\/\/mawuartgallery.com\/fr\/wp-json\/wp\/v2\/media?parent=12423"}],"wp:term":[{"taxonomy":"product_brand","embeddable":true,"href":"https:\/\/mawuartgallery.com\/fr\/wp-json\/wp\/v2\/product_brand?post=12423"},{"taxonomy":"product_cat","embeddable":true,"href":"https:\/\/mawuartgallery.com\/fr\/wp-json\/wp\/v2\/product_cat?post=12423"},{"taxonomy":"product_tag","embeddable":true,"href":"https:\/\/mawuartgallery.com\/fr\/wp-json\/wp\/v2\/product_tag?post=12423"}],"curies":[{"name":"wp","href":"https:\/\/api.w.org\/{rel}","templated":true}]}}