{"id":12418,"date":"2024-08-23T14:09:17","date_gmt":"2024-08-23T14:09:17","guid":{"rendered":"https:\/\/mawuartgallery.com\/?post_type=product&#038;p=12418"},"modified":"2025-10-14T13:27:51","modified_gmt":"2025-10-14T17:27:51","slug":"colors-of-innocence-8","status":"publish","type":"product","link":"https:\/\/mawuartgallery.com\/fr\/produit\/colors-of-innocence-8\/","title":{"rendered":"Couleurs de l'innocence 8"},"content":{"rendered":"<p>An African girl emerges with a look that pierces the soul, intense and deep, as if it held the secrets of generations. Her hairstyle, a work of art in itself, is composed of braids adorned with vibrantly colored beads that dance with each movement, reflecting the richness of her culture and the joy of her spirit.<\/p>\n<p>&nbsp;<\/p>\n<p>Painted with many strokes and layers of oil pastel, the shades of blue, red, green and yellow of the beads contrast beautifully with the dark background of the black paper. This combination not only highlights the girl&#8217;s beauty and expression, but also creates a visual and emotional impact that can leave a mark on whoever looks at it. It is a testament to the innocence, strength and hope that resides in every young look.<\/p>\n<p>&nbsp;<\/p>\n<p>Couleurs de l'innocence est une s\u00e9rie de portraits o\u00f9, par ses couleurs, l'artiste nous invite \u00e0 appr\u00e9cier la richesse et la profondeur de la m\u00e9lanine, remettant en question les normes de beaut\u00e9 conventionnelles. Les tons chauds des pastels \u00e0 l'huile sont m\u00e9lang\u00e9s sur du papier Bristol, cr\u00e9ant une palette qui englobe une vari\u00e9t\u00e9 de tons de peau. Chaque enfant est un t\u00e9moignage de la diversit\u00e9 humaine et de la beaut\u00e9 qui lui est inh\u00e9rente.<\/p>","protected":false},"excerpt":{"rendered":"<h6><strong>Artiste : <span style=\"color: #0000ff;\"><a style=\"color: #0000ff;\" href=\"https:\/\/mawuartgallery.com\/fr\/portfolio-item\/dora-alis-mera-velasco\/\" target=\"_blank\" rel=\"noopener\">DORA ALIS MERA VELASCO<\/a><\/span><\/strong><\/h6>\n<p>Pastel \u00e0 l'huile sur papier Strathmore Bristol<br \/>\n(35.6 x 28 cm \/ 14 x 11 po)<br \/>\nCr\u00e9\u00e9e en 2024<\/p>\n<p>&nbsp;<\/p>\n<p><em>Cet article est soigneusement enroul\u00e9 et exp\u00e9di\u00e9 dans un tube d'exp\u00e9dition afin de garantir une livraison en toute s\u00e9curit\u00e9.<\/em><\/p>\n<p>&nbsp;<\/p>\n<p><strong><em>Pour nous assurer que l'\u0153uvre r\u00e9pond \u00e0 vos attentes, nous serions ravis de vous en fournir une vid\u00e9o en haute d\u00e9finition accompagn\u00e9e des commentaires de l'artiste, avant que vous ne proc\u00e9diez \u00e0 l'achat. Pour ce faire, il vous suffit de communiquer avec nous par courriel \u00e0 <a rel=\"noopener\">mawuartgallery@gmail.com<\/a> D\u00e8s r\u00e9ception de votre demande, nous vous ferons parvenir une ou plusieurs vid\u00e9os\/photos selon votre choix.\u00a0<\/em><\/strong><\/p>\n<p>&nbsp;<\/p>\n<p><strong>LIVRAISON GRATUITE POUR TOUTES LES COMMANDES<\/strong><\/p>","protected":false},"featured_media":12420,"comment_status":"open","ping_status":"closed","template":"","meta":{"nf_dc_page":""},"product_brand":[],"product_cat":[37,118],"product_tag":[32,34,42],"class_list":{"0":"post-12418","1":"product","2":"type-product","3":"status-publish","4":"has-post-thumbnail","6":"product_cat-drawings","7":"product_cat-oil-pastel","8":"product_tag-art","9":"product_tag-color","10":"product_tag-painting","11":"product_shipping_class-flat-paper-cardboard","13":"first","14":"instock","15":"sold-individually","16":"shipping-taxable","17":"purchasable","18":"product-type-simple"},"_links":{"self":[{"href":"https:\/\/mawuartgallery.com\/fr\/wp-json\/wp\/v2\/product\/12418","targetHints":{"allow":["GET"]}}],"collection":[{"href":"https:\/\/mawuartgallery.com\/fr\/wp-json\/wp\/v2\/product"}],"about":[{"href":"https:\/\/mawuartgallery.com\/fr\/wp-json\/wp\/v2\/types\/product"}],"replies":[{"embeddable":true,"href":"https:\/\/mawuartgallery.com\/fr\/wp-json\/wp\/v2\/comments?post=12418"}],"version-history":[{"count":2,"href":"https:\/\/mawuartgallery.com\/fr\/wp-json\/wp\/v2\/product\/12418\/revisions"}],"predecessor-version":[{"id":16158,"href":"https:\/\/mawuartgallery.com\/fr\/wp-json\/wp\/v2\/product\/12418\/revisions\/16158"}],"wp:featuredmedia":[{"embeddable":true,"href":"https:\/\/mawuartgallery.com\/fr\/wp-json\/wp\/v2\/media\/12420"}],"wp:attachment":[{"href":"https:\/\/mawuartgallery.com\/fr\/wp-json\/wp\/v2\/media?parent=12418"}],"wp:term":[{"taxonomy":"product_brand","embeddable":true,"href":"https:\/\/mawuartgallery.com\/fr\/wp-json\/wp\/v2\/product_brand?post=12418"},{"taxonomy":"product_cat","embeddable":true,"href":"https:\/\/mawuartgallery.com\/fr\/wp-json\/wp\/v2\/product_cat?post=12418"},{"taxonomy":"product_tag","embeddable":true,"href":"https:\/\/mawuartgallery.com\/fr\/wp-json\/wp\/v2\/product_tag?post=12418"}],"curies":[{"name":"wp","href":"https:\/\/api.w.org\/{rel}","templated":true}]}}