{"id":12413,"date":"2024-08-23T13:20:09","date_gmt":"2024-08-23T13:20:09","guid":{"rendered":"https:\/\/mawuartgallery.com\/?post_type=product&#038;p=12413"},"modified":"2025-10-14T14:02:02","modified_gmt":"2025-10-14T18:02:02","slug":"colors-of-innocence-6","status":"publish","type":"product","link":"https:\/\/mawuartgallery.com\/fr\/produit\/colors-of-innocence-6\/","title":{"rendered":"Couleurs de l'innocence 6"},"content":{"rendered":"<p>La noblesse, la royaut\u00e9 et l'innocence s'entrem\u00ealent dans le regard du petit prince africain, cr\u00e9ant un lien profond avec l'observateur. Les couleurs vives et les d\u00e9tails complexes des v\u00eatements du jeune prince sugg\u00e8rent un riche h\u00e9ritage culturel. La douceur de la composition peut inspirer des sentiments d'espoir et l'esprit durable de la jeunesse. Ce magnifique portrait souligne non seulement la noblesse du sujet, mais aussi la beaut\u00e9 et la dignit\u00e9 de sa culture.<\/p>\n<p>&nbsp;<\/p>\n<p>Couleurs de l'innocence est une s\u00e9rie de portraits o\u00f9, par ses couleurs, l'artiste nous invite \u00e0 appr\u00e9cier la richesse et la profondeur de la m\u00e9lanine, remettant en question les normes de beaut\u00e9 conventionnelles. Les tons chauds des pastels \u00e0 l'huile sont m\u00e9lang\u00e9s sur du papier Bristol, cr\u00e9ant une palette qui englobe une vari\u00e9t\u00e9 de tons de peau. Chaque enfant est un t\u00e9moignage de la diversit\u00e9 humaine et de la beaut\u00e9 qui lui est inh\u00e9rente.<\/p>","protected":false},"excerpt":{"rendered":"<h6><strong>Artiste : <span style=\"color: #0000ff;\"><a style=\"color: #0000ff;\" href=\"https:\/\/mawuartgallery.com\/fr\/portfolio-item\/dora-alis-mera-velasco\/\" target=\"_blank\" rel=\"noopener\">DORA ALIS MERA VELASCO<\/a><\/span><\/strong><\/h6>\n<p>Pastel \u00e0 l'huile sur papier Strathmore Bristol<br \/>\n(33 x 28 cm \/ 13 x 11 in)<br \/>\nCr\u00e9\u00e9e en 2024<\/p>\n<p>&nbsp;<\/p>\n<p><em>Cet article est soigneusement enroul\u00e9 et exp\u00e9di\u00e9 dans un tube d'exp\u00e9dition afin de garantir une livraison en toute s\u00e9curit\u00e9.<\/em><\/p>\n<p>&nbsp;<\/p>\n<p><strong><em>Pour nous assurer que l'\u0153uvre r\u00e9pond \u00e0 vos attentes, nous serions ravis de vous en fournir une vid\u00e9o en haute d\u00e9finition accompagn\u00e9e des commentaires de l'artiste, avant que vous ne proc\u00e9diez \u00e0 l'achat. Pour ce faire, il vous suffit de communiquer avec nous par courriel \u00e0 <a rel=\"noopener\">mawuartgallery@gmail.com<\/a> D\u00e8s r\u00e9ception de votre demande, nous vous ferons parvenir une ou plusieurs vid\u00e9os\/photos selon votre choix.\u00a0<\/em><\/strong><\/p>\n<p>&nbsp;<\/p>\n<p><strong>LIVRAISON GRATUITE POUR TOUTES LES COMMANDES<\/strong><\/p>","protected":false},"featured_media":12415,"comment_status":"open","ping_status":"closed","template":"","meta":{"nf_dc_page":""},"product_brand":[],"product_cat":[37,118],"product_tag":[32,34,42],"class_list":{"0":"post-12413","1":"product","2":"type-product","3":"status-publish","4":"has-post-thumbnail","6":"product_cat-drawings","7":"product_cat-oil-pastel","8":"product_tag-art","9":"product_tag-color","10":"product_tag-painting","11":"product_shipping_class-flat-paper-cardboard","13":"first","14":"outofstock","15":"sold-individually","16":"shipping-taxable","17":"product-type-simple"},"_links":{"self":[{"href":"https:\/\/mawuartgallery.com\/fr\/wp-json\/wp\/v2\/product\/12413","targetHints":{"allow":["GET"]}}],"collection":[{"href":"https:\/\/mawuartgallery.com\/fr\/wp-json\/wp\/v2\/product"}],"about":[{"href":"https:\/\/mawuartgallery.com\/fr\/wp-json\/wp\/v2\/types\/product"}],"replies":[{"embeddable":true,"href":"https:\/\/mawuartgallery.com\/fr\/wp-json\/wp\/v2\/comments?post=12413"}],"version-history":[{"count":3,"href":"https:\/\/mawuartgallery.com\/fr\/wp-json\/wp\/v2\/product\/12413\/revisions"}],"predecessor-version":[{"id":16166,"href":"https:\/\/mawuartgallery.com\/fr\/wp-json\/wp\/v2\/product\/12413\/revisions\/16166"}],"wp:featuredmedia":[{"embeddable":true,"href":"https:\/\/mawuartgallery.com\/fr\/wp-json\/wp\/v2\/media\/12415"}],"wp:attachment":[{"href":"https:\/\/mawuartgallery.com\/fr\/wp-json\/wp\/v2\/media?parent=12413"}],"wp:term":[{"taxonomy":"product_brand","embeddable":true,"href":"https:\/\/mawuartgallery.com\/fr\/wp-json\/wp\/v2\/product_brand?post=12413"},{"taxonomy":"product_cat","embeddable":true,"href":"https:\/\/mawuartgallery.com\/fr\/wp-json\/wp\/v2\/product_cat?post=12413"},{"taxonomy":"product_tag","embeddable":true,"href":"https:\/\/mawuartgallery.com\/fr\/wp-json\/wp\/v2\/product_tag?post=12413"}],"curies":[{"name":"wp","href":"https:\/\/api.w.org\/{rel}","templated":true}]}}