{"id":12299,"date":"2024-07-31T13:05:14","date_gmt":"2024-07-31T13:05:14","guid":{"rendered":"https:\/\/mawuartgallery.com\/?post_type=product&#038;p=12299"},"modified":"2026-01-22T15:41:37","modified_gmt":"2026-01-22T19:41:37","slug":"alaaru","status":"publish","type":"product","link":"https:\/\/mawuartgallery.com\/fr\/produit\/alaaru\/","title":{"rendered":"Al\u00e1\u00e0r\u00f9"},"content":{"rendered":"<p>Le titre de cette \u0153uvre est inspir\u00e9 d'une chanson du c\u00e9l\u00e8bre chanteur folklorique nig\u00e9rian Tunji Oyelana. La chanson comprend la phrase suivante : \u00ab Al\u00e1\u00e0r\u00f9 t\u00f3 \u0144 j\u1eb9 b\u00far\u1eb9\u0301d\u00ec, \u1e63'aw\u1ecd or\u00ed \u1eb9\u0300 l\u00f3 \u0144j\u1eb9 t\u00ed \u00f2 m\u1ecd\u0300 \u00bb, qui se traduit par : \u00ab Un porteur qui mange du pain m\u00e2che sans le savoir son propre cuir chevelu.<\/p>\n<p>&nbsp;<\/p>\n<p>Cette \u0153uvre symbolise l'interconnexion entre nos actions et leurs cons\u00e9quences. Un porteur, traditionnellement charg\u00e9 de porter de lourdes charges, trouve que l'acte de manger du pain, un aliment, s'apparente m\u00e9taphoriquement au fait de m\u00e2cher son propre cuir chevelu fatigu\u00e9 et stress\u00e9.<\/p>\n<p>&nbsp;<\/p>\n<p>La corde entourant le personnage repr\u00e9sente le \u00ab karma \u00bb, qui op\u00e8re de mani\u00e8re cyclique. Tout comme une corde forme une boucle continue, le karma se d\u00e9place en cercle, garantissant que les actions, qu'elles soient bonnes ou mauvaises, finissent par boucler la boucle. Cela peut prendre des ann\u00e9es, 10, 20 ou m\u00eame 50 ans, mais le retour du karma est in\u00e9luctable.<\/p>","protected":false},"excerpt":{"rendered":"<h6><strong>Artiste : <span style=\"color: #0000ff;\"><a style=\"color: #0000ff;\" href=\"https:\/\/mawuartgallery.com\/fr\/portfolio-item\/adegoke-adebanjo\/\">Ade\u0301go\u0300ke\u0300 Ade\u0301ba\u0301njo\u0323<\/a><\/span><\/strong><\/h6>\n<p>Crayon sur papier<br \/>\n(142 x 106 cm \/ 56 x 42 po)<br \/>\nCr\u00e9\u00e9e en 2022<\/p>\n<p>&nbsp;<\/p>\n<h6>\ud83d\udd04Dans cette ench\u00e8re invers\u00e9e, le prix baisse quotidiennement\ud83d\udcc9. SOYEZ LE 1er ou la 1re \u00e0 atteindre le myst\u00e9rieux prix minimum de l'artiste\ud83c\udfafet l'\u0153uvre\ud83d\uddbc\ufe0f est \u00e0 vous! Ench\u00e9rissez avec audace!<\/h6>\n<p>&nbsp;<\/p>\n<p><strong>LIVRAISON GRATUITE POUR TOUTES LES COMMANDES<\/strong><\/p>","protected":false},"featured_media":12302,"comment_status":"open","ping_status":"closed","template":"","meta":{"nf_dc_page":""},"product_brand":[],"product_cat":[37,117],"product_tag":[32,34,42],"class_list":{"0":"post-12299","1":"product","2":"type-product","3":"status-publish","4":"has-post-thumbnail","6":"product_cat-drawings","7":"product_cat-pencil","8":"product_tag-art","9":"product_tag-color","10":"product_tag-painting","11":"product_shipping_class-mailing-tube","13":"first","14":"instock","15":"sold-individually","16":"shipping-taxable","17":"purchasable","18":"product-type-auction"},"_links":{"self":[{"href":"https:\/\/mawuartgallery.com\/fr\/wp-json\/wp\/v2\/product\/12299","targetHints":{"allow":["GET"]}}],"collection":[{"href":"https:\/\/mawuartgallery.com\/fr\/wp-json\/wp\/v2\/product"}],"about":[{"href":"https:\/\/mawuartgallery.com\/fr\/wp-json\/wp\/v2\/types\/product"}],"replies":[{"embeddable":true,"href":"https:\/\/mawuartgallery.com\/fr\/wp-json\/wp\/v2\/comments?post=12299"}],"version-history":[{"count":2,"href":"https:\/\/mawuartgallery.com\/fr\/wp-json\/wp\/v2\/product\/12299\/revisions"}],"predecessor-version":[{"id":17480,"href":"https:\/\/mawuartgallery.com\/fr\/wp-json\/wp\/v2\/product\/12299\/revisions\/17480"}],"wp:featuredmedia":[{"embeddable":true,"href":"https:\/\/mawuartgallery.com\/fr\/wp-json\/wp\/v2\/media\/12302"}],"wp:attachment":[{"href":"https:\/\/mawuartgallery.com\/fr\/wp-json\/wp\/v2\/media?parent=12299"}],"wp:term":[{"taxonomy":"product_brand","embeddable":true,"href":"https:\/\/mawuartgallery.com\/fr\/wp-json\/wp\/v2\/product_brand?post=12299"},{"taxonomy":"product_cat","embeddable":true,"href":"https:\/\/mawuartgallery.com\/fr\/wp-json\/wp\/v2\/product_cat?post=12299"},{"taxonomy":"product_tag","embeddable":true,"href":"https:\/\/mawuartgallery.com\/fr\/wp-json\/wp\/v2\/product_tag?post=12299"}],"curies":[{"name":"wp","href":"https:\/\/api.w.org\/{rel}","templated":true}]}}