{"id":12240,"date":"2024-07-17T13:23:59","date_gmt":"2024-07-17T13:23:59","guid":{"rendered":"https:\/\/mawuartgallery.com\/?post_type=product&#038;p=12240"},"modified":"2026-01-27T16:34:42","modified_gmt":"2026-01-27T20:34:42","slug":"raise-a-toast-ii","status":"publish","type":"product","link":"https:\/\/mawuartgallery.com\/fr\/produit\/raise-a-toast-ii\/","title":{"rendered":"Portons un toast II"},"content":{"rendered":"<p>\u00c0 la m\u00e9moire des bons moments que nous avons pass\u00e9s,<br \/>\net aux rires que nous avons partag\u00e9s.<br \/>\n\u00c0 la vie que nous avons v\u00e9cue,<br \/>\net aux souvenirs que nous avons cr\u00e9\u00e9s.<br \/>\n\u00c0 la brillance autour de tes l\u00e8vres,<br \/>\net \u00e0 la chaleur de ton c\u0153ur.<br \/>\n\u00c0 ceux que nous avons perdus,<br \/>\net aux larmes qui ont coul\u00e9.<br \/>\nPour l'instant,<br \/>\nnous portons un toast aux nouveaux d\u00e9parts<br \/>\ndans la peur et la foi.<\/p>","protected":false},"excerpt":{"rendered":"<h6><strong>Artiste : <\/strong><a href=\"https:\/\/mawuartgallery.com\/fr\/portfolio-item\/darlington-irokanulo\/\"><strong><span style=\"color: #0000ff;\">DARLINGTON IROKANULO<\/span><\/strong><\/a><\/h6>\n<p>Acrylique et encre sur toile<br \/>\n(106 x 76 cm \/ 42 x 30 po)<br \/>\nCr\u00e9\u00e9e en 2024<\/p>\n<p>&nbsp;<\/p>\n<h6>\ud83d\udd04Dans cette ench\u00e8re invers\u00e9e, le prix baisse quotidiennement\ud83d\udcc9. SOYEZ LE 1er ou la 1re \u00e0 atteindre le myst\u00e9rieux prix minimum de l'artiste\ud83c\udfafet l'\u0153uvre\ud83d\uddbc\ufe0f est \u00e0 vous! Ench\u00e9rissez avec audace!<\/h6>\n<p>&nbsp;<\/p>\n<p><strong>LIVRAISON GRATUITE POUR TOUTES LES COMMANDES<\/strong><\/p>","protected":false},"featured_media":12243,"comment_status":"open","ping_status":"closed","template":"","meta":{"nf_dc_page":""},"product_brand":[],"product_cat":[112,43],"product_tag":[32,34,42],"class_list":{"0":"post-12240","1":"product","2":"type-product","3":"status-publish","4":"has-post-thumbnail","6":"product_cat-acrylic","7":"product_cat-paintings","8":"product_tag-art","9":"product_tag-color","10":"product_tag-painting","11":"product_shipping_class-mailing-tube","13":"first","14":"instock","15":"sold-individually","16":"shipping-taxable","17":"purchasable","18":"product-type-auction"},"_links":{"self":[{"href":"https:\/\/mawuartgallery.com\/fr\/wp-json\/wp\/v2\/product\/12240","targetHints":{"allow":["GET"]}}],"collection":[{"href":"https:\/\/mawuartgallery.com\/fr\/wp-json\/wp\/v2\/product"}],"about":[{"href":"https:\/\/mawuartgallery.com\/fr\/wp-json\/wp\/v2\/types\/product"}],"replies":[{"embeddable":true,"href":"https:\/\/mawuartgallery.com\/fr\/wp-json\/wp\/v2\/comments?post=12240"}],"version-history":[{"count":1,"href":"https:\/\/mawuartgallery.com\/fr\/wp-json\/wp\/v2\/product\/12240\/revisions"}],"predecessor-version":[{"id":17515,"href":"https:\/\/mawuartgallery.com\/fr\/wp-json\/wp\/v2\/product\/12240\/revisions\/17515"}],"wp:featuredmedia":[{"embeddable":true,"href":"https:\/\/mawuartgallery.com\/fr\/wp-json\/wp\/v2\/media\/12243"}],"wp:attachment":[{"href":"https:\/\/mawuartgallery.com\/fr\/wp-json\/wp\/v2\/media?parent=12240"}],"wp:term":[{"taxonomy":"product_brand","embeddable":true,"href":"https:\/\/mawuartgallery.com\/fr\/wp-json\/wp\/v2\/product_brand?post=12240"},{"taxonomy":"product_cat","embeddable":true,"href":"https:\/\/mawuartgallery.com\/fr\/wp-json\/wp\/v2\/product_cat?post=12240"},{"taxonomy":"product_tag","embeddable":true,"href":"https:\/\/mawuartgallery.com\/fr\/wp-json\/wp\/v2\/product_tag?post=12240"}],"curies":[{"name":"wp","href":"https:\/\/api.w.org\/{rel}","templated":true}]}}