{"id":12235,"date":"2024-07-17T13:03:18","date_gmt":"2024-07-17T13:03:18","guid":{"rendered":"https:\/\/mawuartgallery.com\/?post_type=product&#038;p=12235"},"modified":"2026-01-27T16:54:21","modified_gmt":"2026-01-27T20:54:21","slug":"raise-a-toast","status":"publish","type":"product","link":"https:\/\/mawuartgallery.com\/fr\/produit\/raise-a-toast\/","title":{"rendered":"Portons un toast (\u00c0 la v\u00f4tre)"},"content":{"rendered":"<p>\u00c0 la v\u00f4tre!<\/p>\n<p>Un go\u00fbt de vin, un geste de bienvenue,<br \/>\nun jour ensoleill\u00e9, en tenue d'\u00e9t\u00e9,<br \/>\nnous nous asseyons et parlons du temps pass\u00e9.<br \/>\nOn rit, on plaisante, on sourit, on soupire,<br \/>\ndans un jardin plein de fleurs parfum\u00e9es,<br \/>\net une chaleur subtile qui remplit les pi\u00e8ces,<br \/>\nde douces m\u00e9lodies pour accorder l'esprit,<br \/>\nlaissant ainsi tous nos soucis derri\u00e8re nous.<\/p>\n<p>&nbsp;<\/p>\n<p><em>Auteure : Enestine Northover (traduite par MAWU)<\/em><\/p>","protected":false},"excerpt":{"rendered":"<h6><strong>Artiste : <\/strong><a href=\"https:\/\/mawuartgallery.com\/fr\/portfolio-item\/darlington-irokanulo\/\"><strong><span style=\"color: #0000ff;\">DARLINGTON IROKANULO<\/span><\/strong><\/a><\/h6>\n<p>Acrylique et encre sur toile<br \/>\n(106 x 76 cm \/ 42 x 30 po)<br \/>\nCr\u00e9\u00e9e en 2023<\/p>\n<p>&nbsp;<\/p>\n<h6>\ud83d\udd04Dans cette ench\u00e8re invers\u00e9e, le prix baisse quotidiennement\ud83d\udcc9. SOYEZ LE 1er ou la 1re \u00e0 atteindre le myst\u00e9rieux prix minimum de l'artiste\ud83c\udfafet l'\u0153uvre\ud83d\uddbc\ufe0f est \u00e0 vous! Ench\u00e9rissez avec audace!<\/h6>\n<p>&nbsp;<\/p>\n<p><strong>LIVRAISON GRATUITE POUR TOUTES LES COMMANDES<\/strong><\/p>","protected":false},"featured_media":12236,"comment_status":"open","ping_status":"closed","template":"","meta":{"nf_dc_page":""},"product_brand":[],"product_cat":[112,43],"product_tag":[32,34,42],"class_list":{"0":"post-12235","1":"product","2":"type-product","3":"status-publish","4":"has-post-thumbnail","6":"product_cat-acrylic","7":"product_cat-paintings","8":"product_tag-art","9":"product_tag-color","10":"product_tag-painting","11":"product_shipping_class-mailing-tube","13":"first","14":"instock","15":"sold-individually","16":"shipping-taxable","17":"purchasable","18":"product-type-auction"},"_links":{"self":[{"href":"https:\/\/mawuartgallery.com\/fr\/wp-json\/wp\/v2\/product\/12235","targetHints":{"allow":["GET"]}}],"collection":[{"href":"https:\/\/mawuartgallery.com\/fr\/wp-json\/wp\/v2\/product"}],"about":[{"href":"https:\/\/mawuartgallery.com\/fr\/wp-json\/wp\/v2\/types\/product"}],"replies":[{"embeddable":true,"href":"https:\/\/mawuartgallery.com\/fr\/wp-json\/wp\/v2\/comments?post=12235"}],"version-history":[{"count":1,"href":"https:\/\/mawuartgallery.com\/fr\/wp-json\/wp\/v2\/product\/12235\/revisions"}],"predecessor-version":[{"id":17516,"href":"https:\/\/mawuartgallery.com\/fr\/wp-json\/wp\/v2\/product\/12235\/revisions\/17516"}],"wp:featuredmedia":[{"embeddable":true,"href":"https:\/\/mawuartgallery.com\/fr\/wp-json\/wp\/v2\/media\/12236"}],"wp:attachment":[{"href":"https:\/\/mawuartgallery.com\/fr\/wp-json\/wp\/v2\/media?parent=12235"}],"wp:term":[{"taxonomy":"product_brand","embeddable":true,"href":"https:\/\/mawuartgallery.com\/fr\/wp-json\/wp\/v2\/product_brand?post=12235"},{"taxonomy":"product_cat","embeddable":true,"href":"https:\/\/mawuartgallery.com\/fr\/wp-json\/wp\/v2\/product_cat?post=12235"},{"taxonomy":"product_tag","embeddable":true,"href":"https:\/\/mawuartgallery.com\/fr\/wp-json\/wp\/v2\/product_tag?post=12235"}],"curies":[{"name":"wp","href":"https:\/\/api.w.org\/{rel}","templated":true}]}}