{"id":12230,"date":"2024-07-17T12:47:56","date_gmt":"2024-07-17T12:47:56","guid":{"rendered":"https:\/\/mawuartgallery.com\/?post_type=product&#038;p=12230"},"modified":"2026-01-27T16:56:12","modified_gmt":"2026-01-27T20:56:12","slug":"individuality","status":"publish","type":"product","link":"https:\/\/mawuartgallery.com\/fr\/produit\/individuality\/","title":{"rendered":"Individualit\u00e9"},"content":{"rendered":"<p>La beaut\u00e9 est en vous,<br \/>\nSeulement si vous pouvez \u00e9liminer les fausses validations,<br \/>\nLe bonheur est en vous,<br \/>\nSeulement si vous pouvez \u00e9liminer la n\u00e9gativit\u00e9 et les soucis,<br \/>\nCar \u00ab Mieux vaut \u00eatre ha\u00ef pour ce que l'on est,<br \/>\nqu'aim\u00e9 pour ce que l'on n'est pas. \u00bb (Andr\u00e9 Gide)<\/p>","protected":false},"excerpt":{"rendered":"<h6><strong>Artiste : <\/strong><a href=\"https:\/\/mawuartgallery.com\/fr\/portfolio-item\/darlington-irokanulo\/\"><strong><span style=\"color: #0000ff;\">DARLINGTON IROKANULO<\/span><\/strong><\/a><\/h6>\n<p>Acrylique et encre sur toile<br \/>\n(91 x 66 cm \/ 36 x 26 po)<br \/>\nCr\u00e9\u00e9e en 2023<\/p>\n<p>&nbsp;<\/p>\n<h6>\ud83d\udd04Dans cette ench\u00e8re invers\u00e9e, le prix baisse quotidiennement\ud83d\udcc9. SOYEZ LE 1er ou la 1re \u00e0 atteindre le myst\u00e9rieux prix minimum de l'artiste\ud83c\udfafet l'\u0153uvre\ud83d\uddbc\ufe0f est \u00e0 vous! Ench\u00e9rissez avec audace!<\/h6>\n<p>&nbsp;<\/p>\n<p><strong>LIVRAISON GRATUITE POUR TOUTES LES COMMANDES<\/strong><\/p>","protected":false},"featured_media":12232,"comment_status":"open","ping_status":"closed","template":"","meta":{"nf_dc_page":""},"product_brand":[],"product_cat":[112,43],"product_tag":[32,34,42],"class_list":{"0":"post-12230","1":"product","2":"type-product","3":"status-publish","4":"has-post-thumbnail","6":"product_cat-acrylic","7":"product_cat-paintings","8":"product_tag-art","9":"product_tag-color","10":"product_tag-painting","11":"product_shipping_class-mailing-tube","13":"first","14":"instock","15":"sold-individually","16":"shipping-taxable","17":"purchasable","18":"product-type-auction"},"_links":{"self":[{"href":"https:\/\/mawuartgallery.com\/fr\/wp-json\/wp\/v2\/product\/12230","targetHints":{"allow":["GET"]}}],"collection":[{"href":"https:\/\/mawuartgallery.com\/fr\/wp-json\/wp\/v2\/product"}],"about":[{"href":"https:\/\/mawuartgallery.com\/fr\/wp-json\/wp\/v2\/types\/product"}],"replies":[{"embeddable":true,"href":"https:\/\/mawuartgallery.com\/fr\/wp-json\/wp\/v2\/comments?post=12230"}],"version-history":[{"count":1,"href":"https:\/\/mawuartgallery.com\/fr\/wp-json\/wp\/v2\/product\/12230\/revisions"}],"predecessor-version":[{"id":17517,"href":"https:\/\/mawuartgallery.com\/fr\/wp-json\/wp\/v2\/product\/12230\/revisions\/17517"}],"wp:featuredmedia":[{"embeddable":true,"href":"https:\/\/mawuartgallery.com\/fr\/wp-json\/wp\/v2\/media\/12232"}],"wp:attachment":[{"href":"https:\/\/mawuartgallery.com\/fr\/wp-json\/wp\/v2\/media?parent=12230"}],"wp:term":[{"taxonomy":"product_brand","embeddable":true,"href":"https:\/\/mawuartgallery.com\/fr\/wp-json\/wp\/v2\/product_brand?post=12230"},{"taxonomy":"product_cat","embeddable":true,"href":"https:\/\/mawuartgallery.com\/fr\/wp-json\/wp\/v2\/product_cat?post=12230"},{"taxonomy":"product_tag","embeddable":true,"href":"https:\/\/mawuartgallery.com\/fr\/wp-json\/wp\/v2\/product_tag?post=12230"}],"curies":[{"name":"wp","href":"https:\/\/api.w.org\/{rel}","templated":true}]}}