{"id":12156,"date":"2024-07-05T14:33:14","date_gmt":"2024-07-05T14:33:14","guid":{"rendered":"https:\/\/mawuartgallery.com\/?post_type=product&#038;p=12156"},"modified":"2026-01-06T12:51:04","modified_gmt":"2026-01-06T16:51:04","slug":"limitless-mind","status":"publish","type":"product","link":"https:\/\/mawuartgallery.com\/fr\/produit\/limitless-mind\/","title":{"rendered":"Esprit illimit\u00e9"},"content":{"rendered":"<p>Nous ne voyons pas seulement avec nos yeux, mais aussi \u00e0 travers notre esprit; il n'y a pas de limites \u00e0 ce que notre esprit peut percevoir. La qualit\u00e9 de notre vie d\u00e9pend de notre \u00e9tat d'esprit et de nos croyances.\u00ab Esprit illimit\u00e9 \u00bb vise \u00e0 encourager les spectateurs \u00e0 reconna\u00eetre la capacit\u00e9 infinie de leurs pens\u00e9es et de leurs r\u00eaves, en les incitant \u00e0 remettre en question les limites qu'ils s'imposent et \u00e0 embrasser le pouvoir de transformation d'un \u00e9tat d'esprit ouvert, expansif et r\u00e9silient.<\/p>","protected":false},"excerpt":{"rendered":"<h6><strong>Artiste : <span style=\"color: #0000ff;\"><a style=\"color: #0000ff;\" href=\"https:\/\/mawuartgallery.com\/fr\/portfolio-item\/emmanuel-obile\/\">EMMANUEL OBILE<\/a><\/span><\/strong><\/h6>\n<p>Huile sur toile<br \/>\n(91 x 91 cm \/ 36 x 36 po)<br \/>\nCr\u00e9\u00e9e en 2023<\/p>\n<p>&nbsp;<\/p>\n<p><em>Cet article est soigneusement enroul\u00e9 et exp\u00e9di\u00e9 dans un tube d'exp\u00e9dition afin de garantir une livraison en toute s\u00e9curit\u00e9.<\/em><\/p>\n<p>&nbsp;<\/p>\n<p><strong><em>Pour nous assurer que l'\u0153uvre r\u00e9pond \u00e0 vos attentes, nous serions ravis de vous en fournir une vid\u00e9o en haute d\u00e9finition accompagn\u00e9e des commentaires de l'artiste, avant que vous ne proc\u00e9diez \u00e0 l'achat. Pour ce faire, il vous suffit de communiquer avec nous par courriel \u00e0 <a rel=\"noopener\">mawuartgallery@gmail.com<\/a> D\u00e8s r\u00e9ception de votre demande, nous vous ferons parvenir une ou plusieurs vid\u00e9os\/photos selon votre choix.<\/em><\/strong><\/p>\n<p>&nbsp;<\/p>\n<p><strong>LIVRAISON GRATUITE POUR TOUTES LES COMMANDES<\/strong><\/p>","protected":false},"featured_media":17296,"comment_status":"open","ping_status":"closed","template":"","meta":{"nf_dc_page":""},"product_brand":[],"product_cat":[70,43],"product_tag":[32,34,42],"class_list":{"0":"post-12156","1":"product","2":"type-product","3":"status-publish","4":"has-post-thumbnail","6":"product_cat-oil-painting","7":"product_cat-paintings","8":"product_tag-art","9":"product_tag-color","10":"product_tag-painting","11":"product_shipping_class-mailing-tube","13":"first","14":"outofstock","15":"sold-individually","16":"shipping-taxable","17":"purchasable","18":"product-type-simple"},"_links":{"self":[{"href":"https:\/\/mawuartgallery.com\/fr\/wp-json\/wp\/v2\/product\/12156","targetHints":{"allow":["GET"]}}],"collection":[{"href":"https:\/\/mawuartgallery.com\/fr\/wp-json\/wp\/v2\/product"}],"about":[{"href":"https:\/\/mawuartgallery.com\/fr\/wp-json\/wp\/v2\/types\/product"}],"replies":[{"embeddable":true,"href":"https:\/\/mawuartgallery.com\/fr\/wp-json\/wp\/v2\/comments?post=12156"}],"version-history":[{"count":2,"href":"https:\/\/mawuartgallery.com\/fr\/wp-json\/wp\/v2\/product\/12156\/revisions"}],"predecessor-version":[{"id":16626,"href":"https:\/\/mawuartgallery.com\/fr\/wp-json\/wp\/v2\/product\/12156\/revisions\/16626"}],"wp:featuredmedia":[{"embeddable":true,"href":"https:\/\/mawuartgallery.com\/fr\/wp-json\/wp\/v2\/media\/17296"}],"wp:attachment":[{"href":"https:\/\/mawuartgallery.com\/fr\/wp-json\/wp\/v2\/media?parent=12156"}],"wp:term":[{"taxonomy":"product_brand","embeddable":true,"href":"https:\/\/mawuartgallery.com\/fr\/wp-json\/wp\/v2\/product_brand?post=12156"},{"taxonomy":"product_cat","embeddable":true,"href":"https:\/\/mawuartgallery.com\/fr\/wp-json\/wp\/v2\/product_cat?post=12156"},{"taxonomy":"product_tag","embeddable":true,"href":"https:\/\/mawuartgallery.com\/fr\/wp-json\/wp\/v2\/product_tag?post=12156"}],"curies":[{"name":"wp","href":"https:\/\/api.w.org\/{rel}","templated":true}]}}