{"id":12082,"date":"2024-06-26T17:30:24","date_gmt":"2024-06-26T17:30:24","guid":{"rendered":"https:\/\/mawuartgallery.com\/?post_type=product&#038;p=12082"},"modified":"2025-10-22T09:35:31","modified_gmt":"2025-10-22T13:35:31","slug":"my-motherland-lake-kivu","status":"publish","type":"product","link":"https:\/\/mawuartgallery.com\/fr\/produit\/my-motherland-lake-kivu\/","title":{"rendered":"Ma terre natale (Lac Kivu)"},"content":{"rendered":"<p>Cette \u0153uvre capture une sc\u00e8ne sereine sur les rives du lac Kivu au Rwanda, au c\u0153ur de l'Afrique. Elle a \u00e9t\u00e9 inspir\u00e9e par un moment de tranquillit\u00e9 matinale sur le lac, juste apr\u00e8s que les p\u00eacheurs, appel\u00e9s \u00ab Abashyana \u00bb dans notre langue maternelle (Kinyarwanda), ont pass\u00e9 la nuit \u00e0 p\u00eacher. Le matin, ils viennent sur les rives pour pr\u00e9parer leurs prises pour le march\u00e9.<\/p>\n<p>&nbsp;<\/p>\n<p>J'esp\u00e8re que cette peinture incitera les gens \u00e0 rechercher des moments de paix envoy\u00e9s par Dieu en appr\u00e9ciant sa cr\u00e9ation et sa pr\u00e9sence.<\/p>","protected":false},"excerpt":{"rendered":"<h6><strong>Artiste : <span style=\"color: #0000ff;\"><a style=\"color: #0000ff;\" href=\"https:\/\/mawuartgallery.com\/fr\/portfolio-item\/daniel-rukundo\/\">DanIEL RUKUNDO<\/a><\/span><\/strong><\/h6>\n<p>M\u00e9dias mixtes sur toile<br \/>\n(80 x 85 cm \/ 31 x 37 po)<br \/>\nCr\u00e9\u00e9e en 2023<\/p>\n<p>&nbsp;<\/p>\n<p><em>Cet article est soigneusement enroul\u00e9 et exp\u00e9di\u00e9 dans un tube d'exp\u00e9dition afin de garantir une livraison en toute s\u00e9curit\u00e9.<\/em><\/p>\n<p>&nbsp;<\/p>\n<p><strong><em>Pour nous assurer que l'\u0153uvre r\u00e9pond \u00e0 vos attentes, nous serions ravis de vous en fournir une vid\u00e9o en haute d\u00e9finition accompagn\u00e9e des commentaires de l'artiste, avant que vous ne proc\u00e9diez \u00e0 l'achat. Pour ce faire, il vous suffit de communiquer avec nous par courriel \u00e0 <a rel=\"noopener\">mawuartgallery@gmail.com<\/a> D\u00e8s r\u00e9ception de votre demande, nous vous ferons parvenir une ou plusieurs vid\u00e9os\/photos selon votre choix.<\/em><\/strong><\/p>\n<p>&nbsp;<\/p>\n<p><strong>LIVRAISON GRATUITE POUR TOUTES LES COMMANDES<\/strong><\/p>","protected":false},"featured_media":12073,"comment_status":"open","ping_status":"closed","template":"","meta":{"nf_dc_page":""},"product_brand":[],"product_cat":[112,113,43],"product_tag":[32,34,42],"class_list":{"0":"post-12082","1":"product","2":"type-product","3":"status-publish","4":"has-post-thumbnail","6":"product_cat-acrylic","7":"product_cat-mixed-media","8":"product_cat-paintings","9":"product_tag-art","10":"product_tag-color","11":"product_tag-painting","12":"product_shipping_class-mailing-tube","14":"first","15":"instock","16":"shipping-taxable","17":"purchasable","18":"product-type-simple"},"_links":{"self":[{"href":"https:\/\/mawuartgallery.com\/fr\/wp-json\/wp\/v2\/product\/12082","targetHints":{"allow":["GET"]}}],"collection":[{"href":"https:\/\/mawuartgallery.com\/fr\/wp-json\/wp\/v2\/product"}],"about":[{"href":"https:\/\/mawuartgallery.com\/fr\/wp-json\/wp\/v2\/types\/product"}],"replies":[{"embeddable":true,"href":"https:\/\/mawuartgallery.com\/fr\/wp-json\/wp\/v2\/comments?post=12082"}],"version-history":[{"count":2,"href":"https:\/\/mawuartgallery.com\/fr\/wp-json\/wp\/v2\/product\/12082\/revisions"}],"predecessor-version":[{"id":16443,"href":"https:\/\/mawuartgallery.com\/fr\/wp-json\/wp\/v2\/product\/12082\/revisions\/16443"}],"wp:featuredmedia":[{"embeddable":true,"href":"https:\/\/mawuartgallery.com\/fr\/wp-json\/wp\/v2\/media\/12073"}],"wp:attachment":[{"href":"https:\/\/mawuartgallery.com\/fr\/wp-json\/wp\/v2\/media?parent=12082"}],"wp:term":[{"taxonomy":"product_brand","embeddable":true,"href":"https:\/\/mawuartgallery.com\/fr\/wp-json\/wp\/v2\/product_brand?post=12082"},{"taxonomy":"product_cat","embeddable":true,"href":"https:\/\/mawuartgallery.com\/fr\/wp-json\/wp\/v2\/product_cat?post=12082"},{"taxonomy":"product_tag","embeddable":true,"href":"https:\/\/mawuartgallery.com\/fr\/wp-json\/wp\/v2\/product_tag?post=12082"}],"curies":[{"name":"wp","href":"https:\/\/api.w.org\/{rel}","templated":true}]}}