{"id":12056,"date":"2024-06-26T14:33:52","date_gmt":"2024-06-26T14:33:52","guid":{"rendered":"https:\/\/mawuartgallery.com\/?post_type=product&#038;p=12056"},"modified":"2025-10-22T09:40:58","modified_gmt":"2025-10-22T13:40:58","slug":"release","status":"publish","type":"product","link":"https:\/\/mawuartgallery.com\/fr\/produit\/release\/","title":{"rendered":"Lib\u00e9ration"},"content":{"rendered":"<div dir=\"auto\">Cette \u0153uvre d'art abstraite a \u00e9t\u00e9 inspir\u00e9e par une citation de Jen Sincero :<\/div>\n<div dir=\"auto\"><\/div>\n<p>&nbsp;<\/p>\n<div dir=\"auto\">\u00ab Essayez de nouvelles choses, sortez de votre zone de confort, prenez des risques, faites les choses comme vous ne les avez jamais faites auparavant, demandez de l'aide, entourez-vous de personnes qui se r\u00e9alisent, devenez obs\u00e9d\u00e9 par le fait que vous n'avez qu'une seule chance sur cette plan\u00e8te en tant que vous, et r\u00e9alisez \u00e0 quel point il est pr\u00e9cieux et important de ne pas la g\u00e2cher. \u00bb<\/div>\n<div dir=\"auto\"><\/div>\n<p>&nbsp;<\/p>\n<div dir=\"auto\">J'esp\u00e8re que cette \u0153uvre incitera les gens \u00e0 int\u00e9rioriser le fait que la vie est une s\u00e9rie d'exp\u00e9riences, chacune d'entre elles nous rendant plus grands, m\u00eame s'il est parfois difficile de s'en rendre compte.<\/div>\n<div dir=\"auto\"><\/div>","protected":false},"excerpt":{"rendered":"<h6><strong>Artiste : <span style=\"color: #0000ff;\"><a style=\"color: #0000ff;\" href=\"https:\/\/mawuartgallery.com\/fr\/portfolio-item\/daniel-rukundo\/\">DanIEL RUKUNDO<\/a><\/span><\/strong><\/h6>\n<p>Acrylique sur toile<br \/>\n(100 x 90 cm \/ 39 x 35 po)<br \/>\nCr\u00e9\u00e9e en 2023<\/p>\n<p>&nbsp;<\/p>\n<p><em>Cet article est soigneusement enroul\u00e9 et exp\u00e9di\u00e9 dans un tube d'exp\u00e9dition afin de garantir une livraison en toute s\u00e9curit\u00e9.<\/em><\/p>\n<p>&nbsp;<\/p>\n<p><strong><em>Pour nous assurer que l'\u0153uvre r\u00e9pond \u00e0 vos attentes, nous serions ravis de vous en fournir une vid\u00e9o en haute d\u00e9finition accompagn\u00e9e des commentaires de l'artiste, avant que vous ne proc\u00e9diez \u00e0 l'achat. Pour ce faire, il vous suffit de communiquer avec nous par courriel \u00e0 <a rel=\"noopener\">mawuartgallery@gmail.com<\/a> D\u00e8s r\u00e9ception de votre demande, nous vous ferons parvenir une ou plusieurs vid\u00e9os\/photos selon votre choix.<\/em><\/strong><\/p>\n<p>&nbsp;<\/p>\n<p><strong>LIVRAISON GRATUITE POUR TOUTES LES COMMANDES<\/strong><\/p>","protected":false},"featured_media":12058,"comment_status":"open","ping_status":"closed","template":"","meta":{"nf_dc_page":""},"product_brand":[],"product_cat":[112,43],"product_tag":[32,34,42],"class_list":{"0":"post-12056","1":"product","2":"type-product","3":"status-publish","4":"has-post-thumbnail","6":"product_cat-acrylic","7":"product_cat-paintings","8":"product_tag-art","9":"product_tag-color","10":"product_tag-painting","11":"product_shipping_class-mailing-tube","13":"first","14":"instock","15":"shipping-taxable","16":"purchasable","17":"product-type-simple"},"_links":{"self":[{"href":"https:\/\/mawuartgallery.com\/fr\/wp-json\/wp\/v2\/product\/12056","targetHints":{"allow":["GET"]}}],"collection":[{"href":"https:\/\/mawuartgallery.com\/fr\/wp-json\/wp\/v2\/product"}],"about":[{"href":"https:\/\/mawuartgallery.com\/fr\/wp-json\/wp\/v2\/types\/product"}],"replies":[{"embeddable":true,"href":"https:\/\/mawuartgallery.com\/fr\/wp-json\/wp\/v2\/comments?post=12056"}],"version-history":[{"count":1,"href":"https:\/\/mawuartgallery.com\/fr\/wp-json\/wp\/v2\/product\/12056\/revisions"}],"predecessor-version":[{"id":16449,"href":"https:\/\/mawuartgallery.com\/fr\/wp-json\/wp\/v2\/product\/12056\/revisions\/16449"}],"wp:featuredmedia":[{"embeddable":true,"href":"https:\/\/mawuartgallery.com\/fr\/wp-json\/wp\/v2\/media\/12058"}],"wp:attachment":[{"href":"https:\/\/mawuartgallery.com\/fr\/wp-json\/wp\/v2\/media?parent=12056"}],"wp:term":[{"taxonomy":"product_brand","embeddable":true,"href":"https:\/\/mawuartgallery.com\/fr\/wp-json\/wp\/v2\/product_brand?post=12056"},{"taxonomy":"product_cat","embeddable":true,"href":"https:\/\/mawuartgallery.com\/fr\/wp-json\/wp\/v2\/product_cat?post=12056"},{"taxonomy":"product_tag","embeddable":true,"href":"https:\/\/mawuartgallery.com\/fr\/wp-json\/wp\/v2\/product_tag?post=12056"}],"curies":[{"name":"wp","href":"https:\/\/api.w.org\/{rel}","templated":true}]}}