{"id":12049,"date":"2024-06-20T19:50:07","date_gmt":"2024-06-20T19:50:07","guid":{"rendered":"https:\/\/mawuartgallery.com\/?post_type=product&#038;p=12049"},"modified":"2026-01-22T15:09:47","modified_gmt":"2026-01-22T19:09:47","slug":"and-it-was-passed-on","status":"publish","type":"product","link":"https:\/\/mawuartgallery.com\/fr\/produit\/and-it-was-passed-on\/","title":{"rendered":"H\u00e9ritage"},"content":{"rendered":"<p>Des graines apr\u00e8s un fruit,<br \/>\nil en va de m\u00eame pour un gar\u00e7on apr\u00e8s un homme,<br \/>\nun cycle sans fin,<br \/>\nd'hommes faits par des hommes,<br \/>\nqui c\u00e8dent pour se multiplier,<br \/>\nenracin\u00e9s dans le sol,<br \/>\narros\u00e9s avec intention,<br \/>\nnourris par l'exp\u00e9rience,<br \/>\ns'effor\u00e7ant d'aller plus loin,<br \/>\ntel est l'h\u00e9ritage.<\/p>\n<p>&nbsp;<\/p>\n<p>R\u00e9\u00e9mergence dans la descendance,<br \/>\ntransfert de vertus et de caract\u00e9ristiques,<br \/>\nmais pas des capacit\u00e9s et des aptitudes,<br \/>\nIl ne s'agit pas de reproduire, mais de transcender ce qui existe,<br \/>\nles yeux dans les yeux, la main dans la main,<br \/>\nune suite d\u00e9licieuse, au milieu de l'incertitude,<br \/>\ndans la conscience, nos chemins s'ouvrent,<br \/>\ndans notre lumi\u00e8re, nous voyons un but,<br \/>\nun pr\u00e9sage de notre cr\u00e9ateur,<br \/>\nC'est \u00e0 partir de tes reins que tu as \u00e9t\u00e9 con\u00e7u,<br \/>\nde tes reins tu concevras,<\/p>\n<p>Tel est ton h\u00e9ritage<\/p>","protected":false},"excerpt":{"rendered":"<h6><strong>Artiste : <\/strong><a href=\"https:\/\/mawuartgallery.com\/fr\/portfolio-item\/asare-koduah\/\"><strong><span style=\"color: #0000ff;\">PHILIP KODUAH ASARE<\/span><\/strong><\/a><\/h6>\n<p>Huile sur toile<br \/>\n(121 x 121 cm \/ 48 x 48 po)<br \/>\nCr\u00e9\u00e9e en 2024<\/p>\n<p>&nbsp;<\/p>\n<h6>\ud83d\udd04Dans cette ench\u00e8re invers\u00e9e, le prix baisse quotidiennement\ud83d\udcc9. SOYEZ LE 1er ou la 1re \u00e0 atteindre le myst\u00e9rieux prix minimum de l'artiste\ud83c\udfafet l'\u0153uvre\ud83d\uddbc\ufe0f est \u00e0 vous! Ench\u00e9rissez avec audace!<\/h6>\n<p>&nbsp;<\/p>\n<p><strong>LIVRAISON GRATUITE POUR TOUTES LES COMMANDES<\/strong><\/p>","protected":false},"featured_media":12050,"comment_status":"open","ping_status":"closed","template":"","meta":{"nf_dc_page":""},"product_brand":[],"product_cat":[37,70,43],"product_tag":[32,34,42],"class_list":{"0":"post-12049","1":"product","2":"type-product","3":"status-publish","4":"has-post-thumbnail","6":"product_cat-drawings","7":"product_cat-oil-painting","8":"product_cat-paintings","9":"product_tag-art","10":"product_tag-color","11":"product_tag-painting","12":"product_shipping_class-mailing-tube","14":"first","15":"instock","16":"sold-individually","17":"shipping-taxable","18":"purchasable","19":"product-type-auction"},"_links":{"self":[{"href":"https:\/\/mawuartgallery.com\/fr\/wp-json\/wp\/v2\/product\/12049","targetHints":{"allow":["GET"]}}],"collection":[{"href":"https:\/\/mawuartgallery.com\/fr\/wp-json\/wp\/v2\/product"}],"about":[{"href":"https:\/\/mawuartgallery.com\/fr\/wp-json\/wp\/v2\/types\/product"}],"replies":[{"embeddable":true,"href":"https:\/\/mawuartgallery.com\/fr\/wp-json\/wp\/v2\/comments?post=12049"}],"version-history":[{"count":2,"href":"https:\/\/mawuartgallery.com\/fr\/wp-json\/wp\/v2\/product\/12049\/revisions"}],"predecessor-version":[{"id":17473,"href":"https:\/\/mawuartgallery.com\/fr\/wp-json\/wp\/v2\/product\/12049\/revisions\/17473"}],"wp:featuredmedia":[{"embeddable":true,"href":"https:\/\/mawuartgallery.com\/fr\/wp-json\/wp\/v2\/media\/12050"}],"wp:attachment":[{"href":"https:\/\/mawuartgallery.com\/fr\/wp-json\/wp\/v2\/media?parent=12049"}],"wp:term":[{"taxonomy":"product_brand","embeddable":true,"href":"https:\/\/mawuartgallery.com\/fr\/wp-json\/wp\/v2\/product_brand?post=12049"},{"taxonomy":"product_cat","embeddable":true,"href":"https:\/\/mawuartgallery.com\/fr\/wp-json\/wp\/v2\/product_cat?post=12049"},{"taxonomy":"product_tag","embeddable":true,"href":"https:\/\/mawuartgallery.com\/fr\/wp-json\/wp\/v2\/product_tag?post=12049"}],"curies":[{"name":"wp","href":"https:\/\/api.w.org\/{rel}","templated":true}]}}