{"id":12024,"date":"2024-06-20T14:56:39","date_gmt":"2024-06-20T14:56:39","guid":{"rendered":"https:\/\/mawuartgallery.com\/?post_type=product&#038;p=12024"},"modified":"2026-01-22T15:32:42","modified_gmt":"2026-01-22T19:32:42","slug":"bond-2","status":"publish","type":"product","link":"https:\/\/mawuartgallery.com\/fr\/produit\/bond-2\/","title":{"rendered":"Lien 2"},"content":{"rendered":"<p>Dans la solitude, nous \u00e9tions autrefois des \u00e9trangers solitaires,<br \/>\nOur Souls like stray seeds In the wind,<br \/>\nDans des pens\u00e9es superficielles et errantes,<br \/>\nHearts of flesh and thorns,<br \/>\npurchase of our emotions,<br \/>\nNourris dans l'incertitude,<br \/>\nDans la volont\u00e9, nous nous tenons la main,<br \/>\nDans l'engagement, nous joignons nos t\u00eates,<br \/>\nChuchotements de sinc\u00e9rit\u00e9,<br \/>\nDans cette petite s\u00e9r\u00e9nit\u00e9,<br \/>\nque nous appelons notre monde,<br \/>\no\u00f9 nous serions perdus pour tous,<br \/>\nEt ferions dans la paix comme dans un foyer,<br \/>\nAlors nous verrons ce lien,<\/p>\n<p>Dans sa pl\u00e9nitude<\/p>","protected":false},"excerpt":{"rendered":"<h6><strong>Artiste : <\/strong><a href=\"https:\/\/mawuartgallery.com\/fr\/portfolio-item\/asare-koduah\/\"><strong><span style=\"color: #0000ff;\">PHILIP KODUAH ASARE<\/span><\/strong><\/a><\/h6>\n<p>Huile sur toile<br \/>\n(106 x 121 cm \/ 42 x 48 po)<br \/>\nCr\u00e9\u00e9e en 2023<\/p>\n<p>&nbsp;<\/p>\n<h6>\ud83d\udd04Dans cette ench\u00e8re invers\u00e9e, le prix baisse quotidiennement\ud83d\udcc9. SOYEZ LE 1er ou la 1re \u00e0 atteindre le myst\u00e9rieux prix minimum de l'artiste\ud83c\udfafet l'\u0153uvre\ud83d\uddbc\ufe0f est \u00e0 vous! Ench\u00e9rissez avec audace!<\/h6>\n<p>&nbsp;<\/p>\n<p><strong>LIVRAISON GRATUITE POUR TOUTES LES COMMANDES<\/strong><\/p>","protected":false},"featured_media":12027,"comment_status":"open","ping_status":"closed","template":"","meta":{"nf_dc_page":""},"product_brand":[],"product_cat":[37,70,43],"product_tag":[32,34,42],"class_list":{"0":"post-12024","1":"product","2":"type-product","3":"status-publish","4":"has-post-thumbnail","6":"product_cat-drawings","7":"product_cat-oil-painting","8":"product_cat-paintings","9":"product_tag-art","10":"product_tag-color","11":"product_tag-painting","12":"product_shipping_class-mailing-tube","14":"first","15":"instock","16":"sold-individually","17":"shipping-taxable","18":"purchasable","19":"product-type-auction"},"_links":{"self":[{"href":"https:\/\/mawuartgallery.com\/fr\/wp-json\/wp\/v2\/product\/12024","targetHints":{"allow":["GET"]}}],"collection":[{"href":"https:\/\/mawuartgallery.com\/fr\/wp-json\/wp\/v2\/product"}],"about":[{"href":"https:\/\/mawuartgallery.com\/fr\/wp-json\/wp\/v2\/types\/product"}],"replies":[{"embeddable":true,"href":"https:\/\/mawuartgallery.com\/fr\/wp-json\/wp\/v2\/comments?post=12024"}],"version-history":[{"count":1,"href":"https:\/\/mawuartgallery.com\/fr\/wp-json\/wp\/v2\/product\/12024\/revisions"}],"predecessor-version":[{"id":17477,"href":"https:\/\/mawuartgallery.com\/fr\/wp-json\/wp\/v2\/product\/12024\/revisions\/17477"}],"wp:featuredmedia":[{"embeddable":true,"href":"https:\/\/mawuartgallery.com\/fr\/wp-json\/wp\/v2\/media\/12027"}],"wp:attachment":[{"href":"https:\/\/mawuartgallery.com\/fr\/wp-json\/wp\/v2\/media?parent=12024"}],"wp:term":[{"taxonomy":"product_brand","embeddable":true,"href":"https:\/\/mawuartgallery.com\/fr\/wp-json\/wp\/v2\/product_brand?post=12024"},{"taxonomy":"product_cat","embeddable":true,"href":"https:\/\/mawuartgallery.com\/fr\/wp-json\/wp\/v2\/product_cat?post=12024"},{"taxonomy":"product_tag","embeddable":true,"href":"https:\/\/mawuartgallery.com\/fr\/wp-json\/wp\/v2\/product_tag?post=12024"}],"curies":[{"name":"wp","href":"https:\/\/api.w.org\/{rel}","templated":true}]}}