{"id":11992,"date":"2024-06-17T13:30:37","date_gmt":"2024-06-17T13:30:37","guid":{"rendered":"https:\/\/mawuartgallery.com\/?post_type=product&#038;p=11992"},"modified":"2026-01-22T14:33:13","modified_gmt":"2026-01-22T18:33:13","slug":"african-heirloom","status":"publish","type":"product","link":"https:\/\/mawuartgallery.com\/fr\/produit\/african-heirloom\/","title":{"rendered":"H\u00e9ritage africain"},"content":{"rendered":"<p>Cette \u0153uvre est un hommage au travail acharn\u00e9 et aux tr\u00e9sors de nos anc\u00eatres, qui ont \u00e9t\u00e9 une source d'inspiration pour notre savoir et notre sagesse, nous donnant le pouvoir de comprendre et d'inventer notre avenir. L'\u0153uvre est une composition imaginaire qui d\u00e9peint les merveilles et les tr\u00e9sors intrigants des diverses cultures africaines.<\/p>\n<p>&nbsp;<\/p>\n<p>Le tabouret sur lequel est assis le personnage au milieu provient du Congo. Une statue de C\u00f4te d'Ivoire se trouve \u00e0 c\u00f4t\u00e9 de sa main droite. \u00c0 gauche du personnage, les inscriptions hi\u00e9roglyphiques, la statue de chat et la pyramide refl\u00e8tent l'\u00c9gypte. La t\u00eate d'homme est un masque du Nigeria\/B\u00e9nin. Idem pour la t\u00eate de femme, \u00ab reine m\u00e8re \u00bb, derri\u00e8re lui. La sculpture en forme de b\u00e9b\u00e9 que l'homme tient dans sa main droite est une \u00ab poup\u00e9e Akuaba \u00bb du Ghana Ashanti.<\/p>\n<p>&nbsp;<\/p>\n<p>Cette \u0153uvre harmonise les divers tr\u00e9sors de l'Afrique, c\u00e9l\u00e9brant la puissance de pens\u00e9e et la dext\u00e9rit\u00e9 des Africains.<\/p>","protected":false},"excerpt":{"rendered":"<h6><strong>Artiste : <\/strong><a href=\"https:\/\/mawuartgallery.com\/fr\/portfolio-item\/dumbor-debeeh\/\"><strong><span style=\"color: #0000ff;\">DUMBOR DEBEEH<\/span><\/strong><\/a><\/h6>\n<p>Stylo \u00e0 bille sur papier permanent<br \/>\n(83 x 63 cm \/ 33 x 25 po)<br \/>\nCr\u00e9\u00e9e en 2022<\/p>\n<p>&nbsp;<\/p>\n<h6>\ud83d\udd04Dans cette ench\u00e8re invers\u00e9e, le prix baisse quotidiennement\ud83d\udcc9. SOYEZ LE 1er ou la 1re \u00e0 atteindre le myst\u00e9rieux prix minimum de l'artiste\ud83c\udfafet l'\u0153uvre\ud83d\uddbc\ufe0f est \u00e0 vous! Ench\u00e9rissez avec audace!<\/h6>\n<p>&nbsp;<\/p>\n<p><strong>LIVRAISON GRATUITE POUR TOUTES LES COMMANDES<\/strong><\/p>","protected":false},"featured_media":12004,"comment_status":"open","ping_status":"closed","template":"","meta":{"nf_dc_page":""},"product_brand":[],"product_cat":[114,37,113],"product_tag":[32,34,42],"class_list":{"0":"post-11992","1":"product","2":"type-product","3":"status-publish","4":"has-post-thumbnail","6":"product_cat-ballpoint-pen","7":"product_cat-drawings","8":"product_cat-mixed-media","9":"product_tag-art","10":"product_tag-color","11":"product_tag-painting","12":"product_shipping_class-mailing-tube","14":"first","15":"instock","16":"sold-individually","17":"shipping-taxable","18":"purchasable","19":"product-type-auction"},"_links":{"self":[{"href":"https:\/\/mawuartgallery.com\/fr\/wp-json\/wp\/v2\/product\/11992","targetHints":{"allow":["GET"]}}],"collection":[{"href":"https:\/\/mawuartgallery.com\/fr\/wp-json\/wp\/v2\/product"}],"about":[{"href":"https:\/\/mawuartgallery.com\/fr\/wp-json\/wp\/v2\/types\/product"}],"replies":[{"embeddable":true,"href":"https:\/\/mawuartgallery.com\/fr\/wp-json\/wp\/v2\/comments?post=11992"}],"version-history":[{"count":1,"href":"https:\/\/mawuartgallery.com\/fr\/wp-json\/wp\/v2\/product\/11992\/revisions"}],"predecessor-version":[{"id":17457,"href":"https:\/\/mawuartgallery.com\/fr\/wp-json\/wp\/v2\/product\/11992\/revisions\/17457"}],"wp:featuredmedia":[{"embeddable":true,"href":"https:\/\/mawuartgallery.com\/fr\/wp-json\/wp\/v2\/media\/12004"}],"wp:attachment":[{"href":"https:\/\/mawuartgallery.com\/fr\/wp-json\/wp\/v2\/media?parent=11992"}],"wp:term":[{"taxonomy":"product_brand","embeddable":true,"href":"https:\/\/mawuartgallery.com\/fr\/wp-json\/wp\/v2\/product_brand?post=11992"},{"taxonomy":"product_cat","embeddable":true,"href":"https:\/\/mawuartgallery.com\/fr\/wp-json\/wp\/v2\/product_cat?post=11992"},{"taxonomy":"product_tag","embeddable":true,"href":"https:\/\/mawuartgallery.com\/fr\/wp-json\/wp\/v2\/product_tag?post=11992"}],"curies":[{"name":"wp","href":"https:\/\/api.w.org\/{rel}","templated":true}]}}