{"id":11991,"date":"2024-06-17T13:11:14","date_gmt":"2024-06-17T13:11:14","guid":{"rendered":"https:\/\/mawuartgallery.com\/?post_type=product&#038;p=11991"},"modified":"2026-01-22T14:36:39","modified_gmt":"2026-01-22T18:36:39","slug":"just-like-the-chameleon","status":"publish","type":"product","link":"https:\/\/mawuartgallery.com\/fr\/produit\/just-like-the-chameleon\/","title":{"rendered":"Comme le cam\u00e9l\u00e9on"},"content":{"rendered":"<p>\u00c0 l'instar du cam\u00e9l\u00e9on, nous, Africains, avan\u00e7ons lentement, nous nous adaptons et \u00e9voluons face aux d\u00e9fis de la vie depuis des si\u00e8cles, toujours dans le but de survivre. Cependant, en portant nos cultures diverses, nous avons voyag\u00e9, nous nous sommes install\u00e9s et avons int\u00e9gr\u00e9 les croyances des lieux o\u00f9 nous nous trouvons, non pas pour les d\u00e9truire, mais pour les accueillir avec douceur, comme une bulle fragile.<\/p>","protected":false},"excerpt":{"rendered":"<h6><strong>Artiste : <\/strong><a href=\"https:\/\/mawuartgallery.com\/fr\/portfolio-item\/dumbor-debeeh\/\"><strong><span style=\"color: #0000ff;\">DUMBOR DEBEEH<\/span><\/strong><\/a><\/h6>\n<p>Stylo \u00e0 bille sur papier permanent<br \/>\n(104 x 109 cm \/ 41 x 43 po)<br \/>\nCr\u00e9\u00e9e en 2022<\/p>\n<p>&nbsp;<\/p>\n<h6>\ud83d\udd04Dans cette ench\u00e8re invers\u00e9e, le prix baisse quotidiennement\ud83d\udcc9. SOYEZ LE 1er ou la 1re \u00e0 atteindre le myst\u00e9rieux prix minimum de l'artiste\ud83c\udfafet l'\u0153uvre\ud83d\uddbc\ufe0f est \u00e0 vous! Ench\u00e9rissez avec audace!<\/h6>\n<p>&nbsp;<\/p>\n<p><strong>LIVRAISON GRATUITE POUR TOUTES LES COMMANDES<\/strong><\/p>","protected":false},"featured_media":12008,"comment_status":"open","ping_status":"closed","template":"","meta":{"nf_dc_page":""},"product_brand":[],"product_cat":[114,37,113],"product_tag":[32,34,42],"class_list":{"0":"post-11991","1":"product","2":"type-product","3":"status-publish","4":"has-post-thumbnail","6":"product_cat-ballpoint-pen","7":"product_cat-drawings","8":"product_cat-mixed-media","9":"product_tag-art","10":"product_tag-color","11":"product_tag-painting","12":"product_shipping_class-mailing-tube","14":"first","15":"instock","16":"sold-individually","17":"shipping-taxable","18":"purchasable","19":"product-type-auction"},"_links":{"self":[{"href":"https:\/\/mawuartgallery.com\/fr\/wp-json\/wp\/v2\/product\/11991","targetHints":{"allow":["GET"]}}],"collection":[{"href":"https:\/\/mawuartgallery.com\/fr\/wp-json\/wp\/v2\/product"}],"about":[{"href":"https:\/\/mawuartgallery.com\/fr\/wp-json\/wp\/v2\/types\/product"}],"replies":[{"embeddable":true,"href":"https:\/\/mawuartgallery.com\/fr\/wp-json\/wp\/v2\/comments?post=11991"}],"version-history":[{"count":1,"href":"https:\/\/mawuartgallery.com\/fr\/wp-json\/wp\/v2\/product\/11991\/revisions"}],"predecessor-version":[{"id":17458,"href":"https:\/\/mawuartgallery.com\/fr\/wp-json\/wp\/v2\/product\/11991\/revisions\/17458"}],"wp:featuredmedia":[{"embeddable":true,"href":"https:\/\/mawuartgallery.com\/fr\/wp-json\/wp\/v2\/media\/12008"}],"wp:attachment":[{"href":"https:\/\/mawuartgallery.com\/fr\/wp-json\/wp\/v2\/media?parent=11991"}],"wp:term":[{"taxonomy":"product_brand","embeddable":true,"href":"https:\/\/mawuartgallery.com\/fr\/wp-json\/wp\/v2\/product_brand?post=11991"},{"taxonomy":"product_cat","embeddable":true,"href":"https:\/\/mawuartgallery.com\/fr\/wp-json\/wp\/v2\/product_cat?post=11991"},{"taxonomy":"product_tag","embeddable":true,"href":"https:\/\/mawuartgallery.com\/fr\/wp-json\/wp\/v2\/product_tag?post=11991"}],"curies":[{"name":"wp","href":"https:\/\/api.w.org\/{rel}","templated":true}]}}