{"id":11990,"date":"2024-06-17T13:08:05","date_gmt":"2024-06-17T13:08:05","guid":{"rendered":"https:\/\/mawuartgallery.com\/?post_type=product&#038;p=11990"},"modified":"2026-01-22T14:16:13","modified_gmt":"2026-01-22T18:16:13","slug":"dear-mama","status":"publish","type":"product","link":"https:\/\/mawuartgallery.com\/fr\/produit\/dear-mama\/","title":{"rendered":"Ch\u00e8re Maman"},"content":{"rendered":"<p>Maman, comment as-tu trouv\u00e9 l'\u00e9nergie<br \/>\npour faire tout ce que tu as fait?<br \/>\nPour m'\u00e9duquer, me soigner, me conseiller<br \/>\ndepuis mon enfance.<\/p>\n<p>&nbsp;<\/p>\n<p>Comment as-tu tout fait, maman?<br \/>\nPour me transporter et me nourrir<br \/>\ntout en trouvant le temps de jouer avec moi.<br \/>\nJ'ai du mal \u00e0 le r\u00e9aliser.<\/p>\n<p>&nbsp;<\/p>\n<p>Maman, comment as-tu trouv\u00e9 l'\u00e9nergie<br \/>\npour supporter les griefs des hommes et de la soci\u00e9t\u00e9?<br \/>\nTu m'as dit que je recevrai des fleurs de l'homme qui m'aime,<br \/>\nJ'en ai re\u00e7ues tellement, mais n'ai toujours pas d'amour.<\/p>","protected":false},"excerpt":{"rendered":"<h6><strong>Artiste : <\/strong><a href=\"https:\/\/mawuartgallery.com\/fr\/portfolio-item\/dumbor-debeeh\/\"><strong><span style=\"color: #0000ff;\">DUMBOR DEBEEH<\/span><\/strong><\/a><\/h6>\n<p>Acrylique et stylo \u00e0 bille sur papier permanent<br \/>\n(88 x 63 cm \/ 35 x 25 po)<br \/>\nCr\u00e9\u00e9e en 2023<\/p>\n<p>&nbsp;<\/p>\n<h6>\ud83d\udd04Dans cette ench\u00e8re invers\u00e9e, le prix baisse quotidiennement\ud83d\udcc9. SOYEZ LE 1er ou la 1re \u00e0 atteindre le myst\u00e9rieux prix minimum de l'artiste\ud83c\udfafet l'\u0153uvre\ud83d\uddbc\ufe0f est \u00e0 vous! Ench\u00e9rissez avec audace!<\/h6>\n<p>&nbsp;<\/p>\n<p><strong>LIVRAISON GRATUITE POUR TOUTES LES COMMANDES<\/strong><\/p>","protected":false},"featured_media":12011,"comment_status":"open","ping_status":"closed","template":"","meta":{"nf_dc_page":""},"product_brand":[],"product_cat":[112,114,37,113],"product_tag":[32,34,42],"class_list":{"0":"post-11990","1":"product","2":"type-product","3":"status-publish","4":"has-post-thumbnail","6":"product_cat-acrylic","7":"product_cat-ballpoint-pen","8":"product_cat-drawings","9":"product_cat-mixed-media","10":"product_tag-art","11":"product_tag-color","12":"product_tag-painting","13":"product_shipping_class-mailing-tube","15":"first","16":"instock","17":"sold-individually","18":"shipping-taxable","19":"purchasable","20":"product-type-auction"},"_links":{"self":[{"href":"https:\/\/mawuartgallery.com\/fr\/wp-json\/wp\/v2\/product\/11990","targetHints":{"allow":["GET"]}}],"collection":[{"href":"https:\/\/mawuartgallery.com\/fr\/wp-json\/wp\/v2\/product"}],"about":[{"href":"https:\/\/mawuartgallery.com\/fr\/wp-json\/wp\/v2\/types\/product"}],"replies":[{"embeddable":true,"href":"https:\/\/mawuartgallery.com\/fr\/wp-json\/wp\/v2\/comments?post=11990"}],"version-history":[{"count":2,"href":"https:\/\/mawuartgallery.com\/fr\/wp-json\/wp\/v2\/product\/11990\/revisions"}],"predecessor-version":[{"id":17455,"href":"https:\/\/mawuartgallery.com\/fr\/wp-json\/wp\/v2\/product\/11990\/revisions\/17455"}],"wp:featuredmedia":[{"embeddable":true,"href":"https:\/\/mawuartgallery.com\/fr\/wp-json\/wp\/v2\/media\/12011"}],"wp:attachment":[{"href":"https:\/\/mawuartgallery.com\/fr\/wp-json\/wp\/v2\/media?parent=11990"}],"wp:term":[{"taxonomy":"product_brand","embeddable":true,"href":"https:\/\/mawuartgallery.com\/fr\/wp-json\/wp\/v2\/product_brand?post=11990"},{"taxonomy":"product_cat","embeddable":true,"href":"https:\/\/mawuartgallery.com\/fr\/wp-json\/wp\/v2\/product_cat?post=11990"},{"taxonomy":"product_tag","embeddable":true,"href":"https:\/\/mawuartgallery.com\/fr\/wp-json\/wp\/v2\/product_tag?post=11990"}],"curies":[{"name":"wp","href":"https:\/\/api.w.org\/{rel}","templated":true}]}}