{"id":11989,"date":"2024-06-17T12:55:04","date_gmt":"2024-06-17T12:55:04","guid":{"rendered":"https:\/\/mawuartgallery.com\/?post_type=product&#038;p=11989"},"modified":"2026-01-22T14:31:50","modified_gmt":"2026-01-22T18:31:50","slug":"african-renaissance","status":"publish","type":"product","link":"https:\/\/mawuartgallery.com\/fr\/produit\/african-renaissance\/","title":{"rendered":"Renaissance africaine"},"content":{"rendered":"<p>Africains, r\u00e9alisez-vous que nous perdons peu \u00e0 peu notre identit\u00e9 authentique?<\/p>\n<p>&nbsp;<\/p>\n<p>Nos noms ne refl\u00e8tent plus notre h\u00e9ritage et nous avons honte de notre culture. Nous avons perdu confiance en nous-m\u00eames et en nos traditions uniques. L'\u00e8re moderne et les progr\u00e8s technologiques ont effac\u00e9 notre v\u00e9ritable essence, et nous sommes toujours mentalement asservis par nos colonisateurs. Regardez autour de vous, nous ne sommes plus fid\u00e8les \u00e0 notre vraie nature et nous ne parlons plus avec int\u00e9grit\u00e9. Qui nous a dit que les costumes et les robes de mari\u00e9e occidentaux sont plus glorieux que nos pagnes et tissus vibrants qui refl\u00e8tent nos v\u00e9ritables esprit et identit\u00e9?<\/p>\n<p>&nbsp;<\/p>\n<p>Qui a dit que sans lifting br\u00e9silien des fesses et sans lentilles de couleur, nous n'\u00e9tions pas belles? Qui a pr\u00e9tendu que porter un nom d'homme blanc nous rendait plus intelligents et plus prometteurs pour l'avenir? L'\u00e8re moderne doit renforcer notre identit\u00e9, et non nous en d\u00e9tourner. Acceptons nos marques originales et fusionnons-les avec la technologie pour r\u00e9v\u00e9ler notre v\u00e9ritable beaut\u00e9.<\/p>","protected":false},"excerpt":{"rendered":"<h6><strong>Artiste : <\/strong><a href=\"https:\/\/mawuartgallery.com\/fr\/portfolio-item\/dumbor-debeeh\/\"><strong><span style=\"color: #0000ff;\">DUMBOR DEBEEH<\/span><\/strong><\/a><\/h6>\n<p>Acrylique et stylo \u00e0 bille sur papier permanent<br \/>\n(93 x 68 cm \/ 37 x 27 po)<br \/>\nCr\u00e9\u00e9e en 2024<\/p>\n<p>&nbsp;<\/p>\n<h6>\ud83d\udd04Dans cette ench\u00e8re invers\u00e9e, le prix baisse quotidiennement\ud83d\udcc9. SOYEZ LE 1er ou la 1re \u00e0 atteindre le myst\u00e9rieux prix minimum de l'artiste\ud83c\udfafet l'\u0153uvre\ud83d\uddbc\ufe0f est \u00e0 vous! Ench\u00e9rissez avec audace!<\/h6>\n<p>&nbsp;<\/p>\n<p><strong>LIVRAISON GRATUITE POUR TOUTES LES COMMANDES<\/strong><\/p>","protected":false},"featured_media":12015,"comment_status":"open","ping_status":"closed","template":"","meta":{"nf_dc_page":""},"product_brand":[],"product_cat":[112,114,37,113],"product_tag":[32,34,42],"class_list":{"0":"post-11989","1":"product","2":"type-product","3":"status-publish","4":"has-post-thumbnail","6":"product_cat-acrylic","7":"product_cat-ballpoint-pen","8":"product_cat-drawings","9":"product_cat-mixed-media","10":"product_tag-art","11":"product_tag-color","12":"product_tag-painting","13":"product_shipping_class-mailing-tube","15":"first","16":"instock","17":"sold-individually","18":"shipping-taxable","19":"purchasable","20":"product-type-auction"},"_links":{"self":[{"href":"https:\/\/mawuartgallery.com\/fr\/wp-json\/wp\/v2\/product\/11989","targetHints":{"allow":["GET"]}}],"collection":[{"href":"https:\/\/mawuartgallery.com\/fr\/wp-json\/wp\/v2\/product"}],"about":[{"href":"https:\/\/mawuartgallery.com\/fr\/wp-json\/wp\/v2\/types\/product"}],"replies":[{"embeddable":true,"href":"https:\/\/mawuartgallery.com\/fr\/wp-json\/wp\/v2\/comments?post=11989"}],"version-history":[{"count":1,"href":"https:\/\/mawuartgallery.com\/fr\/wp-json\/wp\/v2\/product\/11989\/revisions"}],"predecessor-version":[{"id":17456,"href":"https:\/\/mawuartgallery.com\/fr\/wp-json\/wp\/v2\/product\/11989\/revisions\/17456"}],"wp:featuredmedia":[{"embeddable":true,"href":"https:\/\/mawuartgallery.com\/fr\/wp-json\/wp\/v2\/media\/12015"}],"wp:attachment":[{"href":"https:\/\/mawuartgallery.com\/fr\/wp-json\/wp\/v2\/media?parent=11989"}],"wp:term":[{"taxonomy":"product_brand","embeddable":true,"href":"https:\/\/mawuartgallery.com\/fr\/wp-json\/wp\/v2\/product_brand?post=11989"},{"taxonomy":"product_cat","embeddable":true,"href":"https:\/\/mawuartgallery.com\/fr\/wp-json\/wp\/v2\/product_cat?post=11989"},{"taxonomy":"product_tag","embeddable":true,"href":"https:\/\/mawuartgallery.com\/fr\/wp-json\/wp\/v2\/product_tag?post=11989"}],"curies":[{"name":"wp","href":"https:\/\/api.w.org\/{rel}","templated":true}]}}