{"id":11988,"date":"2024-06-18T19:30:07","date_gmt":"2024-06-18T19:30:07","guid":{"rendered":"https:\/\/mawuartgallery.com\/?post_type=product&#038;p=11988"},"modified":"2026-01-22T14:08:02","modified_gmt":"2026-01-22T18:08:02","slug":"numb","status":"publish","type":"product","link":"https:\/\/mawuartgallery.com\/fr\/produit\/numb\/","title":{"rendered":"Insensible"},"content":{"rendered":"<p>Cet \u0153uvre vise \u00e0 faire r\u00e9fl\u00e9chir sur le rythme effr\u00e9n\u00e9 de notre vie moderne, qui vient souvent perturber notre humanit\u00e9 dans le processus. En effet, petit \u00e0 petit, nous oublions ce qu'est le fait d'\u00eatre humain, traversant la vie \u00e0 toute vitesse comme des machines, avec peu ou pas d'empathie ou compr\u00e9hension. Notre qu\u00eate incessante d'innovation et de productivit\u00e9 semble nous conduire sur la voie de l'autodestruction, o\u00f9 nous sacrifions notre bien-\u00eatre et le monde qui nous entoure.<\/p>\n<p>&nbsp;<\/p>\n<p>Toutefois, il n'est peut-\u00eatre pas trop tard pour faire machine arri\u00e8re. Nous pouvons encore choisir de ralentir, de respirer profond\u00e9ment et de renouer avec l'essence de notre humanit\u00e9. Nous pouvons red\u00e9couvrir la beaut\u00e9 de la vuln\u00e9rabilit\u00e9, le pouvoir de la compassion et la simplicit\u00e9 de la gentillesse. Prenons du recul par rapport au chaos et rappelons-nous ce qui compte vraiment. Ressentons \u00e0 nouveau, aimons \u00e0 nouveau et vivons \u00e0 nouveau. Nous le devons \u00e0 nous-m\u00eames, aux autres et au monde qui est le n\u00f4tre.<\/p>","protected":false},"excerpt":{"rendered":"<h6><strong>Artiste : <\/strong><a href=\"https:\/\/mawuartgallery.com\/fr\/portfolio-item\/dumbor-debeeh\/\"><strong><span style=\"color: #0000ff;\">DUMBOR DEBEEH<\/span><\/strong><\/a><\/h6>\n<p>Acrylique et stylo \u00e0 bille sur papier permanent<br \/>\n(60 x 63 cm \/ 24 x 25 po)<br \/>\nCr\u00e9\u00e9e en 2024<\/p>\n<p>&nbsp;<\/p>\n<h6>\ud83d\udd04Dans cette ench\u00e8re invers\u00e9e, le prix baisse quotidiennement\ud83d\udcc9. SOYEZ LE 1er ou la 1re \u00e0 atteindre le myst\u00e9rieux prix minimum de l'artiste\ud83c\udfafet l'\u0153uvre\ud83d\uddbc\ufe0f est \u00e0 vous! Ench\u00e9rissez avec audace!<\/h6>\n<p>&nbsp;<\/p>\n<p><strong>LIVRAISON GRATUITE POUR TOUTES LES COMMANDES<\/strong><\/p>","protected":false},"featured_media":11999,"comment_status":"open","ping_status":"closed","template":"","meta":{"nf_dc_page":""},"product_brand":[],"product_cat":[112,114,37,113],"product_tag":[32,34,42],"class_list":{"0":"post-11988","1":"product","2":"type-product","3":"status-publish","4":"has-post-thumbnail","6":"product_cat-acrylic","7":"product_cat-ballpoint-pen","8":"product_cat-drawings","9":"product_cat-mixed-media","10":"product_tag-art","11":"product_tag-color","12":"product_tag-painting","13":"product_shipping_class-mailing-tube","15":"first","16":"instock","17":"sold-individually","18":"shipping-taxable","19":"purchasable","20":"product-type-auction"},"_links":{"self":[{"href":"https:\/\/mawuartgallery.com\/fr\/wp-json\/wp\/v2\/product\/11988","targetHints":{"allow":["GET"]}}],"collection":[{"href":"https:\/\/mawuartgallery.com\/fr\/wp-json\/wp\/v2\/product"}],"about":[{"href":"https:\/\/mawuartgallery.com\/fr\/wp-json\/wp\/v2\/types\/product"}],"replies":[{"embeddable":true,"href":"https:\/\/mawuartgallery.com\/fr\/wp-json\/wp\/v2\/comments?post=11988"}],"version-history":[{"count":2,"href":"https:\/\/mawuartgallery.com\/fr\/wp-json\/wp\/v2\/product\/11988\/revisions"}],"predecessor-version":[{"id":17453,"href":"https:\/\/mawuartgallery.com\/fr\/wp-json\/wp\/v2\/product\/11988\/revisions\/17453"}],"wp:featuredmedia":[{"embeddable":true,"href":"https:\/\/mawuartgallery.com\/fr\/wp-json\/wp\/v2\/media\/11999"}],"wp:attachment":[{"href":"https:\/\/mawuartgallery.com\/fr\/wp-json\/wp\/v2\/media?parent=11988"}],"wp:term":[{"taxonomy":"product_brand","embeddable":true,"href":"https:\/\/mawuartgallery.com\/fr\/wp-json\/wp\/v2\/product_brand?post=11988"},{"taxonomy":"product_cat","embeddable":true,"href":"https:\/\/mawuartgallery.com\/fr\/wp-json\/wp\/v2\/product_cat?post=11988"},{"taxonomy":"product_tag","embeddable":true,"href":"https:\/\/mawuartgallery.com\/fr\/wp-json\/wp\/v2\/product_tag?post=11988"}],"curies":[{"name":"wp","href":"https:\/\/api.w.org\/{rel}","templated":true}]}}