{"id":11864,"date":"2024-06-14T18:11:43","date_gmt":"2024-06-14T18:11:43","guid":{"rendered":"https:\/\/mawuartgallery.com\/?post_type=product&#038;p=11864"},"modified":"2025-12-29T11:14:18","modified_gmt":"2025-12-29T15:14:18","slug":"untitled-1","status":"publish","type":"product","link":"https:\/\/mawuartgallery.com\/fr\/produit\/untitled-1\/","title":{"rendered":"Sans titre 1"},"content":{"rendered":"<p>Cette \u0153uvre sans titre invite l'observateur \u00e0 p\u00e9n\u00e9trer dans un royaume de possibilit\u00e9s pures, o\u00f9 le sens est fluide et ouvert \u00e0 la d\u00e9couverte personnelle. Sans titre pour vous guider, l'\u0153uvre devient un miroir qui refl\u00e8te vos propres pens\u00e9es, \u00e9motions et exp\u00e9riences. Le choix de l'artiste de laisser le tableau sans titre offre la libert\u00e9 de l'aborder selon ses propres termes, sans \u00eatre encombr\u00e9 de notions pr\u00e9con\u00e7ues ou d'explications ext\u00e9rieures.<\/p>","protected":false},"excerpt":{"rendered":"<h6><strong>Artiste : <\/strong><strong><span style=\"color: #0000ff;\"><a style=\"color: #0000ff;\" href=\"https:\/\/mawuartgallery.com\/fr\/portfolio-item\/paul-onobiono\/\">MOUONO<\/a><\/span><\/strong><\/h6>\n<p>Huile et acrylique sur toile<br \/>\n(120 x 100 cm \/ 47 x 39 po)<br \/>\nCr\u00e9\u00e9e en 2023<\/p>\n<p>&nbsp;<\/p>\n<p><em>Cet article est soigneusement enroul\u00e9 et exp\u00e9di\u00e9 dans un tube d'exp\u00e9dition afin de garantir une livraison en toute s\u00e9curit\u00e9.<\/em><\/p>\n<p>&nbsp;<\/p>\n<p><strong><em>Pour nous assurer que l'\u0153uvre r\u00e9pond \u00e0 vos attentes, nous serions ravis de vous en fournir une vid\u00e9o en haute d\u00e9finition accompagn\u00e9e des commentaires de l'artiste, avant que vous ne proc\u00e9diez \u00e0 l'achat. Pour ce faire, il vous suffit de communiquer avec nous par courriel \u00e0 <a rel=\"noopener\">mawuartgallery@gmail.com<\/a> D\u00e8s r\u00e9ception de votre demande, nous vous ferons parvenir une ou plusieurs vid\u00e9os\/photos selon votre choix.<\/em><\/strong><\/p>\n<p>&nbsp;<\/p>\n<p><strong>LIVRAISON GRATUITE POUR TOUTES LES COMMANDES<\/strong><\/p>","protected":false},"featured_media":11865,"comment_status":"open","ping_status":"closed","template":"","meta":{"nf_dc_page":""},"product_brand":[],"product_cat":[112,70,43],"product_tag":[32,34,42],"class_list":{"0":"post-11864","1":"product","2":"type-product","3":"status-publish","4":"has-post-thumbnail","6":"product_cat-acrylic","7":"product_cat-oil-painting","8":"product_cat-paintings","9":"product_tag-art","10":"product_tag-color","11":"product_tag-painting","12":"product_shipping_class-mailing-tube","14":"first","15":"instock","16":"shipping-taxable","17":"purchasable","18":"product-type-simple"},"_links":{"self":[{"href":"https:\/\/mawuartgallery.com\/fr\/wp-json\/wp\/v2\/product\/11864","targetHints":{"allow":["GET"]}}],"collection":[{"href":"https:\/\/mawuartgallery.com\/fr\/wp-json\/wp\/v2\/product"}],"about":[{"href":"https:\/\/mawuartgallery.com\/fr\/wp-json\/wp\/v2\/types\/product"}],"replies":[{"embeddable":true,"href":"https:\/\/mawuartgallery.com\/fr\/wp-json\/wp\/v2\/comments?post=11864"}],"version-history":[{"count":1,"href":"https:\/\/mawuartgallery.com\/fr\/wp-json\/wp\/v2\/product\/11864\/revisions"}],"predecessor-version":[{"id":17180,"href":"https:\/\/mawuartgallery.com\/fr\/wp-json\/wp\/v2\/product\/11864\/revisions\/17180"}],"wp:featuredmedia":[{"embeddable":true,"href":"https:\/\/mawuartgallery.com\/fr\/wp-json\/wp\/v2\/media\/11865"}],"wp:attachment":[{"href":"https:\/\/mawuartgallery.com\/fr\/wp-json\/wp\/v2\/media?parent=11864"}],"wp:term":[{"taxonomy":"product_brand","embeddable":true,"href":"https:\/\/mawuartgallery.com\/fr\/wp-json\/wp\/v2\/product_brand?post=11864"},{"taxonomy":"product_cat","embeddable":true,"href":"https:\/\/mawuartgallery.com\/fr\/wp-json\/wp\/v2\/product_cat?post=11864"},{"taxonomy":"product_tag","embeddable":true,"href":"https:\/\/mawuartgallery.com\/fr\/wp-json\/wp\/v2\/product_tag?post=11864"}],"curies":[{"name":"wp","href":"https:\/\/api.w.org\/{rel}","templated":true}]}}