{"id":11822,"date":"2024-06-14T16:49:28","date_gmt":"2024-06-14T16:49:28","guid":{"rendered":"https:\/\/mawuartgallery.com\/?post_type=product&#038;p=11822"},"modified":"2025-12-29T11:16:24","modified_gmt":"2025-12-29T15:16:24","slug":"power","status":"publish","type":"product","link":"https:\/\/mawuartgallery.com\/fr\/produit\/power\/","title":{"rendered":"Pouvoir"},"content":{"rendered":"<p class=\"translation-block\"><em>Pouvoir<\/em> est bien plus qu'une simple peinture; c'est une ode \u00e0 la sagesse et \u00e0 la force des a\u00een\u00e9s, ces gardiens du temps et des traditions. \u00c0 travers cette \u0153uvre, Mouono nous invite \u00e0 r\u00e9fl\u00e9chir sur l'importance du respect et de l\u2019admiration envers ceux qui ont v\u00e9cu, appris et fa\u00e7onn\u00e9 le monde tel que nous le connaissons. La s\u00e9rie <em>Pouvoir<\/em> n\u2019est pas seulement un clin d\u2019\u0153il; c'est un hommage vibrant aux figures \u00e2g\u00e9es, v\u00e9ritables sources d'inspiration et de pouvoir tranquille.<\/p>\n<p>&nbsp;<\/p>\n<p>Chaque coup de pinceau, chaque nuance, chaque d\u00e9tail de cette peinture c\u00e9l\u00e8bre leur r\u00e9silience, leur connaissance et la profonde humanit\u00e9 qu\u2019ils incarnent. L\u2019artiste, avec une admiration palpable, r\u00e9ussit \u00e0 capturer l\u2019essence m\u00eame de ce \u00ab pouvoir \u00bb silencieux, qui ne r\u00e9side pas dans la force physique, mais dans l\u2019exp\u00e9rience, la patience et la profondeur int\u00e9rieure.<\/p>\n<p>&nbsp;<\/p>\n<p>En nous offrant cette \u0153uvre, il nous pousse \u00e0 red\u00e9couvrir l\u2019importance de cette g\u00e9n\u00e9ration, \u00e0 nourrir en nous le d\u00e9sir de les \u00e9couter, d\u2019apprendre d\u2019eux et de c\u00e9l\u00e9brer leur h\u00e9ritage.<\/p>","protected":false},"excerpt":{"rendered":"<h6><strong>Artiste : <\/strong><strong><span style=\"color: #0000ff;\"><a style=\"color: #0000ff;\" href=\"https:\/\/mawuartgallery.com\/fr\/portfolio-item\/paul-onobiono\/\">MOUONO<\/a><\/span><\/strong><\/h6>\n<p>Huile et acrylique sur toile<br \/>\n(120 x 100 cm \/ 47 x 39 po)<br \/>\nCr\u00e9\u00e9e en 2022<\/p>\n<p>&nbsp;<\/p>\n<p><em>Cet article est soigneusement enroul\u00e9 et exp\u00e9di\u00e9 dans un tube d'exp\u00e9dition afin de garantir une livraison en toute s\u00e9curit\u00e9.<\/em><\/p>\n<p>&nbsp;<\/p>\n<p><strong><em>Pour nous assurer que l'\u0153uvre r\u00e9pond \u00e0 vos attentes, nous serions ravis de vous en fournir une vid\u00e9o en haute d\u00e9finition accompagn\u00e9e des commentaires de l'artiste, avant que vous ne proc\u00e9diez \u00e0 l'achat. Pour ce faire, il vous suffit de communiquer avec nous par courriel \u00e0 <a rel=\"noopener\">mawuartgallery@gmail.com<\/a> D\u00e8s r\u00e9ception de votre demande, nous vous ferons parvenir une ou plusieurs vid\u00e9os\/photos selon votre choix.<\/em><\/strong><\/p>\n<p>&nbsp;<\/p>\n<p><strong>LIVRAISON GRATUITE POUR TOUTES LES COMMANDES<\/strong><\/p>","protected":false},"featured_media":11825,"comment_status":"open","ping_status":"closed","template":"","meta":{"nf_dc_page":""},"product_brand":[],"product_cat":[112,70,43],"product_tag":[32,34,42],"class_list":{"0":"post-11822","1":"product","2":"type-product","3":"status-publish","4":"has-post-thumbnail","6":"product_cat-acrylic","7":"product_cat-oil-painting","8":"product_cat-paintings","9":"product_tag-art","10":"product_tag-color","11":"product_tag-painting","12":"product_shipping_class-mailing-tube","14":"first","15":"outofstock","16":"sold-individually","17":"shipping-taxable","18":"product-type-simple"},"_links":{"self":[{"href":"https:\/\/mawuartgallery.com\/fr\/wp-json\/wp\/v2\/product\/11822","targetHints":{"allow":["GET"]}}],"collection":[{"href":"https:\/\/mawuartgallery.com\/fr\/wp-json\/wp\/v2\/product"}],"about":[{"href":"https:\/\/mawuartgallery.com\/fr\/wp-json\/wp\/v2\/types\/product"}],"replies":[{"embeddable":true,"href":"https:\/\/mawuartgallery.com\/fr\/wp-json\/wp\/v2\/comments?post=11822"}],"version-history":[{"count":1,"href":"https:\/\/mawuartgallery.com\/fr\/wp-json\/wp\/v2\/product\/11822\/revisions"}],"predecessor-version":[{"id":17181,"href":"https:\/\/mawuartgallery.com\/fr\/wp-json\/wp\/v2\/product\/11822\/revisions\/17181"}],"wp:featuredmedia":[{"embeddable":true,"href":"https:\/\/mawuartgallery.com\/fr\/wp-json\/wp\/v2\/media\/11825"}],"wp:attachment":[{"href":"https:\/\/mawuartgallery.com\/fr\/wp-json\/wp\/v2\/media?parent=11822"}],"wp:term":[{"taxonomy":"product_brand","embeddable":true,"href":"https:\/\/mawuartgallery.com\/fr\/wp-json\/wp\/v2\/product_brand?post=11822"},{"taxonomy":"product_cat","embeddable":true,"href":"https:\/\/mawuartgallery.com\/fr\/wp-json\/wp\/v2\/product_cat?post=11822"},{"taxonomy":"product_tag","embeddable":true,"href":"https:\/\/mawuartgallery.com\/fr\/wp-json\/wp\/v2\/product_tag?post=11822"}],"curies":[{"name":"wp","href":"https:\/\/api.w.org\/{rel}","templated":true}]}}