{"id":11787,"date":"2024-06-14T15:23:05","date_gmt":"2024-06-14T15:23:05","guid":{"rendered":"https:\/\/mawuartgallery.com\/?post_type=product&#038;p=11787"},"modified":"2025-12-29T11:11:42","modified_gmt":"2025-12-29T15:11:42","slug":"point-of-view","status":"publish","type":"product","link":"https:\/\/mawuartgallery.com\/fr\/produit\/point-of-view\/","title":{"rendered":"Point de vue"},"content":{"rendered":"<p class=\"translation-block\"><em>Point de vue<\/em> est une \u0153uvre qui me touche particuli\u00e8rement, car elle r\u00e9sonne encore profond\u00e9ment avec notre r\u00e9alit\u00e9 actuelle. \u00c0 travers cette cr\u00e9ation, je cherche \u00e0 inviter le spectateur \u00e0 un moment de r\u00e9flexion et de recul face \u00e0 l\u2019incessant flot d\u2019informations qui nous parvient chaque jour. Elle nous rappelle qu\u2019il est essentiel de prendre un instant pour observer, \u00e9couter et analyser, sans jugement imm\u00e9diat, afin de prendre des d\u00e9cisions \u00e9clair\u00e9es.<\/p>","protected":false},"excerpt":{"rendered":"<h6><strong>Artiste : <\/strong><strong><span style=\"color: #0000ff;\"><a style=\"color: #0000ff;\" href=\"https:\/\/mawuartgallery.com\/fr\/portfolio-item\/paul-onobiono\/\">MOUONO<\/a><\/span><\/strong><\/h6>\n<p>Acrylique et pastel sec sur toile<br \/>\n(150 x 130 cm \/ 59 x 51 po)<br \/>\nCr\u00e9\u00e9e en 2022<\/p>\n<p>&nbsp;<\/p>\n<p><em>Cet article est soigneusement enroul\u00e9 et exp\u00e9di\u00e9 dans un tube d'exp\u00e9dition afin de garantir une livraison en toute s\u00e9curit\u00e9.<\/em><\/p>\n<p>&nbsp;<\/p>\n<p><strong><em>Pour nous assurer que l'\u0153uvre r\u00e9pond \u00e0 vos attentes, nous serions ravis de vous en fournir une vid\u00e9o en haute d\u00e9finition accompagn\u00e9e des commentaires de l'artiste, avant que vous ne proc\u00e9diez \u00e0 l'achat. Pour ce faire, il vous suffit de communiquer avec nous par courriel \u00e0 <a rel=\"noopener\">mawuartgallery@gmail.com<\/a> D\u00e8s r\u00e9ception de votre demande, nous vous ferons parvenir une ou plusieurs vid\u00e9os\/photos selon votre choix.<\/em><\/strong><\/p>\n<p>&nbsp;<\/p>\n<p><strong>LIVRAISON GRATUITE POUR TOUTES LES COMMANDES<\/strong><\/p>","protected":false},"featured_media":11821,"comment_status":"open","ping_status":"closed","template":"","meta":{"nf_dc_page":""},"product_brand":[],"product_cat":[112,43,115],"product_tag":[32,34,42],"class_list":{"0":"post-11787","1":"product","2":"type-product","3":"status-publish","4":"has-post-thumbnail","6":"product_cat-acrylic","7":"product_cat-paintings","8":"product_cat-pastel","9":"product_tag-art","10":"product_tag-color","11":"product_tag-painting","12":"product_shipping_class-mailing-tube","14":"first","15":"instock","16":"shipping-taxable","17":"purchasable","18":"product-type-simple"},"_links":{"self":[{"href":"https:\/\/mawuartgallery.com\/fr\/wp-json\/wp\/v2\/product\/11787","targetHints":{"allow":["GET"]}}],"collection":[{"href":"https:\/\/mawuartgallery.com\/fr\/wp-json\/wp\/v2\/product"}],"about":[{"href":"https:\/\/mawuartgallery.com\/fr\/wp-json\/wp\/v2\/types\/product"}],"replies":[{"embeddable":true,"href":"https:\/\/mawuartgallery.com\/fr\/wp-json\/wp\/v2\/comments?post=11787"}],"version-history":[{"count":1,"href":"https:\/\/mawuartgallery.com\/fr\/wp-json\/wp\/v2\/product\/11787\/revisions"}],"predecessor-version":[{"id":17178,"href":"https:\/\/mawuartgallery.com\/fr\/wp-json\/wp\/v2\/product\/11787\/revisions\/17178"}],"wp:featuredmedia":[{"embeddable":true,"href":"https:\/\/mawuartgallery.com\/fr\/wp-json\/wp\/v2\/media\/11821"}],"wp:attachment":[{"href":"https:\/\/mawuartgallery.com\/fr\/wp-json\/wp\/v2\/media?parent=11787"}],"wp:term":[{"taxonomy":"product_brand","embeddable":true,"href":"https:\/\/mawuartgallery.com\/fr\/wp-json\/wp\/v2\/product_brand?post=11787"},{"taxonomy":"product_cat","embeddable":true,"href":"https:\/\/mawuartgallery.com\/fr\/wp-json\/wp\/v2\/product_cat?post=11787"},{"taxonomy":"product_tag","embeddable":true,"href":"https:\/\/mawuartgallery.com\/fr\/wp-json\/wp\/v2\/product_tag?post=11787"}],"curies":[{"name":"wp","href":"https:\/\/api.w.org\/{rel}","templated":true}]}}