{"id":11759,"date":"2024-06-14T13:36:02","date_gmt":"2024-06-14T13:36:02","guid":{"rendered":"https:\/\/mawuartgallery.com\/?post_type=product&#038;p=11759"},"modified":"2025-12-29T10:45:26","modified_gmt":"2025-12-29T14:45:26","slug":"my-white-sofa","status":"publish","type":"product","link":"https:\/\/mawuartgallery.com\/fr\/produit\/my-white-sofa\/","title":{"rendered":"Mon canap\u00e9 blanc"},"content":{"rendered":"<p>Un homme se d\u00e9tend sans effort sur un canap\u00e9 blanc, sa posture avachie mais paisible, incarnant un sentiment de contentement tranquille. Les lignes douces et fluides du canap\u00e9 contrastent avec les courbes douces de son corps, cr\u00e9ant une atmosph\u00e8re de calme, comme si le temps lui-m\u00eame avait ralenti autour de lui.<\/p>\n<p>&nbsp;<\/p>\n<p>Le jeu subtil de la lumi\u00e8re accentue son expression paisible, laissant entrevoir le poids de pens\u00e9es profondes ou simplement la joie d'\u00eatre dans l'instant pr\u00e9sent. Il y a un sentiment d'immobilit\u00e9 qui invite le spectateur \u00e0 faire une pause, \u00e0 respirer et \u00e0 r\u00e9fl\u00e9chir, nous rappelant que parfois, la v\u00e9ritable d\u00e9tente et la clart\u00e9 viennent lorsque nous laissons tomber toutes les attentes et que nous existons simplement.<\/p>","protected":false},"excerpt":{"rendered":"<h6><strong>Artiste : <\/strong><strong><span style=\"color: #0000ff;\"><a style=\"color: #0000ff;\" href=\"https:\/\/mawuartgallery.com\/fr\/portfolio-item\/paul-onobiono\/\">MOUONO<\/a><\/span><\/strong><\/h6>\n<p>Huile et acrylique sur toile<br \/>\n(70 x 55 in. \/ 180 x 140 cm)<br \/>\nCr\u00e9\u00e9e en 2022<\/p>\n<p>&nbsp;<\/p>\n<p><em>Cet article est soigneusement enroul\u00e9 et exp\u00e9di\u00e9 dans un tube d'exp\u00e9dition afin de garantir une livraison en toute s\u00e9curit\u00e9.<\/em><\/p>\n<p>&nbsp;<\/p>\n<p><strong><em>Pour nous assurer que l'\u0153uvre r\u00e9pond \u00e0 vos attentes, nous serions ravis de vous en fournir une vid\u00e9o en haute d\u00e9finition accompagn\u00e9e des commentaires de l'artiste, avant que vous ne proc\u00e9diez \u00e0 l'achat. Pour ce faire, il vous suffit de communiquer avec nous par courriel \u00e0 <a rel=\"noopener\">mawuartgallery@gmail.com<\/a> D\u00e8s r\u00e9ception de votre demande, nous vous ferons parvenir une ou plusieurs vid\u00e9os\/photos selon votre choix.<\/em><\/strong><\/p>\n<p>&nbsp;<\/p>\n<p><strong>LIVRAISON GRATUITE POUR TOUTES LES COMMANDES<\/strong><\/p>","protected":false},"featured_media":11768,"comment_status":"open","ping_status":"closed","template":"","meta":{"nf_dc_page":""},"product_brand":[],"product_cat":[112,70,43],"product_tag":[32,34,42],"class_list":{"0":"post-11759","1":"product","2":"type-product","3":"status-publish","4":"has-post-thumbnail","6":"product_cat-acrylic","7":"product_cat-oil-painting","8":"product_cat-paintings","9":"product_tag-art","10":"product_tag-color","11":"product_tag-painting","12":"product_shipping_class-mailing-tube","14":"first","15":"instock","16":"shipping-taxable","17":"purchasable","18":"product-type-simple"},"_links":{"self":[{"href":"https:\/\/mawuartgallery.com\/fr\/wp-json\/wp\/v2\/product\/11759","targetHints":{"allow":["GET"]}}],"collection":[{"href":"https:\/\/mawuartgallery.com\/fr\/wp-json\/wp\/v2\/product"}],"about":[{"href":"https:\/\/mawuartgallery.com\/fr\/wp-json\/wp\/v2\/types\/product"}],"replies":[{"embeddable":true,"href":"https:\/\/mawuartgallery.com\/fr\/wp-json\/wp\/v2\/comments?post=11759"}],"version-history":[{"count":1,"href":"https:\/\/mawuartgallery.com\/fr\/wp-json\/wp\/v2\/product\/11759\/revisions"}],"predecessor-version":[{"id":17169,"href":"https:\/\/mawuartgallery.com\/fr\/wp-json\/wp\/v2\/product\/11759\/revisions\/17169"}],"wp:featuredmedia":[{"embeddable":true,"href":"https:\/\/mawuartgallery.com\/fr\/wp-json\/wp\/v2\/media\/11768"}],"wp:attachment":[{"href":"https:\/\/mawuartgallery.com\/fr\/wp-json\/wp\/v2\/media?parent=11759"}],"wp:term":[{"taxonomy":"product_brand","embeddable":true,"href":"https:\/\/mawuartgallery.com\/fr\/wp-json\/wp\/v2\/product_brand?post=11759"},{"taxonomy":"product_cat","embeddable":true,"href":"https:\/\/mawuartgallery.com\/fr\/wp-json\/wp\/v2\/product_cat?post=11759"},{"taxonomy":"product_tag","embeddable":true,"href":"https:\/\/mawuartgallery.com\/fr\/wp-json\/wp\/v2\/product_tag?post=11759"}],"curies":[{"name":"wp","href":"https:\/\/api.w.org\/{rel}","templated":true}]}}