{"id":11748,"date":"2024-06-14T13:09:57","date_gmt":"2024-06-14T13:09:57","guid":{"rendered":"https:\/\/mawuartgallery.com\/?post_type=product&#038;p=11748"},"modified":"2025-12-29T10:44:02","modified_gmt":"2025-12-29T14:44:02","slug":"fresh-memory-drink","status":"publish","type":"product","link":"https:\/\/mawuartgallery.com\/fr\/produit\/fresh-memory-drink\/","title":{"rendered":"\u00c7a rafra\u00eechit la m\u00e9moire"},"content":{"rendered":"<p class=\"translation-block\"><em>Fresh memory drink<\/em> (Ca rafr\u00e2ichit la m\u00e9moire) symbolise le souhait de raviver la m\u00e9moire des jeunes Africains, afin qu'ils red\u00e9couvrent leur identit\u00e9 et leur histoire. Elle utilise l\u2019image d\u2019une boisson qui, une fois ing\u00e9r\u00e9e, permet de retrouver des r\u00e9v\u00e9lations et des souvenirs li\u00e9s \u00e0 ses racines.<\/p>\n<p>&nbsp;<\/p>\n<p>Cette \u0153uvre cherche \u00e0 \u00e9veiller la conscience de ceux qui ont perdu le lien avec leur pass\u00e9, en soulignant l\u2019importance de conna\u00eetre ses origines pour pouvoir avancer sereinement vers l\u2019avenir. Aujourd\u2019hui, la jeunesse africaine commence \u00e0 se tourner vers son histoire pour mieux comprendre qui elle est et d\u2019o\u00f9 elle vient, car la connaissance de soi est essentielle pour savoir o\u00f9 l\u2019on va.<\/p>","protected":false},"excerpt":{"rendered":"<h6><strong>Artiste : <\/strong><strong><span style=\"color: #0000ff;\"><a style=\"color: #0000ff;\" href=\"https:\/\/mawuartgallery.com\/fr\/portfolio-item\/paul-onobiono\/\">MOUONO<\/a><\/span><\/strong><\/h6>\n<p>Huile et acrylique sur toile<br \/>\n(120 x 100 cm \/ 47 x 39 po)<br \/>\nCr\u00e9\u00e9e en 2022<\/p>\n<p>&nbsp;<\/p>\n<p><em>Cet article est soigneusement enroul\u00e9 et exp\u00e9di\u00e9 dans un tube d'exp\u00e9dition afin de garantir une livraison en toute s\u00e9curit\u00e9.<\/em><\/p>\n<p>&nbsp;<\/p>\n<p><strong><em>Pour nous assurer que l'\u0153uvre r\u00e9pond \u00e0 vos attentes, nous serions ravis de vous en fournir une vid\u00e9o en haute d\u00e9finition accompagn\u00e9e des commentaires de l'artiste, avant que vous ne proc\u00e9diez \u00e0 l'achat. Pour ce faire, il vous suffit de communiquer avec nous par courriel \u00e0 <a rel=\"noopener\">mawuartgallery@gmail.com<\/a> D\u00e8s r\u00e9ception de votre demande, nous vous ferons parvenir une ou plusieurs vid\u00e9os\/photos selon votre choix.<\/em><\/strong><\/p>\n<p>&nbsp;<\/p>\n<p><strong>LIVRAISON GRATUITE POUR TOUTES LES COMMANDES<\/strong><\/p>","protected":false},"featured_media":11751,"comment_status":"open","ping_status":"closed","template":"","meta":{"nf_dc_page":""},"product_brand":[],"product_cat":[112,70,43],"product_tag":[32,34,42],"class_list":{"0":"post-11748","1":"product","2":"type-product","3":"status-publish","4":"has-post-thumbnail","6":"product_cat-acrylic","7":"product_cat-oil-painting","8":"product_cat-paintings","9":"product_tag-art","10":"product_tag-color","11":"product_tag-painting","12":"product_shipping_class-mailing-tube","14":"first","15":"instock","16":"shipping-taxable","17":"purchasable","18":"product-type-simple"},"_links":{"self":[{"href":"https:\/\/mawuartgallery.com\/fr\/wp-json\/wp\/v2\/product\/11748","targetHints":{"allow":["GET"]}}],"collection":[{"href":"https:\/\/mawuartgallery.com\/fr\/wp-json\/wp\/v2\/product"}],"about":[{"href":"https:\/\/mawuartgallery.com\/fr\/wp-json\/wp\/v2\/types\/product"}],"replies":[{"embeddable":true,"href":"https:\/\/mawuartgallery.com\/fr\/wp-json\/wp\/v2\/comments?post=11748"}],"version-history":[{"count":2,"href":"https:\/\/mawuartgallery.com\/fr\/wp-json\/wp\/v2\/product\/11748\/revisions"}],"predecessor-version":[{"id":17168,"href":"https:\/\/mawuartgallery.com\/fr\/wp-json\/wp\/v2\/product\/11748\/revisions\/17168"}],"wp:featuredmedia":[{"embeddable":true,"href":"https:\/\/mawuartgallery.com\/fr\/wp-json\/wp\/v2\/media\/11751"}],"wp:attachment":[{"href":"https:\/\/mawuartgallery.com\/fr\/wp-json\/wp\/v2\/media?parent=11748"}],"wp:term":[{"taxonomy":"product_brand","embeddable":true,"href":"https:\/\/mawuartgallery.com\/fr\/wp-json\/wp\/v2\/product_brand?post=11748"},{"taxonomy":"product_cat","embeddable":true,"href":"https:\/\/mawuartgallery.com\/fr\/wp-json\/wp\/v2\/product_cat?post=11748"},{"taxonomy":"product_tag","embeddable":true,"href":"https:\/\/mawuartgallery.com\/fr\/wp-json\/wp\/v2\/product_tag?post=11748"}],"curies":[{"name":"wp","href":"https:\/\/api.w.org\/{rel}","templated":true}]}}