{"id":11743,"date":"2024-06-14T12:51:09","date_gmt":"2024-06-14T12:51:09","guid":{"rendered":"https:\/\/mawuartgallery.com\/?post_type=product&#038;p=11743"},"modified":"2025-12-29T10:59:36","modified_gmt":"2025-12-29T14:59:36","slug":"heirs-of-memory","status":"publish","type":"product","link":"https:\/\/mawuartgallery.com\/fr\/produit\/heirs-of-memory\/","title":{"rendered":"H\u00e9ritiers de la m\u00e9moire"},"content":{"rendered":"<p class=\"translation-block\"><em>H\u00e9ritiers de la m\u00e9moire <\/em>  est une repr\u00e9sentation puissante qui capture un moment de r\u00e9silience tranquille. Trois personnages sont assis c\u00f4te \u00e0 c\u00f4te, leurs postures \u00e9tant \u00e0 la fois imposantes et discr\u00e8tes, alors qu'ils regardent directement l'observateur.<\/p>\n<p>&nbsp;<\/p>\n<p>Les cercles blancs qui remplacent leurs yeux cr\u00e9ent un pont symbolique entre le pass\u00e9, le pr\u00e9sent et l\u2019avenir. Ce choix esth\u00e9tique, loin d\u2019\u00eatre anodin, invite l\u2019observateur \u00e0 plonger plus profond\u00e9ment dans l\u2019\u0153uvre, \u00e0 s\u2019\u00e9chapper dans un univers de multiples interpr\u00e9tations. Ces cercles blancs sont des fen\u00eatres sur l\u2019invisible, des points de connexion qui \u00e9veillent un dialogue silencieux entre l\u2019artiste et le spectateur. Ils sont l\u2019\u00e2me du travail, un espace d\u2019introspection sans fin. Les casques, quant \u00e0 eux, constituent une m\u00e9taphore de la protection de la m\u00e9moire. Ils \u00e9voquent la s\u00e9curit\u00e9 de nos souvenirs, notre histoire collective, et soulignent l\u2019importance de pr\u00e9server la m\u00e9moire tout au long des g\u00e9n\u00e9rations.<\/p>\n<p>&nbsp;<\/p>\n<p>L\u2019image de l\u2019oie, plac\u00e9e devant la figure centrale, incarne le gardien vigilant de cette m\u00e9moire. Avec sa vision per\u00e7ante et son instinct de protection, l\u2019oie symbolise la clart\u00e9 et la vigilance n\u00e9cessaires pour maintenir vivante la m\u00e9moire du pass\u00e9. Elle est le guide fid\u00e8le qui veille sur nos racines.<\/p>\n<p>&nbsp;<\/p>\n<p>Les expressions des hommes dans l\u2019\u0153uvre sont un m\u00e9lange puissant de sagesse et de vuln\u00e9rabilit\u00e9. Ils semblent \u00eatre les t\u00e9moins et les protecteurs d\u2019un h\u00e9ritage collectif, porteurs des souvenirs et des luttes de ceux qui les ont pr\u00e9c\u00e9d\u00e9s. Leur pr\u00e9sence, \u00e0 la fois calme et empreinte de force, \u00e9voque l\u2019unit\u00e9 du patrimoine partag\u00e9.<\/p>\n<p>&nbsp;<\/p>\n<p>Dans leur immobilit\u00e9, ces figures invitent l\u2019observateur \u00e0 s\u2019interroger sur le pouvoir silencieux de l\u2019histoire, sur l\u2019importance des m\u00e9moires partag\u00e9es et sur la force tranquille de ceux qui, sans bruit, portent et transmettent les r\u00e9cits du pass\u00e9.<\/p>","protected":false},"excerpt":{"rendered":"<h6><strong>Artiste : <\/strong><strong><span style=\"color: #0000ff;\"><a style=\"color: #0000ff;\" href=\"https:\/\/mawuartgallery.com\/fr\/portfolio-item\/paul-onobiono\/\">MOUONO<\/a><\/span><\/strong><\/h6>\n<p>Huile et acrylique sur toile<br \/>\n(70 x 55 in. \/ 180 x 140 cm)<br \/>\nCr\u00e9\u00e9e en 2022<\/p>\n<p>&nbsp;<\/p>\n<p><em>Cet article est soigneusement enroul\u00e9 et exp\u00e9di\u00e9 dans un tube d'exp\u00e9dition afin de garantir une livraison en toute s\u00e9curit\u00e9.<\/em><\/p>\n<p>&nbsp;<\/p>\n<p><strong><em>Pour nous assurer que l'\u0153uvre r\u00e9pond \u00e0 vos attentes, nous serions ravis de vous en fournir une vid\u00e9o en haute d\u00e9finition accompagn\u00e9e des commentaires de l'artiste, avant que vous ne proc\u00e9diez \u00e0 l'achat. Pour ce faire, il vous suffit de communiquer avec nous par courriel \u00e0 <a rel=\"noopener\">mawuartgallery@gmail.com<\/a> D\u00e8s r\u00e9ception de votre demande, nous vous ferons parvenir une ou plusieurs vid\u00e9os\/photos selon votre choix.<\/em><\/strong><\/p>\n<p>&nbsp;<\/p>\n<p><strong>LIVRAISON GRATUITE POUR TOUTES LES COMMANDES<\/strong><\/p>","protected":false},"featured_media":11745,"comment_status":"open","ping_status":"closed","template":"","meta":{"nf_dc_page":""},"product_brand":[],"product_cat":[112,70,43],"product_tag":[32,34,42],"class_list":{"0":"post-11743","1":"product","2":"type-product","3":"status-publish","4":"has-post-thumbnail","6":"product_cat-acrylic","7":"product_cat-oil-painting","8":"product_cat-paintings","9":"product_tag-art","10":"product_tag-color","11":"product_tag-painting","12":"product_shipping_class-mailing-tube","14":"first","15":"instock","16":"shipping-taxable","17":"purchasable","18":"product-type-simple"},"_links":{"self":[{"href":"https:\/\/mawuartgallery.com\/fr\/wp-json\/wp\/v2\/product\/11743","targetHints":{"allow":["GET"]}}],"collection":[{"href":"https:\/\/mawuartgallery.com\/fr\/wp-json\/wp\/v2\/product"}],"about":[{"href":"https:\/\/mawuartgallery.com\/fr\/wp-json\/wp\/v2\/types\/product"}],"replies":[{"embeddable":true,"href":"https:\/\/mawuartgallery.com\/fr\/wp-json\/wp\/v2\/comments?post=11743"}],"version-history":[{"count":1,"href":"https:\/\/mawuartgallery.com\/fr\/wp-json\/wp\/v2\/product\/11743\/revisions"}],"predecessor-version":[{"id":17175,"href":"https:\/\/mawuartgallery.com\/fr\/wp-json\/wp\/v2\/product\/11743\/revisions\/17175"}],"wp:featuredmedia":[{"embeddable":true,"href":"https:\/\/mawuartgallery.com\/fr\/wp-json\/wp\/v2\/media\/11745"}],"wp:attachment":[{"href":"https:\/\/mawuartgallery.com\/fr\/wp-json\/wp\/v2\/media?parent=11743"}],"wp:term":[{"taxonomy":"product_brand","embeddable":true,"href":"https:\/\/mawuartgallery.com\/fr\/wp-json\/wp\/v2\/product_brand?post=11743"},{"taxonomy":"product_cat","embeddable":true,"href":"https:\/\/mawuartgallery.com\/fr\/wp-json\/wp\/v2\/product_cat?post=11743"},{"taxonomy":"product_tag","embeddable":true,"href":"https:\/\/mawuartgallery.com\/fr\/wp-json\/wp\/v2\/product_tag?post=11743"}],"curies":[{"name":"wp","href":"https:\/\/api.w.org\/{rel}","templated":true}]}}