{"id":11738,"date":"2024-06-14T12:46:46","date_gmt":"2024-06-14T12:46:46","guid":{"rendered":"https:\/\/mawuartgallery.com\/?post_type=product&#038;p=11738"},"modified":"2025-12-29T10:49:26","modified_gmt":"2025-12-29T14:49:26","slug":"forward-to-the-past","status":"publish","type":"product","link":"https:\/\/mawuartgallery.com\/fr\/produit\/forward-to-the-past\/","title":{"rendered":"En avant vers le pass\u00e9"},"content":{"rendered":"<p class=\"translation-block\"><em>En avant vers le pass\u00e9<\/em> est une repr\u00e9sentation \u00e9mouvante et pleine de puissance qui capture le voyage int\u00e9rieur de la d\u00e9couverte de soi et l'exploration du patrimoine. Le jeune homme en portant un autre sur son dos est un geste empreint de soin, de protection et d\u2019orientation.<\/p>\n<p>&nbsp;<\/p>\n<p>Le \u00ab porteur \u00bb, qui assume le poids du pr\u00e9sent et du pass\u00e9, symbolise la responsabilit\u00e9 de comprendre et d\u2019honorer ses racines. Celui qu\u2019il porte, innocent et plein de confiance, repr\u00e9sente l\u2019avenir, qui h\u00e9ritera de ces le\u00e7ons et les transmettra \u00e0 son tour.<\/p>\n<p>&nbsp;<\/p>\n<p>Cette \u0153uvre nous invite \u00e0 regarder en arri\u00e8re, \u00e0 plonger dans notre histoire, afin de pouvoir avancer avec force et conviction. Elle nous rappelle qu\u2019avant de savoir o\u00f9 nous allons, il est essentiel de comprendre d\u2019o\u00f9 nous venons, en faisant de notre pass\u00e9 le socle sur lequel construire un avenir plus lumineux et plus uni.<\/p>","protected":false},"excerpt":{"rendered":"<h6><strong>Artiste : <\/strong><strong><span style=\"color: #0000ff;\"><a style=\"color: #0000ff;\" href=\"https:\/\/mawuartgallery.com\/fr\/portfolio-item\/paul-onobiono\/\">MOUONO<\/a><\/span><\/strong><\/h6>\n<p>Huile et acrylique sur toile<br \/>\n(59 x 55 in. \/ 150 x 140 cm)<br \/>\nCr\u00e9\u00e9e en 2024<\/p>\n<p>&nbsp;<\/p>\n<p><em>Cet article est soigneusement enroul\u00e9 et exp\u00e9di\u00e9 dans un tube d'exp\u00e9dition afin de garantir une livraison en toute s\u00e9curit\u00e9.<\/em><\/p>\n<p>&nbsp;<\/p>\n<p><strong><em>Pour nous assurer que l'\u0153uvre r\u00e9pond \u00e0 vos attentes, nous serions ravis de vous en fournir une vid\u00e9o en haute d\u00e9finition accompagn\u00e9e des commentaires de l'artiste, avant que vous ne proc\u00e9diez \u00e0 l'achat. Pour ce faire, il vous suffit de communiquer avec nous par courriel \u00e0 <a rel=\"noopener\">mawuartgallery@gmail.com<\/a> D\u00e8s r\u00e9ception de votre demande, nous vous ferons parvenir une ou plusieurs vid\u00e9os\/photos selon votre choix.<\/em><\/strong><\/p>\n<p>&nbsp;<\/p>\n<p><strong>LIVRAISON GRATUITE POUR TOUTES LES COMMANDES<\/strong><\/p>","protected":false},"featured_media":11740,"comment_status":"open","ping_status":"closed","template":"","meta":{"nf_dc_page":""},"product_brand":[],"product_cat":[112,70,43],"product_tag":[32,34,42],"class_list":{"0":"post-11738","1":"product","2":"type-product","3":"status-publish","4":"has-post-thumbnail","6":"product_cat-acrylic","7":"product_cat-oil-painting","8":"product_cat-paintings","9":"product_tag-art","10":"product_tag-color","11":"product_tag-painting","12":"product_shipping_class-mailing-tube","14":"first","15":"instock","16":"shipping-taxable","17":"purchasable","18":"product-type-simple"},"_links":{"self":[{"href":"https:\/\/mawuartgallery.com\/fr\/wp-json\/wp\/v2\/product\/11738","targetHints":{"allow":["GET"]}}],"collection":[{"href":"https:\/\/mawuartgallery.com\/fr\/wp-json\/wp\/v2\/product"}],"about":[{"href":"https:\/\/mawuartgallery.com\/fr\/wp-json\/wp\/v2\/types\/product"}],"replies":[{"embeddable":true,"href":"https:\/\/mawuartgallery.com\/fr\/wp-json\/wp\/v2\/comments?post=11738"}],"version-history":[{"count":1,"href":"https:\/\/mawuartgallery.com\/fr\/wp-json\/wp\/v2\/product\/11738\/revisions"}],"predecessor-version":[{"id":17172,"href":"https:\/\/mawuartgallery.com\/fr\/wp-json\/wp\/v2\/product\/11738\/revisions\/17172"}],"wp:featuredmedia":[{"embeddable":true,"href":"https:\/\/mawuartgallery.com\/fr\/wp-json\/wp\/v2\/media\/11740"}],"wp:attachment":[{"href":"https:\/\/mawuartgallery.com\/fr\/wp-json\/wp\/v2\/media?parent=11738"}],"wp:term":[{"taxonomy":"product_brand","embeddable":true,"href":"https:\/\/mawuartgallery.com\/fr\/wp-json\/wp\/v2\/product_brand?post=11738"},{"taxonomy":"product_cat","embeddable":true,"href":"https:\/\/mawuartgallery.com\/fr\/wp-json\/wp\/v2\/product_cat?post=11738"},{"taxonomy":"product_tag","embeddable":true,"href":"https:\/\/mawuartgallery.com\/fr\/wp-json\/wp\/v2\/product_tag?post=11738"}],"curies":[{"name":"wp","href":"https:\/\/api.w.org\/{rel}","templated":true}]}}