{"id":11555,"date":"2024-06-14T12:22:00","date_gmt":"2024-06-14T12:22:00","guid":{"rendered":"https:\/\/mawuartgallery.com\/?post_type=product&#038;p=11555"},"modified":"2025-12-29T10:51:48","modified_gmt":"2025-12-29T14:51:48","slug":"a-part-of-me","status":"publish","type":"product","link":"https:\/\/mawuartgallery.com\/fr\/produit\/a-part-of-me\/","title":{"rendered":"Une partie de moi"},"content":{"rendered":"<p class=\"translation-block\"><em>Une partie de moi<\/em> est une \u0153uvre audacieuse et introspective qui invite le spectateur \u00e0 contempler les complexit\u00e9s de l'acceptation de soi et la relation souvent \u00e9trange que nous entretenons avec notre propre identit\u00e9.<\/p>\n<p>&nbsp;<\/p>\n<p>Cette image provocante et surr\u00e9aliste remet en question les notions traditionnelles de relation \u00e0 soi et d'appartenance. Elle \u00e9voque l'id\u00e9e que toutes les parties de nous-m\u00eames, aussi g\u00eanantes, difficiles ou inconfortables soient-elles, font partie int\u00e9grante de ce que nous sommes.<\/p>\n<p>&nbsp;<\/p>\n<p>Le personnage, dans son geste particulier, symbolise l'acceptation de l'ensemble de notre personne, m\u00eame les parties qui ne nous sont pas famili\u00e8res ou qui ne sont pas agr\u00e9ables. Dans cette \u0153uvre, l'artiste cr\u00e9e un espace o\u00f9 le spectateur est encourag\u00e9 \u00e0 r\u00e9fl\u00e9chir \u00e0 la fa\u00e7on dont nous consommons nos propres pens\u00e9es, \u00e9motions et exp\u00e9riences et, en fin de compte, \u00e0 voir que chaque partie de nous est n\u00e9cessaire dans le processus de devenir entier.<\/p>","protected":false},"excerpt":{"rendered":"<h6><strong>Artiste : <\/strong><strong><span style=\"color: #0000ff;\"><a style=\"color: #0000ff;\" href=\"https:\/\/mawuartgallery.com\/fr\/portfolio-item\/paul-onobiono\/\">MOUONO<\/a><\/span><\/strong><\/h6>\n<p>Huile et acrylique sur toile<br \/>\n(59 x 55 in. \/ 150 x 140 cm)<br \/>\nCr\u00e9\u00e9e en 2024<\/p>\n<p>&nbsp;<\/p>\n<p><em>Cet article est soigneusement enroul\u00e9 et exp\u00e9di\u00e9 dans un tube d'exp\u00e9dition afin de garantir une livraison en toute s\u00e9curit\u00e9.<\/em><\/p>\n<p>&nbsp;<\/p>\n<p><strong><em>Pour nous assurer que l'\u0153uvre r\u00e9pond \u00e0 vos attentes, nous serions ravis de vous en fournir une vid\u00e9o en haute d\u00e9finition accompagn\u00e9e des commentaires de l'artiste, avant que vous ne proc\u00e9diez \u00e0 l'achat. Pour ce faire, il vous suffit de communiquer avec nous par courriel \u00e0 <a rel=\"noopener\">mawuartgallery@gmail.com<\/a> D\u00e8s r\u00e9ception de votre demande, nous vous ferons parvenir une ou plusieurs vid\u00e9os\/photos selon votre choix.<\/em><\/strong><\/p>\n<p>&nbsp;<\/p>\n<p><strong>LIVRAISON GRATUITE POUR TOUTES LES COMMANDES<\/strong><\/p>","protected":false},"featured_media":11735,"comment_status":"open","ping_status":"closed","template":"","meta":{"nf_dc_page":""},"product_brand":[],"product_cat":[112,70,43],"product_tag":[32,34,42],"class_list":{"0":"post-11555","1":"product","2":"type-product","3":"status-publish","4":"has-post-thumbnail","6":"product_cat-acrylic","7":"product_cat-oil-painting","8":"product_cat-paintings","9":"product_tag-art","10":"product_tag-color","11":"product_tag-painting","12":"product_shipping_class-mailing-tube","14":"first","15":"instock","16":"shipping-taxable","17":"purchasable","18":"product-type-simple"},"_links":{"self":[{"href":"https:\/\/mawuartgallery.com\/fr\/wp-json\/wp\/v2\/product\/11555","targetHints":{"allow":["GET"]}}],"collection":[{"href":"https:\/\/mawuartgallery.com\/fr\/wp-json\/wp\/v2\/product"}],"about":[{"href":"https:\/\/mawuartgallery.com\/fr\/wp-json\/wp\/v2\/types\/product"}],"replies":[{"embeddable":true,"href":"https:\/\/mawuartgallery.com\/fr\/wp-json\/wp\/v2\/comments?post=11555"}],"version-history":[{"count":2,"href":"https:\/\/mawuartgallery.com\/fr\/wp-json\/wp\/v2\/product\/11555\/revisions"}],"predecessor-version":[{"id":17174,"href":"https:\/\/mawuartgallery.com\/fr\/wp-json\/wp\/v2\/product\/11555\/revisions\/17174"}],"wp:featuredmedia":[{"embeddable":true,"href":"https:\/\/mawuartgallery.com\/fr\/wp-json\/wp\/v2\/media\/11735"}],"wp:attachment":[{"href":"https:\/\/mawuartgallery.com\/fr\/wp-json\/wp\/v2\/media?parent=11555"}],"wp:term":[{"taxonomy":"product_brand","embeddable":true,"href":"https:\/\/mawuartgallery.com\/fr\/wp-json\/wp\/v2\/product_brand?post=11555"},{"taxonomy":"product_cat","embeddable":true,"href":"https:\/\/mawuartgallery.com\/fr\/wp-json\/wp\/v2\/product_cat?post=11555"},{"taxonomy":"product_tag","embeddable":true,"href":"https:\/\/mawuartgallery.com\/fr\/wp-json\/wp\/v2\/product_tag?post=11555"}],"curies":[{"name":"wp","href":"https:\/\/api.w.org\/{rel}","templated":true}]}}