{"id":11541,"date":"2024-06-11T17:42:13","date_gmt":"2024-06-11T17:42:13","guid":{"rendered":"https:\/\/mawuartgallery.com\/?post_type=product&#038;p=11541"},"modified":"2026-01-17T10:46:53","modified_gmt":"2026-01-17T14:46:53","slug":"stronger-with-you","status":"publish","type":"product","link":"https:\/\/mawuartgallery.com\/fr\/produit\/stronger-with-you\/","title":{"rendered":"Plus fort avec toi"},"content":{"rendered":"<p>Cette \u0153uvre d'art t\u00e9moigne de l'id\u00e9e qu'ensemble, nous sommes plus que la somme de nos parties. Elle reconna\u00eet que nos luttes et nos triomphes individuels deviennent plus faciles et plus significatifs gr\u00e2ce \u00e0 la pr\u00e9sence des autres.<\/p>\n<p>&nbsp;<\/p>\n<p class=\"translation-block\">\u00ab <em>Plus fort avec toit<\/em> \u00bb nous encourage \u00e0 r\u00e9fl\u00e9chir aux relations qui, dans notre vie, nous apportent force, r\u00e9confort et joie. Que cette \u0153uvre nous incite \u00e0 entretenir ces liens, \u00e0 c\u00e9l\u00e9brer nos diff\u00e9rences et \u00e0 rester unis face aux d\u00e9fis de la vie.\u00a0<\/p>","protected":false},"excerpt":{"rendered":"<h6><strong>Artiste : <\/strong><a href=\"https:\/\/mawuartgallery.com\/fr\/portfolio-item\/linus-aba\/\"><strong><span style=\"color: #0000ff;\">LINUS ABA<\/span><\/strong><\/a><\/h6>\n<p>Acrylique sur toile<br \/>\n(78 x 78 cm \/ 31 x 31 po)<br \/>\nCr\u00e9\u00e9e en 2023<\/p>\n<p>&nbsp;<\/p>\n<h6>\ud83d\udd04Dans cette ench\u00e8re invers\u00e9e, le prix baisse quotidiennement\ud83d\udcc9. SOYEZ LE 1er ou la 1re \u00e0 atteindre le myst\u00e9rieux prix minimum de l'artiste\ud83c\udfafet l'\u0153uvre\ud83d\uddbc\ufe0f est \u00e0 vous! Ench\u00e9rissez avec audace!<\/h6>\n<p>&nbsp;<\/p>\n<p><strong>LIVRAISON GRATUITE POUR TOUTES LES COMMANDES<\/strong><\/p>","protected":false},"featured_media":11543,"comment_status":"open","ping_status":"closed","template":"","meta":{"nf_dc_page":""},"product_brand":[],"product_cat":[112,43],"product_tag":[32,34,42],"class_list":{"0":"post-11541","1":"product","2":"type-product","3":"status-publish","4":"has-post-thumbnail","6":"product_cat-acrylic","7":"product_cat-paintings","8":"product_tag-art","9":"product_tag-color","10":"product_tag-painting","11":"product_shipping_class-mailing-tube","13":"first","14":"instock","15":"sold-individually","16":"shipping-taxable","17":"purchasable","18":"product-type-auction"},"_links":{"self":[{"href":"https:\/\/mawuartgallery.com\/fr\/wp-json\/wp\/v2\/product\/11541","targetHints":{"allow":["GET"]}}],"collection":[{"href":"https:\/\/mawuartgallery.com\/fr\/wp-json\/wp\/v2\/product"}],"about":[{"href":"https:\/\/mawuartgallery.com\/fr\/wp-json\/wp\/v2\/types\/product"}],"replies":[{"embeddable":true,"href":"https:\/\/mawuartgallery.com\/fr\/wp-json\/wp\/v2\/comments?post=11541"}],"version-history":[{"count":1,"href":"https:\/\/mawuartgallery.com\/fr\/wp-json\/wp\/v2\/product\/11541\/revisions"}],"predecessor-version":[{"id":17411,"href":"https:\/\/mawuartgallery.com\/fr\/wp-json\/wp\/v2\/product\/11541\/revisions\/17411"}],"wp:featuredmedia":[{"embeddable":true,"href":"https:\/\/mawuartgallery.com\/fr\/wp-json\/wp\/v2\/media\/11543"}],"wp:attachment":[{"href":"https:\/\/mawuartgallery.com\/fr\/wp-json\/wp\/v2\/media?parent=11541"}],"wp:term":[{"taxonomy":"product_brand","embeddable":true,"href":"https:\/\/mawuartgallery.com\/fr\/wp-json\/wp\/v2\/product_brand?post=11541"},{"taxonomy":"product_cat","embeddable":true,"href":"https:\/\/mawuartgallery.com\/fr\/wp-json\/wp\/v2\/product_cat?post=11541"},{"taxonomy":"product_tag","embeddable":true,"href":"https:\/\/mawuartgallery.com\/fr\/wp-json\/wp\/v2\/product_tag?post=11541"}],"curies":[{"name":"wp","href":"https:\/\/api.w.org\/{rel}","templated":true}]}}