{"id":11540,"date":"2024-06-11T17:35:24","date_gmt":"2024-06-11T17:35:24","guid":{"rendered":"https:\/\/mawuartgallery.com\/?post_type=product&#038;p=11540"},"modified":"2026-01-17T10:48:28","modified_gmt":"2026-01-17T14:48:28","slug":"country-side","status":"publish","type":"product","link":"https:\/\/mawuartgallery.com\/fr\/produit\/country-side\/","title":{"rendered":"\u00c0 la campagne"},"content":{"rendered":"<p>Cette \u0153uvre ne se contente pas de repr\u00e9senter un lieu physique ; elle exprime \u00e9galement un \u00e9tat \u00e9motionnel. Elle capture le sentiment d\u2019\u00e9vasion, celui de laisser derri\u00e8re soi le stress et les pr\u00e9occupations quotidiennes, pour trouver du r\u00e9confort dans la beaut\u00e9 de la nature.<\/p>\n<p>&nbsp;<\/p>\n<p>\u00ab Dans la campagne \u00bb vise \u00e0 nous rappeler l'importance de ralentir, d'appr\u00e9cier les choses simples et de nous reconnecter avec la nature. L'\u0153uvre nous invite \u00e0 respirer profond\u00e9ment, \u00e0 nous d\u00e9tendre et \u00e0 laisser la s\u00e9r\u00e9nit\u00e9 de la campagne apaiser notre esprit.<\/p>","protected":false},"excerpt":{"rendered":"<h6><strong>Artiste : <\/strong><a href=\"https:\/\/mawuartgallery.com\/fr\/portfolio-item\/linus-aba\/\"><strong><span style=\"color: #0000ff;\">LINUS ABA<\/span><\/strong><\/a><\/h6>\n<p>Huile sur toile<br \/>\n(78 x 78 cm \/ 31 x 31 po)<br \/>\nCr\u00e9\u00e9e en 2024<\/p>\n<p>&nbsp;<\/p>\n<p><em>Cet article est soigneusement enroul\u00e9 et exp\u00e9di\u00e9 dans un tube d'exp\u00e9dition afin de garantir une livraison en toute s\u00e9curit\u00e9.<\/em><\/p>\n<p>&nbsp;<\/p>\n<p><strong><em>Pour nous assurer que l'\u0153uvre r\u00e9pond \u00e0 vos attentes, nous serions ravis de vous en fournir une vid\u00e9o en haute d\u00e9finition accompagn\u00e9e des commentaires de l'artiste, avant que vous ne proc\u00e9diez \u00e0 l'achat. Pour ce faire, il vous suffit de communiquer avec nous par courriel \u00e0 <a rel=\"noopener\">mawuartgallery@gmail.com<\/a> D\u00e8s r\u00e9ception de votre demande, nous vous ferons parvenir une ou plusieurs vid\u00e9os\/photos selon votre choix.<\/em><\/strong><\/p>\n<p>&nbsp;<\/p>\n<p><strong>LIVRAISON GRATUITE POUR TOUTES LES COMMANDES<\/strong><\/p>","protected":false},"featured_media":11539,"comment_status":"open","ping_status":"closed","template":"","meta":{"nf_dc_page":""},"product_brand":[],"product_cat":[70,43],"product_tag":[32,34,42],"class_list":{"0":"post-11540","1":"product","2":"type-product","3":"status-publish","4":"has-post-thumbnail","6":"product_cat-oil-painting","7":"product_cat-paintings","8":"product_tag-art","9":"product_tag-color","10":"product_tag-painting","11":"product_shipping_class-mailing-tube","13":"first","14":"instock","15":"shipping-taxable","16":"purchasable","17":"product-type-simple"},"_links":{"self":[{"href":"https:\/\/mawuartgallery.com\/fr\/wp-json\/wp\/v2\/product\/11540","targetHints":{"allow":["GET"]}}],"collection":[{"href":"https:\/\/mawuartgallery.com\/fr\/wp-json\/wp\/v2\/product"}],"about":[{"href":"https:\/\/mawuartgallery.com\/fr\/wp-json\/wp\/v2\/types\/product"}],"replies":[{"embeddable":true,"href":"https:\/\/mawuartgallery.com\/fr\/wp-json\/wp\/v2\/comments?post=11540"}],"version-history":[{"count":1,"href":"https:\/\/mawuartgallery.com\/fr\/wp-json\/wp\/v2\/product\/11540\/revisions"}],"predecessor-version":[{"id":17413,"href":"https:\/\/mawuartgallery.com\/fr\/wp-json\/wp\/v2\/product\/11540\/revisions\/17413"}],"wp:featuredmedia":[{"embeddable":true,"href":"https:\/\/mawuartgallery.com\/fr\/wp-json\/wp\/v2\/media\/11539"}],"wp:attachment":[{"href":"https:\/\/mawuartgallery.com\/fr\/wp-json\/wp\/v2\/media?parent=11540"}],"wp:term":[{"taxonomy":"product_brand","embeddable":true,"href":"https:\/\/mawuartgallery.com\/fr\/wp-json\/wp\/v2\/product_brand?post=11540"},{"taxonomy":"product_cat","embeddable":true,"href":"https:\/\/mawuartgallery.com\/fr\/wp-json\/wp\/v2\/product_cat?post=11540"},{"taxonomy":"product_tag","embeddable":true,"href":"https:\/\/mawuartgallery.com\/fr\/wp-json\/wp\/v2\/product_tag?post=11540"}],"curies":[{"name":"wp","href":"https:\/\/api.w.org\/{rel}","templated":true}]}}