{"id":11532,"date":"2024-06-11T17:11:06","date_gmt":"2024-06-11T17:11:06","guid":{"rendered":"https:\/\/mawuartgallery.com\/?post_type=product&#038;p=11532"},"modified":"2026-01-17T10:57:44","modified_gmt":"2026-01-17T14:57:44","slug":"in-place-of-wealth","status":"publish","type":"product","link":"https:\/\/mawuartgallery.com\/fr\/produit\/in-place-of-wealth\/","title":{"rendered":"Dans la richesse"},"content":{"rendered":"<p>Cette \u0153uvre saisissante pr\u00e9sente un portrait d'une beaut\u00e9 envo\u00fbtante d\u2019un personnage d\u00e9pourvu des signes ext\u00e9rieurs de richesse et de statut, mais qui d\u00e9gage une aura de dignit\u00e9 tranquille et de confiance.<\/p>\n<p>&nbsp;<\/p>\n<p>Gr\u00e2ce \u00e0 l'utilisation de couleurs ternes et de coups de pinceau audacieux, l'artiste parvient \u00e0 exprimer brillamment la tension entre les signes ext\u00e9rieurs de richesse et un profond sentiment de valeur personnelle.<\/p>\n<p>&nbsp;<\/p>\n<p class=\"translation-block\">En fin de compte, <em>Dans la richesse<\/em>  nous encourage \u00e0 r\u00e9examiner nos valeurs et nos priorit\u00e9s, \u00e0 r\u00e9fl\u00e9chir \u00e0 ce qui nous apporte vraiment l'\u00e9panouissement et le bonheur. S'agit-il de l'accumulation de richesses et de biens, ou de quelque chose de plus profond et de plus significatif?<\/p>\n<p>&nbsp;<\/p>\n<p>L'\u0153uvre nous invite \u00e0 r\u00e9fl\u00e9chir \u00e0 notre propre rapport \u00e0 la richesse et au mat\u00e9rialisme, et \u00e0 envisager la possibilit\u00e9 d'un mode de vie plus simple et plus authentique.<\/p>\n<p>&nbsp;<\/p>","protected":false},"excerpt":{"rendered":"<h6><strong>Artiste : <\/strong><a href=\"https:\/\/mawuartgallery.com\/fr\/portfolio-item\/linus-aba\/\"><strong><span style=\"color: #0000ff;\">LINUS ABA<\/span><\/strong><\/a><\/h6>\n<p>Huile sur toile<br \/>\n(78 x 78 cm \/ 31 x 31 po)<br \/>\nCr\u00e9\u00e9e en 2024<\/p>\n<p>&nbsp;<\/p>\n<p><em>Cet article est soigneusement enroul\u00e9 et exp\u00e9di\u00e9 dans un tube d'exp\u00e9dition afin de garantir une livraison en toute s\u00e9curit\u00e9.<\/em><\/p>\n<p>&nbsp;<\/p>\n<p><strong><em>Pour nous assurer que l'\u0153uvre r\u00e9pond \u00e0 vos attentes, nous serions ravis de vous en fournir une vid\u00e9o en haute d\u00e9finition accompagn\u00e9e des commentaires de l'artiste, avant que vous ne proc\u00e9diez \u00e0 l'achat. Pour ce faire, il vous suffit de communiquer avec nous par courriel \u00e0 <a rel=\"noopener\">mawuartgallery@gmail.com<\/a> D\u00e8s r\u00e9ception de votre demande, nous vous ferons parvenir une ou plusieurs vid\u00e9os\/photos selon votre choix.<\/em><\/strong><\/p>\n<p>&nbsp;<\/p>\n<p><strong>LIVRAISON GRATUITE POUR TOUTES LES COMMANDES<\/strong><\/p>","protected":false},"featured_media":12438,"comment_status":"open","ping_status":"closed","template":"","meta":{"nf_dc_page":""},"product_brand":[],"product_cat":[70,43],"product_tag":[32,34,42],"class_list":{"0":"post-11532","1":"product","2":"type-product","3":"status-publish","4":"has-post-thumbnail","6":"product_cat-oil-painting","7":"product_cat-paintings","8":"product_tag-art","9":"product_tag-color","10":"product_tag-painting","11":"product_shipping_class-mailing-tube","13":"first","14":"instock","15":"shipping-taxable","16":"purchasable","17":"product-type-simple"},"_links":{"self":[{"href":"https:\/\/mawuartgallery.com\/fr\/wp-json\/wp\/v2\/product\/11532","targetHints":{"allow":["GET"]}}],"collection":[{"href":"https:\/\/mawuartgallery.com\/fr\/wp-json\/wp\/v2\/product"}],"about":[{"href":"https:\/\/mawuartgallery.com\/fr\/wp-json\/wp\/v2\/types\/product"}],"replies":[{"embeddable":true,"href":"https:\/\/mawuartgallery.com\/fr\/wp-json\/wp\/v2\/comments?post=11532"}],"version-history":[{"count":1,"href":"https:\/\/mawuartgallery.com\/fr\/wp-json\/wp\/v2\/product\/11532\/revisions"}],"predecessor-version":[{"id":17421,"href":"https:\/\/mawuartgallery.com\/fr\/wp-json\/wp\/v2\/product\/11532\/revisions\/17421"}],"wp:featuredmedia":[{"embeddable":true,"href":"https:\/\/mawuartgallery.com\/fr\/wp-json\/wp\/v2\/media\/12438"}],"wp:attachment":[{"href":"https:\/\/mawuartgallery.com\/fr\/wp-json\/wp\/v2\/media?parent=11532"}],"wp:term":[{"taxonomy":"product_brand","embeddable":true,"href":"https:\/\/mawuartgallery.com\/fr\/wp-json\/wp\/v2\/product_brand?post=11532"},{"taxonomy":"product_cat","embeddable":true,"href":"https:\/\/mawuartgallery.com\/fr\/wp-json\/wp\/v2\/product_cat?post=11532"},{"taxonomy":"product_tag","embeddable":true,"href":"https:\/\/mawuartgallery.com\/fr\/wp-json\/wp\/v2\/product_tag?post=11532"}],"curies":[{"name":"wp","href":"https:\/\/api.w.org\/{rel}","templated":true}]}}